{"id":79409,"date":"2022-12-16T11:11:16","date_gmt":"2022-12-16T10:11:16","guid":{"rendered":"https:\/\/whisky.ad\/whisky\/mackmyra\/"},"modified":"2023-12-14T19:45:39","modified_gmt":"2023-12-14T18:45:39","slug":"mackmyra","status":"publish","type":"page","link":"https:\/\/whisky.ad\/es\/whisky\/mackmyra\/","title":{"rendered":"Mackmyra"},"content":{"rendered":"[vc_row type=&#8221;container&#8221; padding_top=&#8221;&#8221; padding_bottom=&#8221;&#8221;][vc_column][vc_single_image image=&#8221;75293&#8243; img_size=&#8221;medium&#8221; alignment=&#8221;center&#8221;][vc_column_text]<strong>El nacimiento del whisky sueco: una visi\u00f3n colectiva<\/strong><\/p>\n<p>En 1998, un grupo de ocho amigos se encontraron en una remota caba\u00f1a de monta\u00f1a y tuvieron una idea que cambiar\u00eda para siempre el panorama del whisky sueco. Unidos por sus estudios de ingenier\u00eda y la tradici\u00f3n anual de reunirse en S\u00e4len, estos amigos forjaron una conexi\u00f3n \u00fanica. Este a\u00f1o, por casualidad, cada uno trajo consigo una botella de whisky. En medio de su camarader\u00eda, surgi\u00f3 una pregunta: \u00bfPor qu\u00e9 no hab\u00eda un whisky de malta sueco? Y si era concebible, \u00bfpor qu\u00e9 nadie se hab\u00eda aventurado en este territorio? La pregunta perdur\u00f3 y acab\u00f3 convirti\u00e9ndose en una ambici\u00f3n pionera: elaborar el primer whisky de malta sueco. El a\u00f1o siguiente, 1999, se fund\u00f3 Mackmyra Svensk Whisky    <\/p>\n<p><strong>Una sinfon\u00eda sueca en cada sorbo<\/strong><\/p>\n<p>Desde el principio, Mackmyra persigui\u00f3 firmemente la creaci\u00f3n de un whisky intr\u00ednsecamente sueco. El viaje comenz\u00f3 con cebada de origen local, agua de manantial y roble sueco aut\u00f3ctono. Un descubrimiento fortuito llev\u00f3 al desarrollo de una barrica de 30 litros, un recipiente m\u00e1s peque\u00f1o que permite una maduraci\u00f3n m\u00e1s intensa. Incluso la receta ahumada lleva una firma sueca distintiva, ya que la cebada malteada se ah\u00fama a mano con turba y ramas de enebro cosechadas localmente. En el proceso de envejecimiento se produjo un giro iconoclasta. El whisky encontr\u00f3 su morada en la antigua mina de Bod\u00e5s, situada a 50 metros bajo tierra, a poca distancia de la destiler\u00eda   <\/p>\n<p><strong>Armonizar tradici\u00f3n e innovaci\u00f3n: La destiler\u00eda Gravity<\/strong><\/p>\n<p>La revolucionaria Destiler\u00eda Gravity, encarnaci\u00f3n del compromiso de Mackmyra con la modernidad y la responsabilidad medioambiental, se materializ\u00f3 en 2011. Con 35 metros de altura, el propio dise\u00f1o del edificio refleja la esencia de Mackmyra: l\u00fadica, sensual y centrada en la calidad. Esta maravilla arquitect\u00f3nica utiliza la gravedad en todas las fases de la producci\u00f3n del whisky, desde la materia prima hasta el producto final. Funciona en armon\u00eda con la naturaleza, utilizando calderas de biogranulado y pr\u00e1cticas de reciclaje eficientes. Incluso los residuos, como la paja de cebada, encuentran una utilidad en las tradiciones locales. <\/p>\n<p><strong>Una sinfon\u00eda de elementos:<\/strong><\/p>\n<p>La b\u00fasqueda de la excelencia en el whisky de Mackmyra se basa en tres elementos fundamentales: cebada, agua y levadura. La cebada, procedente de granjas suecas, se transporta con cuidado para minimizar el impacto ambiental. El agua pr\u00edstina del r\u00edo de guijarros de la finca, tratada con luz ultravioleta, a\u00f1ade su toque. Se aprovecha la gravedad para guiar el viaje desde el grano hasta la bebida espirituosa, y cada etapa se beneficia de las fuerzas naturales   <\/p>\n<p><strong>Legado sostenible:<\/strong><\/p>\n<p>El compromiso de Mackmyra va m\u00e1s all\u00e1 de las paredes de la destiler\u00eda. La marca adopta la trazabilidad, garantizando que cada botella pueda vincularse a su lote. La cebada malteada se elabora meticulosamente y se ah\u00fama con turba local y ramitas de enebro. Las aguas residuales se devuelven a la caldera de biopellet, el reciclaje en su esencia. El legado innovador de Mackmyra prospera en cada sorbo, testimonio del poder de la visi\u00f3n colectiva y la innovaci\u00f3n sostenible.[\/vc_column_text][\/vc_column][\/vc_row][vc_section][vc_row type=&#8221;container&#8221; padding_top=&#8221;&#8221; padding_bottom=&#8221;&#8221;][vc_column]<div class=\"woocommerce columns-3 \"><ul class=\"products columns-3\">\n<li class=\"product type-product post-78928 status-publish first instock product_cat-whisky-by-brand product_cat-mackmyra-es product_cat-sweden-es has-post-thumbnail taxable shipping-taxable purchasable product-type-simple\">\n\t<a href=\"https:\/\/whisky.ad\/es\/producto\/mackmyra-svensk-rok-amerikansk-ek-single-malt\/\" class=\"woocommerce-LoopProduct-link woocommerce-loop-product__link\"><img loading=\"lazy\" decoding=\"async\" width=\"300\" height=\"300\" src=\"https:\/\/whisky.ad\/wp-content\/uploads\/2019\/06\/svenskrok2-amerikanskek-1-675x750-300x300.jpg\" class=\"attachment-woocommerce_thumbnail size-woocommerce_thumbnail\" alt=\"MACKMYRA SVENSK ROK\/AMERIKANSK EK SINGLE MALT\" srcset=\"https:\/\/whisky.ad\/wp-content\/uploads\/2019\/06\/svenskrok2-amerikanskek-1-675x750-300x300.jpg 300w, https:\/\/whisky.ad\/wp-content\/uploads\/2019\/06\/svenskrok2-amerikanskek-1-675x750-500x500.jpg 500w, https:\/\/whisky.ad\/wp-content\/uploads\/2019\/06\/svenskrok2-amerikanskek-1-675x750-100x100.jpg 100w, https:\/\/whisky.ad\/wp-content\/uploads\/2019\/06\/svenskrok2-amerikanskek-1-675x750-150x150.jpg 150w, https:\/\/whisky.ad\/wp-content\/uploads\/2019\/06\/svenskrok2-amerikanskek-1-675x750-768x768.jpg 768w, https:\/\/whisky.ad\/wp-content\/uploads\/2019\/06\/svenskrok2-amerikanskek-1-675x750-1024x1024.jpg 1024w\" sizes=\"auto, (max-width: 300px) 100vw, 300px\" \/><h2 class=\"woocommerce-loop-product__title\">MACKMYRA SVENSK ROK\/AMERIKANSK EK SINGLE MALT<\/h2>\n\t<span class=\"price\"><span class=\"woocommerce-Price-amount amount\"><bdi><span class=\"woocommerce-Price-currencySymbol\">&euro;<\/span>42.95<\/bdi><\/span><\/span>\n<\/a><a href=\"\/es\/wp-json\/wp\/v2\/pages\/79409?add-to-cart=78928\" aria-describedby=\"woocommerce_loop_add_to_cart_link_describedby_78928\" data-quantity=\"1\" class=\"button product_type_simple add_to_cart_button ajax_add_to_cart\" data-product_id=\"78928\" data-product_sku=\"\" aria-label=\"A\u00f1adir al carrito: &ldquo;MACKMYRA SVENSK ROK\/AMERIKANSK EK SINGLE MALT&rdquo;\" rel=\"nofollow\" data-success_message=\"\u00abMACKMYRA SVENSK ROK\/AMERIKANSK EK SINGLE MALT\u00bb se ha a\u00f1adido a tu carrito\" title=\"Minimum qty is 1\">A\u00f1adir al carrito<\/a>\t<span id=\"woocommerce_loop_add_to_cart_link_describedby_78928\" class=\"screen-reader-text\">\n\t\t\t<\/span>\n<\/li>\n<li class=\"product type-product post-79238 status-publish instock product_cat-whisky-by-brand product_cat-mackmyra-es product_cat-sweden-es has-post-thumbnail taxable shipping-taxable purchasable product-type-simple\">\n\t<a href=\"https:\/\/whisky.ad\/es\/producto\/mackmyra-whisky-svensk-rok\/\" class=\"woocommerce-LoopProduct-link woocommerce-loop-product__link\"><img loading=\"lazy\" decoding=\"async\" width=\"300\" height=\"300\" src=\"https:\/\/whisky.ad\/wp-content\/uploads\/2018\/11\/mackmyra-svenskrok-300x300.jpg\" class=\"attachment-woocommerce_thumbnail size-woocommerce_thumbnail\" alt=\"MACKMYRA WHISKY SVENSK R\u00d6K\" srcset=\"https:\/\/whisky.ad\/wp-content\/uploads\/2018\/11\/mackmyra-svenskrok-300x300.jpg 300w, https:\/\/whisky.ad\/wp-content\/uploads\/2018\/11\/mackmyra-svenskrok-500x500.jpg 500w, https:\/\/whisky.ad\/wp-content\/uploads\/2018\/11\/mackmyra-svenskrok-100x100.jpg 100w, https:\/\/whisky.ad\/wp-content\/uploads\/2018\/11\/mackmyra-svenskrok-150x150.jpg 150w, https:\/\/whisky.ad\/wp-content\/uploads\/2018\/11\/mackmyra-svenskrok-768x768.jpg 768w, https:\/\/whisky.ad\/wp-content\/uploads\/2018\/11\/mackmyra-svenskrok-1024x1024.jpg 1024w\" sizes=\"auto, (max-width: 300px) 100vw, 300px\" \/><h2 class=\"woocommerce-loop-product__title\">MACKMYRA WHISKY SVENSK R\u00d6K<\/h2>\n\t<span class=\"price\"><span class=\"woocommerce-Price-amount amount\"><bdi><span class=\"woocommerce-Price-currencySymbol\">&euro;<\/span>34.95<\/bdi><\/span><\/span>\n<\/a><a href=\"\/es\/wp-json\/wp\/v2\/pages\/79409?add-to-cart=79238\" aria-describedby=\"woocommerce_loop_add_to_cart_link_describedby_79238\" data-quantity=\"1\" class=\"button product_type_simple add_to_cart_button ajax_add_to_cart\" data-product_id=\"79238\" data-product_sku=\"\" aria-label=\"A\u00f1adir al carrito: &ldquo;MACKMYRA WHISKY SVENSK R\u00d6K&rdquo;\" rel=\"nofollow\" data-success_message=\"\u00abMACKMYRA WHISKY SVENSK R\u00d6K\u00bb se ha a\u00f1adido a tu carrito\" title=\"Minimum qty is 1\">A\u00f1adir al carrito<\/a>\t<span id=\"woocommerce_loop_add_to_cart_link_describedby_79238\" class=\"screen-reader-text\">\n\t\t\t<\/span>\n<\/li>\n<li class=\"product type-product post-79235 status-publish last outofstock product_cat-whisky-by-brand product_cat-mackmyra-es product_cat-sweden-es product_tag-swedish-es product_tag-mackmyra-es product_tag-single-malt-es has-post-thumbnail taxable shipping-taxable purchasable product-type-simple\">\n\t<a href=\"https:\/\/whisky.ad\/es\/producto\/mackmyra-motorhead-whisky-700ml-40-vol\/\" class=\"woocommerce-LoopProduct-link woocommerce-loop-product__link\"><img loading=\"lazy\" decoding=\"async\" width=\"300\" height=\"300\" src=\"https:\/\/whisky.ad\/wp-content\/uploads\/2018\/11\/motorhead-whisky-1-300x300.png\" class=\"attachment-woocommerce_thumbnail size-woocommerce_thumbnail\" alt=\"MACKMYRA MOT\u00d6RHEAD WHISKY (700ml 40% vol.)\" srcset=\"https:\/\/whisky.ad\/wp-content\/uploads\/2018\/11\/motorhead-whisky-1-300x300.png 300w, https:\/\/whisky.ad\/wp-content\/uploads\/2018\/11\/motorhead-whisky-1-500x500.png 500w, https:\/\/whisky.ad\/wp-content\/uploads\/2018\/11\/motorhead-whisky-1-100x100.png 100w, https:\/\/whisky.ad\/wp-content\/uploads\/2018\/11\/motorhead-whisky-1-150x150.png 150w, https:\/\/whisky.ad\/wp-content\/uploads\/2018\/11\/motorhead-whisky-1-768x768.png 768w, https:\/\/whisky.ad\/wp-content\/uploads\/2018\/11\/motorhead-whisky-1-1024x1024.png 1024w\" sizes=\"auto, (max-width: 300px) 100vw, 300px\" \/><span class=\"out-of-stock-label\" style=\"color:red; font-weight:bold; margin-left:10px;\">Out of stock<\/span><h2 class=\"woocommerce-loop-product__title\">MACKMYRA MOT\u00d6RHEAD WHISKY (700ml 40% vol.)<\/h2>\n\t<span class=\"price\"><span class=\"woocommerce-Price-amount amount\"><bdi><span class=\"woocommerce-Price-currencySymbol\">&euro;<\/span>65.90<\/bdi><\/span><\/span>\n<\/a><a href=\"https:\/\/whisky.ad\/es\/producto\/mackmyra-motorhead-whisky-700ml-40-vol\/\" aria-describedby=\"woocommerce_loop_add_to_cart_link_describedby_79235\" data-quantity=\"1\" class=\"button product_type_simple\" data-product_id=\"79235\" data-product_sku=\"7350029669072\" aria-label=\"Lee m\u00e1s sobre &ldquo;MACKMYRA MOT\u00d6RHEAD WHISKY (700ml 40% vol.)&rdquo;\" rel=\"nofollow\" data-success_message=\"\" title=\"Minimum qty is 1\">Leer m\u00e1s<\/a>\t<span id=\"woocommerce_loop_add_to_cart_link_describedby_79235\" class=\"screen-reader-text\">\n\t\t\t<\/span>\n<\/li>\n<li class=\"product type-product post-78931 status-publish first outofstock product_cat-whisky-by-brand product_cat-mackmyra-es product_cat-sweden-es has-post-thumbnail taxable shipping-taxable purchasable product-type-simple\">\n\t<a href=\"https:\/\/whisky.ad\/es\/producto\/mackmyra-vintersol-swedish-single-malt\/\" class=\"woocommerce-LoopProduct-link woocommerce-loop-product__link\"><img loading=\"lazy\" decoding=\"async\" width=\"300\" height=\"300\" src=\"https:\/\/whisky.ad\/wp-content\/uploads\/2020\/01\/vintersol-package-composite-1-696x750-300x300.png\" class=\"attachment-woocommerce_thumbnail size-woocommerce_thumbnail\" alt=\"Mackmyra Vintersol Swedish Single Malt\" srcset=\"https:\/\/whisky.ad\/wp-content\/uploads\/2020\/01\/vintersol-package-composite-1-696x750-300x300.png 300w, https:\/\/whisky.ad\/wp-content\/uploads\/2020\/01\/vintersol-package-composite-1-696x750-500x500.png 500w, https:\/\/whisky.ad\/wp-content\/uploads\/2020\/01\/vintersol-package-composite-1-696x750-100x100.png 100w, https:\/\/whisky.ad\/wp-content\/uploads\/2020\/01\/vintersol-package-composite-1-696x750-150x150.png 150w, https:\/\/whisky.ad\/wp-content\/uploads\/2020\/01\/vintersol-package-composite-1-696x750-768x768.png 768w, https:\/\/whisky.ad\/wp-content\/uploads\/2020\/01\/vintersol-package-composite-1-696x750-1024x1024.png 1024w\" sizes=\"auto, (max-width: 300px) 100vw, 300px\" \/><span class=\"out-of-stock-label\" style=\"color:red; font-weight:bold; margin-left:10px;\">Out of stock<\/span><h2 class=\"woocommerce-loop-product__title\">Mackmyra Vintersol Swedish Single Malt<\/h2>\n\t<span class=\"price\"><span class=\"woocommerce-Price-amount amount\"><bdi><span class=\"woocommerce-Price-currencySymbol\">&euro;<\/span>49.95<\/bdi><\/span><\/span>\n<\/a><a href=\"https:\/\/whisky.ad\/es\/producto\/mackmyra-vintersol-swedish-single-malt\/\" aria-describedby=\"woocommerce_loop_add_to_cart_link_describedby_78931\" data-quantity=\"1\" class=\"button product_type_simple\" data-product_id=\"78931\" data-product_sku=\"\" aria-label=\"Lee m\u00e1s sobre &ldquo;Mackmyra Vintersol Swedish Single Malt&rdquo;\" rel=\"nofollow\" data-success_message=\"\" title=\"Minimum qty is 1\">Leer m\u00e1s<\/a>\t<span id=\"woocommerce_loop_add_to_cart_link_describedby_78931\" class=\"screen-reader-text\">\n\t\t\t<\/span>\n<\/li>\n<li class=\"product type-product post-78922 status-publish instock product_cat-whisky-by-brand product_cat-mackmyra-es product_cat-sweden-es has-post-thumbnail taxable shipping-taxable purchasable product-type-simple\">\n\t<a href=\"https:\/\/whisky.ad\/es\/producto\/mackmyra-moment-prestige-swedish-single-malt\/\" class=\"woocommerce-LoopProduct-link woocommerce-loop-product__link\"><img loading=\"lazy\" decoding=\"async\" width=\"300\" height=\"300\" src=\"https:\/\/whisky.ad\/wp-content\/uploads\/2020\/01\/momentprestige-giftboxflaska-587x750-300x300.jpg\" class=\"attachment-woocommerce_thumbnail size-woocommerce_thumbnail\" alt=\"Mackmyra Moment Prestige Swedish Single Malt\" srcset=\"https:\/\/whisky.ad\/wp-content\/uploads\/2020\/01\/momentprestige-giftboxflaska-587x750-300x300.jpg 300w, https:\/\/whisky.ad\/wp-content\/uploads\/2020\/01\/momentprestige-giftboxflaska-587x750-500x500.jpg 500w, https:\/\/whisky.ad\/wp-content\/uploads\/2020\/01\/momentprestige-giftboxflaska-587x750-100x100.jpg 100w, https:\/\/whisky.ad\/wp-content\/uploads\/2020\/01\/momentprestige-giftboxflaska-587x750-150x150.jpg 150w, https:\/\/whisky.ad\/wp-content\/uploads\/2020\/01\/momentprestige-giftboxflaska-587x750-768x768.jpg 768w, https:\/\/whisky.ad\/wp-content\/uploads\/2020\/01\/momentprestige-giftboxflaska-587x750-1024x1024.jpg 1024w\" sizes=\"auto, (max-width: 300px) 100vw, 300px\" \/><h2 class=\"woocommerce-loop-product__title\">Mackmyra Moment Prestige Swedish Single Malt<\/h2>\n\t<span class=\"price\"><span class=\"woocommerce-Price-amount amount\"><bdi><span class=\"woocommerce-Price-currencySymbol\">&euro;<\/span>99.95<\/bdi><\/span><\/span>\n<\/a><a href=\"\/es\/wp-json\/wp\/v2\/pages\/79409?add-to-cart=78922\" aria-describedby=\"woocommerce_loop_add_to_cart_link_describedby_78922\" data-quantity=\"1\" class=\"button product_type_simple add_to_cart_button ajax_add_to_cart\" data-product_id=\"78922\" data-product_sku=\"\" aria-label=\"A\u00f1adir al carrito: &ldquo;Mackmyra Moment Prestige Swedish Single Malt&rdquo;\" rel=\"nofollow\" data-success_message=\"\u00abMackmyra Moment Prestige Swedish Single Malt\u00bb se ha a\u00f1adido a tu carrito\" title=\"Minimum qty is 1\">A\u00f1adir al carrito<\/a>\t<span id=\"woocommerce_loop_add_to_cart_link_describedby_78922\" class=\"screen-reader-text\">\n\t\t\t<\/span>\n<\/li>\n<li class=\"product type-product post-78919 status-publish last instock product_cat-whisky-by-brand product_cat-mackmyra-es product_cat-sweden-es has-post-thumbnail taxable shipping-taxable purchasable product-type-simple\">\n\t<a href=\"https:\/\/whisky.ad\/es\/producto\/mackmyra-moment-karibien-swedish-single-malt\/\" class=\"woocommerce-LoopProduct-link woocommerce-loop-product__link\"><img loading=\"lazy\" decoding=\"async\" width=\"300\" height=\"300\" src=\"https:\/\/whisky.ad\/wp-content\/uploads\/2020\/01\/Mackmyra-moment-karibien-1-300x300.png\" class=\"attachment-woocommerce_thumbnail size-woocommerce_thumbnail\" alt=\"Mackmyra Moment Karibien Swedish Single Malt\" srcset=\"https:\/\/whisky.ad\/wp-content\/uploads\/2020\/01\/Mackmyra-moment-karibien-1-300x300.png 300w, https:\/\/whisky.ad\/wp-content\/uploads\/2020\/01\/Mackmyra-moment-karibien-1-500x500.png 500w, https:\/\/whisky.ad\/wp-content\/uploads\/2020\/01\/Mackmyra-moment-karibien-1-100x100.png 100w, https:\/\/whisky.ad\/wp-content\/uploads\/2020\/01\/Mackmyra-moment-karibien-1-150x150.png 150w, https:\/\/whisky.ad\/wp-content\/uploads\/2020\/01\/Mackmyra-moment-karibien-1-1024x1024.png 1024w\" sizes=\"auto, (max-width: 300px) 100vw, 300px\" \/><h2 class=\"woocommerce-loop-product__title\">Mackmyra Moment Karibien Swedish Single Malt<\/h2>\n\t<span class=\"price\"><span class=\"woocommerce-Price-amount amount\"><bdi><span class=\"woocommerce-Price-currencySymbol\">&euro;<\/span>99.95<\/bdi><\/span><\/span>\n<\/a><a href=\"\/es\/wp-json\/wp\/v2\/pages\/79409?add-to-cart=78919\" aria-describedby=\"woocommerce_loop_add_to_cart_link_describedby_78919\" data-quantity=\"1\" class=\"button product_type_simple add_to_cart_button ajax_add_to_cart\" data-product_id=\"78919\" data-product_sku=\"\" aria-label=\"A\u00f1adir al carrito: &ldquo;Mackmyra Moment Karibien Swedish Single Malt&rdquo;\" rel=\"nofollow\" data-success_message=\"\u00abMackmyra Moment Karibien Swedish Single Malt\u00bb se ha a\u00f1adido a tu carrito\" title=\"Minimum qty is 1\">A\u00f1adir al carrito<\/a>\t<span id=\"woocommerce_loop_add_to_cart_link_describedby_78919\" class=\"screen-reader-text\">\n\t\t\t<\/span>\n<\/li>\n<li class=\"product type-product post-78915 status-publish first outofstock product_cat-whisky-by-brand product_cat-mackmyra-es product_cat-sweden-es has-post-thumbnail taxable shipping-taxable purchasable product-type-simple\">\n\t<a href=\"https:\/\/whisky.ad\/es\/producto\/mackmyra-gruvguld-swedish-single-malt\/\" class=\"woocommerce-LoopProduct-link woocommerce-loop-product__link\"><img loading=\"lazy\" decoding=\"async\" width=\"300\" height=\"300\" src=\"https:\/\/whisky.ad\/wp-content\/uploads\/2020\/01\/gruvguld-fo\u0308rpackning-mackmyra-1-768x995-300x300.jpg\" class=\"attachment-woocommerce_thumbnail size-woocommerce_thumbnail\" alt=\"Mackmyra Gruvguld Swedish Single Malt\" srcset=\"https:\/\/whisky.ad\/wp-content\/uploads\/2020\/01\/gruvguld-fo\u0308rpackning-mackmyra-1-768x995-300x300.jpg 300w, https:\/\/whisky.ad\/wp-content\/uploads\/2020\/01\/gruvguld-fo\u0308rpackning-mackmyra-1-768x995-500x500.jpg 500w, https:\/\/whisky.ad\/wp-content\/uploads\/2020\/01\/gruvguld-fo\u0308rpackning-mackmyra-1-768x995-100x100.jpg 100w, https:\/\/whisky.ad\/wp-content\/uploads\/2020\/01\/gruvguld-fo\u0308rpackning-mackmyra-1-768x995-150x150.jpg 150w, https:\/\/whisky.ad\/wp-content\/uploads\/2020\/01\/gruvguld-fo\u0308rpackning-mackmyra-1-768x995-768x768.jpg 768w, https:\/\/whisky.ad\/wp-content\/uploads\/2020\/01\/gruvguld-fo\u0308rpackning-mackmyra-1-768x995-1024x1024.jpg 1024w\" sizes=\"auto, (max-width: 300px) 100vw, 300px\" \/><span class=\"out-of-stock-label\" style=\"color:red; font-weight:bold; margin-left:10px;\">Out of stock<\/span><h2 class=\"woocommerce-loop-product__title\">Mackmyra Gruvguld Swedish Single Malt<\/h2>\n\t<span class=\"price\"><span class=\"woocommerce-Price-amount amount\"><bdi><span class=\"woocommerce-Price-currencySymbol\">&euro;<\/span>49.95<\/bdi><\/span><\/span>\n<\/a><a href=\"https:\/\/whisky.ad\/es\/producto\/mackmyra-gruvguld-swedish-single-malt\/\" aria-describedby=\"woocommerce_loop_add_to_cart_link_describedby_78915\" data-quantity=\"1\" class=\"button product_type_simple\" data-product_id=\"78915\" data-product_sku=\"\" aria-label=\"Lee m\u00e1s sobre &ldquo;Mackmyra Gruvguld Swedish Single Malt&rdquo;\" rel=\"nofollow\" data-success_message=\"\" title=\"Minimum qty is 1\">Leer m\u00e1s<\/a>\t<span id=\"woocommerce_loop_add_to_cart_link_describedby_78915\" class=\"screen-reader-text\">\n\t\t\t<\/span>\n<\/li>\n<\/ul>\n<\/div>[\/vc_column][\/vc_row][\/vc_section]\n","protected":false},"excerpt":{"rendered":"<p>[vc_row type=&#8221;container&#8221; padding_top=&#8221;&#8221; padding_bottom=&#8221;&#8221;][vc_column][vc_single_image image=&#8221;75293&#8243; img_size=&#8221;medium&#8221; alignment=&#8221;center&#8221;][vc_column_text]El nacimiento del whisky sueco: una visi\u00f3n colectiva En 1998, un grupo de ocho amigos se encontraron en una remota caba\u00f1a de monta\u00f1a y tuvieron una idea que cambiar\u00eda para siempre el panorama del whisky sueco. Unidos por sus estudios de ingenier\u00eda y la tradici\u00f3n anual de reunirse en [&hellip;]<\/p>\n","protected":false},"author":1,"featured_media":75854,"parent":79248,"menu_order":0,"comment_status":"closed","ping_status":"closed","template":"page-full-width.php","meta":{"_acf_changed":false,"footnotes":""},"class_list":["post-79409","page","type-page","status-publish","has-post-thumbnail","hentry"],"acf":[],"aioseo_notices":[],"jetpack_sharing_enabled":true,"jetpack_shortlink":"https:\/\/wp.me\/PemYjf-kEN","_links":{"self":[{"href":"https:\/\/whisky.ad\/es\/wp-json\/wp\/v2\/pages\/79409","targetHints":{"allow":["GET"]}}],"collection":[{"href":"https:\/\/whisky.ad\/es\/wp-json\/wp\/v2\/pages"}],"about":[{"href":"https:\/\/whisky.ad\/es\/wp-json\/wp\/v2\/types\/page"}],"author":[{"embeddable":true,"href":"https:\/\/whisky.ad\/es\/wp-json\/wp\/v2\/users\/1"}],"replies":[{"embeddable":true,"href":"https:\/\/whisky.ad\/es\/wp-json\/wp\/v2\/comments?post=79409"}],"version-history":[{"count":3,"href":"https:\/\/whisky.ad\/es\/wp-json\/wp\/v2\/pages\/79409\/revisions"}],"predecessor-version":[{"id":79412,"href":"https:\/\/whisky.ad\/es\/wp-json\/wp\/v2\/pages\/79409\/revisions\/79412"}],"up":[{"embeddable":true,"href":"https:\/\/whisky.ad\/es\/wp-json\/wp\/v2\/pages\/79248"}],"wp:featuredmedia":[{"embeddable":true,"href":"https:\/\/whisky.ad\/es\/wp-json\/wp\/v2\/media\/75854"}],"wp:attachment":[{"href":"https:\/\/whisky.ad\/es\/wp-json\/wp\/v2\/media?parent=79409"}],"curies":[{"name":"wp","href":"https:\/\/api.w.org\/{rel}","templated":true}]}}