{"id":79385,"date":"2022-12-04T11:33:23","date_gmt":"2022-12-04T10:33:23","guid":{"rendered":"https:\/\/whisky.ad\/whisky\/littlemill\/"},"modified":"2023-12-14T18:33:27","modified_gmt":"2023-12-14T17:33:27","slug":"littlemill","status":"publish","type":"page","link":"https:\/\/whisky.ad\/es\/whisky\/littlemill\/","title":{"rendered":"LittleMill"},"content":{"rendered":"[vc_row type=&#8221;container&#8221; padding_top=&#8221;&#8221; padding_bottom=&#8221;&#8221;][vc_column width=&#8221;1\/2&#8243;][vc_column_text]<strong>La verdadera historia de la destiler\u00eda Littlemill: Un viaje en el tiempo<\/strong><\/p>\n<p><strong>Hace m\u00e1s de dos siglos&#8230;<\/strong><\/p>\n<p>La historia de la destiler\u00eda Littlemill se remonta a hace m\u00e1s de dos siglos, en el a\u00f1o 1750, cuando Archibald Buchanan adquiri\u00f3 a su hermano Andrew la finca Auchentorlie, situada cerca de las orillas de Loch Lomond. Junto con esta finca vino una f\u00e1brica de cerveza conocida como Littlemill. Esta adquisici\u00f3n marc\u00f3 el comienzo de un extraordinario viaje que dar\u00eda forma a la historia del whisky escoc\u00e9s.  <\/p>\n<p><strong>La visi\u00f3n de los Buchanan<\/strong><\/p>\n<p>En el siglo XV, la cerveza era una bebida popular, y la f\u00e1brica de Auchentorlie suministraba bebidas a varios clientes, entre ellos los monjes de la cercana abad\u00eda de Paisley. Sin embargo, Archibald y George Buchanan aspiraban a m\u00e1s. Aspiraban a crear algo m\u00e1s intrincado y valioso. En 1772, lograron establecer la primera destiler\u00eda de whisky autorizada de Escocia, siendo pioneros de un legado que perdura hasta nuestros d\u00edas.   <\/p>\n<p><strong>El nacimiento de la destiler\u00eda<\/strong><\/p>\n<p>En 1772, los Buchanan no s\u00f3lo hab\u00edan logrado su objetivo, sino que tambi\u00e9n hab\u00edan construido alojamientos para los funcionarios de Hacienda junto a la destiler\u00eda. Estos funcionarios se encargaban de documentar y gravar el proceso de destilaci\u00f3n. Esto indica que la destilaci\u00f3n podr\u00eda haber tenido lugar de forma no oficial incluso antes del establecimiento oficial de la destiler\u00eda en 1772. La cervecer\u00eda asociada al castillo de Dunglass, en las cercan\u00edas, podr\u00eda haber estado produciendo licor ya en el siglo XIV.   <\/p>\n<p><strong>La primera licencia y m\u00e1s all\u00e1<\/strong><\/p>\n<p>El 2 de noviembre de 1773, el gobierno del rey Jorge III concedi\u00f3 a Robert Muir, de Littlemiln, la licencia inaugural para vender al por menor cerveza y otros licores. Durante m\u00e1s de dos siglos, la fecha &#8220;1772&#8221; estuvo orgullosamente grabada en el front\u00f3n de un almac\u00e9n, simbolizando la fundaci\u00f3n de Littlemill. Sin embargo, en 1994, la destiler\u00eda dej\u00f3 de funcionar y sus alambiques enmudecieron.   Los restos de la destiler\u00eda fueron finalmente destruidos por un incendio en 2004.<\/p>\n<p><strong>Innovaci\u00f3n y evoluci\u00f3n<\/strong><\/p>\n<p>La trayectoria de Littlemill experiment\u00f3 varios cambios de propiedad e innovaci\u00f3n. En particular, el empresario y qu\u00edmico estadounidense Duncan Thomas revitaliz\u00f3 la destiler\u00eda en 1931, introduciendo enfoques novedosos como los alambiques h\u00edbridos y diferentes m\u00e9todos de destilaci\u00f3n. Littlemill se convirti\u00f3 en pionera en el arte de la destilaci\u00f3n, ofreciendo tres estilos distintos de whisky de malta: el whisky tradicional Littlemill Lowland, el Dumbuck con peated y el robusto Dunglass.<\/p>\n<p><strong>Legado y car\u00e1cter<\/strong><\/p>\n<p>A lo largo de su existencia, la destiler\u00eda Littlemill fue conocida por producir un excepcional whisky de malta de las Tierras Bajas. Utilizando agua de Kilpatrick Hills y materiales como turba de Stornoway y malta de Perthshire, el whisky exudaba sabores de vainilla, flores, miel y fruta. El \u00faltimo l\u00edquido de la destiler\u00eda est\u00e1 ahora protegido por el Maestro Mezclador Michael Henry, que se asegura de que el legado perdure en cada expresi\u00f3n, llevando la esencia de la destiler\u00eda m\u00e1s antigua de Escocia.<\/p>\n<p><strong>El homenaje final<\/strong><\/p>\n<p>De cara al futuro, el legado de Archibald y George Buchanan contin\u00faa. El maestro mezclador Michael Henry seleccionar\u00e1 meticulosamente las mejores barricas de whisky Littlemill para crear una serie limitada de expresiones, un homenaje al verdadero car\u00e1cter de la destiler\u00eda. Estas preciosas botellas rinden homenaje al pasado al tiempo que permiten a los afortunados saborear el \u00faltimo cap\u00edtulo de la destiler\u00eda m\u00e1s antigua de Escocia.<\/p>\n<p>En estas \u00faltimas gotas de la destiler\u00eda que comenz\u00f3 hace siglos, brindamos por los Buchanan y su perdurable contribuci\u00f3n al mundo del whisky. Sl\u00e0inte mhath![\/vc_column_text][\/vc_column][vc_column width=&#8221;1\/2&#8243;][vc_single_image image=&#8221;76793&#8243; img_size=&#8221;medium&#8221;]<div class=\"woocommerce columns-4 \"><ul class=\"products columns-4\">\n<li class=\"product type-product post-78854 status-publish first instock product_cat-littlemill-es product_cat-escocia-es product_cat-raro-y-coleccionable product_cat-whisky-by-brand has-post-thumbnail purchasable product-type-simple\">\n\t<a href=\"https:\/\/whisky.ad\/es\/producto\/littlemill-45yo-vanguard-collection-chapter-i\/\" class=\"woocommerce-LoopProduct-link woocommerce-loop-product__link\"><img loading=\"lazy\" decoding=\"async\" width=\"300\" height=\"300\" src=\"https:\/\/whisky.ad\/wp-content\/uploads\/2023\/08\/LM-VANGUARD-300x300.jpg\" class=\"attachment-woocommerce_thumbnail size-woocommerce_thumbnail\" alt=\"LittleMill 45yo Vanguard Collection Chapter I\" srcset=\"https:\/\/whisky.ad\/wp-content\/uploads\/2023\/08\/LM-VANGUARD-300x300.jpg 300w, https:\/\/whisky.ad\/wp-content\/uploads\/2023\/08\/LM-VANGUARD-500x500.jpg 500w, https:\/\/whisky.ad\/wp-content\/uploads\/2023\/08\/LM-VANGUARD-100x100.jpg 100w, https:\/\/whisky.ad\/wp-content\/uploads\/2023\/08\/LM-VANGUARD-150x150.jpg 150w, https:\/\/whisky.ad\/wp-content\/uploads\/2023\/08\/LM-VANGUARD-768x768.jpg 768w, https:\/\/whisky.ad\/wp-content\/uploads\/2023\/08\/LM-VANGUARD-1024x1024.jpg 1024w\" sizes=\"auto, (max-width: 300px) 100vw, 300px\" \/><h2 class=\"woocommerce-loop-product__title\">LittleMill 45yo Vanguard Collection Chapter I<\/h2>\n\t<span class=\"price\"><span class=\"woocommerce-Price-amount amount\"><bdi><span class=\"woocommerce-Price-currencySymbol\">&euro;<\/span>11,495.00<\/bdi><\/span><\/span>\n<\/a><a href=\"\/es\/wp-json\/wp\/v2\/pages\/79385?add-to-cart=78854\" aria-describedby=\"woocommerce_loop_add_to_cart_link_describedby_78854\" data-quantity=\"1\" class=\"button product_type_simple add_to_cart_button ajax_add_to_cart\" data-product_id=\"78854\" data-product_sku=\"\" aria-label=\"A\u00f1adir al carrito: &ldquo;LittleMill 45yo Vanguard Collection Chapter I&rdquo;\" rel=\"nofollow\" data-success_message=\"\u00abLittleMill 45yo Vanguard Collection Chapter I\u00bb se ha a\u00f1adido a tu carrito\" title=\"Minimum qty is 1\">A\u00f1adir al carrito<\/a>\t<span id=\"woocommerce_loop_add_to_cart_link_describedby_78854\" class=\"screen-reader-text\">\n\t\t\t<\/span>\n<\/li>\n<\/ul>\n<\/div>[\/vc_column][\/vc_row]\n","protected":false},"excerpt":{"rendered":"<p>[vc_row type=&#8221;container&#8221; padding_top=&#8221;&#8221; padding_bottom=&#8221;&#8221;][vc_column width=&#8221;1\/2&#8243;][vc_column_text]La verdadera historia de la destiler\u00eda Littlemill: Un viaje en el tiempo Hace m\u00e1s de dos siglos&#8230; La historia de la destiler\u00eda Littlemill se remonta a hace m\u00e1s de dos siglos, en el a\u00f1o 1750, cuando Archibald Buchanan adquiri\u00f3 a su hermano Andrew la finca Auchentorlie, situada cerca de las orillas [&hellip;]<\/p>\n","protected":false},"author":1,"featured_media":76793,"parent":79248,"menu_order":0,"comment_status":"closed","ping_status":"closed","template":"page-full-width.php","meta":{"_acf_changed":false,"footnotes":""},"class_list":["post-79385","page","type-page","status-publish","has-post-thumbnail","hentry"],"acf":[],"aioseo_notices":[],"jetpack_sharing_enabled":true,"jetpack_shortlink":"https:\/\/wp.me\/PemYjf-kEp","_links":{"self":[{"href":"https:\/\/whisky.ad\/es\/wp-json\/wp\/v2\/pages\/79385","targetHints":{"allow":["GET"]}}],"collection":[{"href":"https:\/\/whisky.ad\/es\/wp-json\/wp\/v2\/pages"}],"about":[{"href":"https:\/\/whisky.ad\/es\/wp-json\/wp\/v2\/types\/page"}],"author":[{"embeddable":true,"href":"https:\/\/whisky.ad\/es\/wp-json\/wp\/v2\/users\/1"}],"replies":[{"embeddable":true,"href":"https:\/\/whisky.ad\/es\/wp-json\/wp\/v2\/comments?post=79385"}],"version-history":[{"count":3,"href":"https:\/\/whisky.ad\/es\/wp-json\/wp\/v2\/pages\/79385\/revisions"}],"predecessor-version":[{"id":79388,"href":"https:\/\/whisky.ad\/es\/wp-json\/wp\/v2\/pages\/79385\/revisions\/79388"}],"up":[{"embeddable":true,"href":"https:\/\/whisky.ad\/es\/wp-json\/wp\/v2\/pages\/79248"}],"wp:featuredmedia":[{"embeddable":true,"href":"https:\/\/whisky.ad\/es\/wp-json\/wp\/v2\/media\/76793"}],"wp:attachment":[{"href":"https:\/\/whisky.ad\/es\/wp-json\/wp\/v2\/media?parent=79385"}],"curies":[{"name":"wp","href":"https:\/\/api.w.org\/{rel}","templated":true}]}}