{"id":79360,"date":"2022-12-04T11:32:05","date_gmt":"2022-12-04T10:32:05","guid":{"rendered":"https:\/\/whisky.ad\/whisky\/glen-kirk\/"},"modified":"2023-12-14T18:08:08","modified_gmt":"2023-12-14T17:08:08","slug":"glen-kirk","status":"publish","type":"page","link":"https:\/\/whisky.ad\/es\/whisky\/glen-kirk\/","title":{"rendered":"Glen Kirk"},"content":{"rendered":"[vc_row type=&#8221;container&#8221; padding_top=&#8221;&#8221; padding_bottom=&#8221;&#8221;][vc_column width=&#8221;2\/3&#8243;][vc_column_text]\n<div class=\"flex flex-grow flex-col gap-3\">\n<div class=\"min-h-[20px] flex flex-col items-start gap-4 whitespace-pre-wrap break-words\">\n<div class=\"markdown prose w-full break-words dark:prose-invert light\">\n<p><strong>Glen Kirk Speyside Single Malt Whisky (Tomintoul Distillery)<br \/>\n<\/strong><\/p>\n<p>&nbsp;<\/p>\n<p>Glen Kirk se enorgullece de sus ra\u00edces, ya que debe su nombre a los pintorescos valles de las Highlands escocesas. Estos valles son famosos por la magn\u00edfica pesca del salm\u00f3n en el r\u00edo Spey y por la presencia de excepcionales destiler\u00edas de malta. Es en estos valles donde se encuentran muchas iglesias hist\u00f3ricas. El t\u00e9rmino &#8220;Kirk&#8221; tiene su origen en el n\u00f3rdico antiguo y el ingl\u00e9s antiguo, y significa lugar de culto. Glen Kirk Speyside Single Malt Scotch Whisky Aged 12 Years recoge este rico trasfondo hist\u00f3rico, evocando la esencia de la herencia tradicional de Speyside que est\u00e1 profundamente arraigada en este exquisito whisky escoc\u00e9s de malta \u00fanica. Notas de sabor: Glen Kirk Aged 12 Years tienta el paladar con sus exuberantes sabores de redondeado dulzor, acompa\u00f1ados de tentadores matices especiados. El viaje culmina en un final duradero y cremoso, dejando una impresi\u00f3n duradera de su car\u00e1cter refinado. Con un volumen de alcohol (ABV) del 40%, esta expresi\u00f3n de la destiler\u00eda Tomintoul pone de manifiesto la artesan\u00eda y la maestr\u00eda que se emplean en la creaci\u00f3n de este notable whisky.   <\/p>\n<\/div>\n<\/div>\n<\/div>\n[\/vc_column_text][\/vc_column][vc_column width=&#8221;1\/3&#8243;][vc_single_image image=&#8221;75332&#8243; img_size=&#8221;medium&#8221; alignment=&#8221;right&#8221;][\/vc_column][\/vc_row]\n","protected":false},"excerpt":{"rendered":"<p>[vc_row type=&#8221;container&#8221; padding_top=&#8221;&#8221; padding_bottom=&#8221;&#8221;][vc_column width=&#8221;2\/3&#8243;][vc_column_text] Glen Kirk Speyside Single Malt Whisky (Tomintoul Distillery) &nbsp; Glen Kirk se enorgullece de sus ra\u00edces, ya que debe su nombre a los pintorescos valles de las Highlands escocesas. Estos valles son famosos por la magn\u00edfica pesca del salm\u00f3n en el r\u00edo Spey y por la presencia de excepcionales destiler\u00edas [&hellip;]<\/p>\n","protected":false},"author":1,"featured_media":75332,"parent":79248,"menu_order":0,"comment_status":"closed","ping_status":"closed","template":"","meta":{"_acf_changed":false,"footnotes":""},"class_list":["post-79360","page","type-page","status-publish","has-post-thumbnail","hentry"],"acf":[],"aioseo_notices":[],"jetpack_sharing_enabled":true,"jetpack_shortlink":"https:\/\/wp.me\/PemYjf-kE0","_links":{"self":[{"href":"https:\/\/whisky.ad\/es\/wp-json\/wp\/v2\/pages\/79360","targetHints":{"allow":["GET"]}}],"collection":[{"href":"https:\/\/whisky.ad\/es\/wp-json\/wp\/v2\/pages"}],"about":[{"href":"https:\/\/whisky.ad\/es\/wp-json\/wp\/v2\/types\/page"}],"author":[{"embeddable":true,"href":"https:\/\/whisky.ad\/es\/wp-json\/wp\/v2\/users\/1"}],"replies":[{"embeddable":true,"href":"https:\/\/whisky.ad\/es\/wp-json\/wp\/v2\/comments?post=79360"}],"version-history":[{"count":3,"href":"https:\/\/whisky.ad\/es\/wp-json\/wp\/v2\/pages\/79360\/revisions"}],"predecessor-version":[{"id":79363,"href":"https:\/\/whisky.ad\/es\/wp-json\/wp\/v2\/pages\/79360\/revisions\/79363"}],"up":[{"embeddable":true,"href":"https:\/\/whisky.ad\/es\/wp-json\/wp\/v2\/pages\/79248"}],"wp:featuredmedia":[{"embeddable":true,"href":"https:\/\/whisky.ad\/es\/wp-json\/wp\/v2\/media\/75332"}],"wp:attachment":[{"href":"https:\/\/whisky.ad\/es\/wp-json\/wp\/v2\/media?parent=79360"}],"curies":[{"name":"wp","href":"https:\/\/api.w.org\/{rel}","templated":true}]}}