{"id":79348,"date":"2022-12-04T11:31:12","date_gmt":"2022-12-04T10:31:12","guid":{"rendered":"https:\/\/whisky.ad\/whisky\/glencadam\/"},"modified":"2023-12-14T18:04:26","modified_gmt":"2023-12-14T17:04:26","slug":"glencadam","status":"publish","type":"page","link":"https:\/\/whisky.ad\/es\/whisky\/glencadam\/","title":{"rendered":"Glencadam"},"content":{"rendered":"[vc_row type=&#8221;container&#8221; padding_top=&#8221;&#8221; padding_bottom=&#8221;&#8221;][vc_column][vc_single_image image=&#8221;77405&#8243; img_size=&#8221;full&#8221; alignment=&#8221;right&#8221;][vc_column_text]\n<div class=\"flex flex-grow flex-col gap-3\">\n<div class=\"min-h-[20px] flex flex-col items-start gap-4 whitespace-pre-wrap break-words\">\n<div class=\"markdown prose w-full break-words dark:prose-invert light\">\n<p><strong>Glencadam Highland Single Malt<\/strong><\/p>\n<p>&nbsp;<\/p>\n<p>La destiler\u00eda Glencadam tiene una rica historia que se remonta a su fundaci\u00f3n en 1825, situada en la antigua ciudad de Brechin. Fue un a\u00f1o trascendental en el que se produjeron acontecimientos importantes, como la introducci\u00f3n de los omnibuses tirados por caballos en Londres, la inauguraci\u00f3n del primer ferrocarril moderno del mundo, el cultivo de las manzanas Cox&#8217;s Orange Pippin y el hecho de que Londres se convirtiera en la ciudad m\u00e1s grande del mundo, superando a Pek\u00edn. Tambi\u00e9n fue la \u00e9poca en que la Ley de Impuestos Especiales de 1823 legaliz\u00f3 la destilaci\u00f3n. En la actualidad, Glencadam es la \u00fanica destiler\u00eda del condado de Angus, situado en la regi\u00f3n escocesa de las Highlands. El propietario inicial, conocido como &#8220;Mr. Cooper&#8221;, vendi\u00f3 la destiler\u00eda en 1827. El nombre de &#8220;Glencadam&#8221; tiene su origen en la zona denominada &#8220;The Tenements of Caldhame&#8221;, que comprend\u00eda parcelas de tierra asignadas a los burgos de Brechin para la producci\u00f3n de alimentos. Estas parcelas estaban situadas cerca del Den Burn, donde hoy se encuentra la destiler\u00eda. A lo largo de su historia, Glencadam tuvo varios propietarios. De 1827 a 1891, fue propiedad de David Scott y sus descendientes, que alquilaron la destiler\u00eda a diferentes destiladores durante este periodo. La destiler\u00eda experiment\u00f3 cambios de propiedad en las d\u00e9cadas siguientes. Durante las dos guerras mundiales, Glencadam se cerr\u00f3 temporalmente y los almacenes se reutilizaron para alojar a los soldados. Todav\u00eda hoy se pueden ver pruebas de ello, con una marca en la hierba cerca del almac\u00e9n n\u00ba 2, donde se encontraba el economato de los soldados. En la d\u00e9cada de 1950, Glencadam fue adquirida por Hiram Walker, m\u00e1s tarde conocida como Allied Domeq, que finalmente cerr\u00f3 la destiler\u00eda en 2000. El whisky Glencadam Single Malt siempre ha sido muy apreciado por su excepcional calidad y se buscaba para mezclarlo con algunos de los whiskies m\u00e1s prestigiosos del mundo. El 1 de junio de 2003, Glencadam fue adquirida por Angus Dundee Distillers, una empresa escocesa independiente. La producci\u00f3n de la destiler\u00eda se reanud\u00f3 inmediatamente y, en diciembre de 2005, Glencadam lanz\u00f3 su primer producto de malta \u00fanica, Glencadam Single Malt Scotch Whisky Aged 15 Years. En noviembre de 2009, se relanz\u00f3 con un nuevo envase, junto con la introducci\u00f3n de una expresi\u00f3n de 10 a\u00f1os. La gama de whiskies Glencadam ha cosechado numerosos premios y galardones. La colecci\u00f3n incluye las expresiones de 10, 15 y 21 a\u00f1os, as\u00ed como acabados especiales como el envejecido 12 a\u00f1os Portwood y el envejecido 14 a\u00f1os Oloroso barrica. El compromiso de la destiler\u00eda con la excelencia ha sido reconocido, con logros recientes como el premio Category Winner en los World Whisky Awards por la expresi\u00f3n 10 Year Old y un Masters Award por el excepcional 17 Year Old;  <\/p>\n<\/div>\n<\/div>\n<\/div>\n[\/vc_column_text][\/vc_column][\/vc_row][vc_row type=&#8221;container&#8221; padding_top=&#8221;&#8221; padding_bottom=&#8221;&#8221;][vc_column]<div class=\"woocommerce columns-4 \"><ul class=\"products columns-4\">\n<li class=\"product type-product post-80130 status-publish first instock product_cat-escocia-es product_cat-raro-y-coleccionable product_cat-glencadam-es has-post-thumbnail taxable shipping-taxable product-type-simple\">\n\t<a href=\"https:\/\/whisky.ad\/es\/producto\/glencadam-25-years-old\/\" class=\"woocommerce-LoopProduct-link woocommerce-loop-product__link\"><img loading=\"lazy\" decoding=\"async\" width=\"300\" height=\"300\" src=\"https:\/\/whisky.ad\/wp-content\/uploads\/2023\/08\/GC25-300x300.webp\" class=\"attachment-woocommerce_thumbnail size-woocommerce_thumbnail\" alt=\"Glencadam 25 Years Old (contact us!)\" srcset=\"https:\/\/whisky.ad\/wp-content\/uploads\/2023\/08\/GC25-300x300.webp 300w, https:\/\/whisky.ad\/wp-content\/uploads\/2023\/08\/GC25-500x500.webp 500w, https:\/\/whisky.ad\/wp-content\/uploads\/2023\/08\/GC25-100x100.webp 100w, https:\/\/whisky.ad\/wp-content\/uploads\/2023\/08\/GC25-150x150.webp 150w, https:\/\/whisky.ad\/wp-content\/uploads\/2023\/08\/GC25-768x768.webp 768w, https:\/\/whisky.ad\/wp-content\/uploads\/2023\/08\/GC25-1024x1024.webp 1024w\" sizes=\"auto, (max-width: 300px) 100vw, 300px\" \/><h2 class=\"woocommerce-loop-product__title\">Glencadam 25 Years Old (contact us!)<\/h2>\n<\/a><a href=\"https:\/\/whisky.ad\/es\/producto\/glencadam-25-years-old\/\" aria-describedby=\"woocommerce_loop_add_to_cart_link_describedby_80130\" data-quantity=\"1\" class=\"button product_type_simple\" data-product_id=\"80130\" data-product_sku=\"\" aria-label=\"Lee m\u00e1s sobre &ldquo;Glencadam 25 Years Old (contact us!)&rdquo;\" rel=\"nofollow\" data-success_message=\"\" title=\"Minimum qty is 1\">Leer m\u00e1s<\/a>\t<span id=\"woocommerce_loop_add_to_cart_link_describedby_80130\" class=\"screen-reader-text\">\n\t\t\t<\/span>\n<\/li>\n<\/ul>\n<\/div>[\/vc_column][\/vc_row]\n","protected":false},"excerpt":{"rendered":"<p>[vc_row type=&#8221;container&#8221; padding_top=&#8221;&#8221; padding_bottom=&#8221;&#8221;][vc_column][vc_single_image image=&#8221;77405&#8243; img_size=&#8221;full&#8221; alignment=&#8221;right&#8221;][vc_column_text] Glencadam Highland Single Malt &nbsp; La destiler\u00eda Glencadam tiene una rica historia que se remonta a su fundaci\u00f3n en 1825, situada en la antigua ciudad de Brechin. Fue un a\u00f1o trascendental en el que se produjeron acontecimientos importantes, como la introducci\u00f3n de los omnibuses tirados por caballos en [&hellip;]<\/p>\n","protected":false},"author":1,"featured_media":77405,"parent":79248,"menu_order":0,"comment_status":"closed","ping_status":"closed","template":"","meta":{"_acf_changed":false,"footnotes":""},"class_list":["post-79348","page","type-page","status-publish","has-post-thumbnail","hentry"],"acf":[],"aioseo_notices":[],"jetpack_sharing_enabled":true,"jetpack_shortlink":"https:\/\/wp.me\/PemYjf-kDO","_links":{"self":[{"href":"https:\/\/whisky.ad\/es\/wp-json\/wp\/v2\/pages\/79348","targetHints":{"allow":["GET"]}}],"collection":[{"href":"https:\/\/whisky.ad\/es\/wp-json\/wp\/v2\/pages"}],"about":[{"href":"https:\/\/whisky.ad\/es\/wp-json\/wp\/v2\/types\/page"}],"author":[{"embeddable":true,"href":"https:\/\/whisky.ad\/es\/wp-json\/wp\/v2\/users\/1"}],"replies":[{"embeddable":true,"href":"https:\/\/whisky.ad\/es\/wp-json\/wp\/v2\/comments?post=79348"}],"version-history":[{"count":3,"href":"https:\/\/whisky.ad\/es\/wp-json\/wp\/v2\/pages\/79348\/revisions"}],"predecessor-version":[{"id":79351,"href":"https:\/\/whisky.ad\/es\/wp-json\/wp\/v2\/pages\/79348\/revisions\/79351"}],"up":[{"embeddable":true,"href":"https:\/\/whisky.ad\/es\/wp-json\/wp\/v2\/pages\/79248"}],"wp:featuredmedia":[{"embeddable":true,"href":"https:\/\/whisky.ad\/es\/wp-json\/wp\/v2\/media\/77405"}],"wp:attachment":[{"href":"https:\/\/whisky.ad\/es\/wp-json\/wp\/v2\/media?parent=79348"}],"curies":[{"name":"wp","href":"https:\/\/api.w.org\/{rel}","templated":true}]}}