{"id":79336,"date":"2022-12-04T11:30:27","date_gmt":"2022-12-04T10:30:27","guid":{"rendered":"https:\/\/whisky.ad\/whisky\/fireball\/"},"modified":"2023-12-14T17:50:01","modified_gmt":"2023-12-14T16:50:01","slug":"fireball","status":"publish","type":"page","link":"https:\/\/whisky.ad\/es\/whisky\/fireball\/","title":{"rendered":"Fireball"},"content":{"rendered":"[vc_row type=&#8221;container&#8221; padding_top=&#8221;&#8221; padding_bottom=&#8221;&#8221;][vc_column width=&#8221;2\/3&#8243;][vc_column_text]\n<div class=\"flex flex-grow flex-col gap-3\">\n<div class=\"min-h-[20px] flex flex-col items-start gap-4 whitespace-pre-wrap break-words\">\n<div class=\"markdown prose w-full break-words dark:prose-invert light\">\n<p><strong>Fireball Whisky<\/strong><\/p>\n<p>&nbsp;<\/p>\n<p>El whisky Fireball es un extraordinario licor mezclado con canela y whisky, que ofrece una experiencia de sabor \u00fanica y estimulante. Su suave base de whisky se infunde con un toque ardiente de canela al rojo vivo, creando un equilibrio perfecto de sabores. El whisky Fireball, que se disfruta mejor reci\u00e9n sacado del congelador como un chupito helado, es un complemento sensacional para cualquier reuni\u00f3n, ya que infunde picante y alegr\u00eda a cualquier ambiente de fiesta. Prep\u00e1rese para encontrar la esencia de un drag\u00f3n que escupe fuego y acaba de devorar un barril de whisky especiado con canela. Para los que buscan una opci\u00f3n m\u00e1s larga y refrescante, el whisky Fireball armoniza espl\u00e9ndidamente con zumo turbio de manzana, produciendo un delicioso c\u00f3ctel con sabor a tarta de manzana. Basta con verter 50 ml o 5 cl de Fireball en un vaso alto lleno de hielo y rellenarlo con zumo de manzana turbio. Para darle un toque extra, dec\u00f3relo con una rodaja de manzana. Este delicioso brebaje es una bebida perfecta para el verano. El whisky Fireball es un licor mezclado con whisky canadiense y sabores naturales de canela, dise\u00f1ado espec\u00edficamente para encender las fiestas y crear el ambiente para una ocasi\u00f3n memorable. Tanto si se consume solo, con hielo o para a\u00f1adir car\u00e1cter a una bebida combinada o a un c\u00f3ctel, Fireball Whisky ofrece un sabor ardiente y robusto. Con un volumen de alcohol de 33%, es importante disfrutar de esta bebida con responsabilidad. Nota: Fireball Cinnamon Whisky obtuvo la distinguida Medalla de Bronce en el concurso San Francisco Best Whiskey Liqueur 2010, consolidando su reputaci\u00f3n como una elecci\u00f3n excepcional para los entusiastas del whisky. <\/p>\n<\/div>\n<\/div>\n<\/div>\n<div class=\"flex justify-between lg:block\">\n<div class=\"text-gray-400 flex self-end lg:self-center justify-center mt-2 gap-2 md:gap-3 lg:gap-1 lg:absolute lg:top-0 lg:translate-x-full lg:right-0 lg:mt-0 lg:pl-2 visible\"><\/div>\n<\/div>\n[\/vc_column_text][\/vc_column][vc_column width=&#8221;1\/3&#8243;][vc_single_image image=&#8221;77579&#8243; img_size=&#8221;large&#8221;][\/vc_column][\/vc_row]\n","protected":false},"excerpt":{"rendered":"<p>[vc_row type=&#8221;container&#8221; padding_top=&#8221;&#8221; padding_bottom=&#8221;&#8221;][vc_column width=&#8221;2\/3&#8243;][vc_column_text] Fireball Whisky &nbsp; El whisky Fireball es un extraordinario licor mezclado con canela y whisky, que ofrece una experiencia de sabor \u00fanica y estimulante. Su suave base de whisky se infunde con un toque ardiente de canela al rojo vivo, creando un equilibrio perfecto de sabores. El whisky Fireball, que [&hellip;]<\/p>\n","protected":false},"author":1,"featured_media":76277,"parent":79248,"menu_order":0,"comment_status":"closed","ping_status":"closed","template":"","meta":{"_acf_changed":false,"footnotes":""},"class_list":["post-79336","page","type-page","status-publish","has-post-thumbnail","hentry"],"acf":[],"aioseo_notices":[],"jetpack_sharing_enabled":true,"jetpack_shortlink":"https:\/\/wp.me\/PemYjf-kDC","_links":{"self":[{"href":"https:\/\/whisky.ad\/es\/wp-json\/wp\/v2\/pages\/79336","targetHints":{"allow":["GET"]}}],"collection":[{"href":"https:\/\/whisky.ad\/es\/wp-json\/wp\/v2\/pages"}],"about":[{"href":"https:\/\/whisky.ad\/es\/wp-json\/wp\/v2\/types\/page"}],"author":[{"embeddable":true,"href":"https:\/\/whisky.ad\/es\/wp-json\/wp\/v2\/users\/1"}],"replies":[{"embeddable":true,"href":"https:\/\/whisky.ad\/es\/wp-json\/wp\/v2\/comments?post=79336"}],"version-history":[{"count":3,"href":"https:\/\/whisky.ad\/es\/wp-json\/wp\/v2\/pages\/79336\/revisions"}],"predecessor-version":[{"id":79339,"href":"https:\/\/whisky.ad\/es\/wp-json\/wp\/v2\/pages\/79336\/revisions\/79339"}],"up":[{"embeddable":true,"href":"https:\/\/whisky.ad\/es\/wp-json\/wp\/v2\/pages\/79248"}],"wp:featuredmedia":[{"embeddable":true,"href":"https:\/\/whisky.ad\/es\/wp-json\/wp\/v2\/media\/76277"}],"wp:attachment":[{"href":"https:\/\/whisky.ad\/es\/wp-json\/wp\/v2\/media?parent=79336"}],"curies":[{"name":"wp","href":"https:\/\/api.w.org\/{rel}","templated":true}]}}