{"id":79324,"date":"2022-12-04T11:29:43","date_gmt":"2022-12-04T10:29:43","guid":{"rendered":"https:\/\/whisky.ad\/whisky\/eagle-rare\/"},"modified":"2023-12-14T17:34:36","modified_gmt":"2023-12-14T16:34:36","slug":"eagle-rare","status":"publish","type":"page","link":"https:\/\/whisky.ad\/es\/whisky\/eagle-rare\/","title":{"rendered":"Eagle Rare"},"content":{"rendered":"[vc_row type=&#8221;container&#8221; padding_top=&#8221;&#8221; padding_bottom=&#8221;&#8221;][vc_column][vc_images_carousel images=&#8221;77420&#8243; img_size=&#8221;full&#8221;][vc_column_text]<strong>Eagle Rare 10 Year Kentucky Straight Bourbon Whiskey<\/strong><\/p>\n<p>&nbsp;<\/p>\n<p><strong>Whisky Eagle Rare 10 Year Kentucky Straight Bourbon<\/strong>, una obra maestra de artesan\u00eda y maestr\u00eda. Meticulosamente envejecido durante al menos diez a\u00f1os, este bourbon es un ejemplo de rareza y distinci\u00f3n. Prep\u00e1rese para embarcarse en un viaje de aromas complejos y el sabor suave y persistente que distingue a Eagle Rare. Sumerja sus sentidos en las complejas notas que se revelan con cada sorbo. La nariz revela una cautivadora mezcla de caramelo, sutiles toques de piel de naranja, matices herb\u00e1ceos, miel, cuero y roble. En boca, emergen sabores limpios y secos, destacando una deliciosa interacci\u00f3n de almendras confitadas y cacao decadente. El final deja una impresi\u00f3n duradera, caracterizada por su naturaleza seca y persistente. Eagle Rare hace honor a su nombre, ofreciendo una experiencia gustativa que alcanza cotas extraordinarias. El aclamado cr\u00edtico de espirituosos Paul Pacult, de Spirit Journal, lo describe como &#8220;uno de los bourbons m\u00e1s t\u00e1ctiles, asertivos y expresivos que he probado en los \u00faltimos dos a\u00f1os; abr\u00f3chense los cinturones&#8221;. Abrace el extrao ;[\/vc_column_text]<div class=\"woocommerce \"><ul class=\"products columns-3\">\n<li class=\"product type-product post-78676 status-publish first instock product_cat-kentucky-es has-post-thumbnail taxable shipping-taxable purchasable product-type-simple\">\n\t<a href=\"https:\/\/whisky.ad\/es\/producto\/eagle-rare-10yo-45-0-7l\/\" class=\"woocommerce-LoopProduct-link woocommerce-loop-product__link\"><img loading=\"lazy\" decoding=\"async\" width=\"300\" height=\"300\" src=\"https:\/\/whisky.ad\/wp-content\/uploads\/2023\/08\/download-12-300x300.jpeg\" class=\"attachment-woocommerce_thumbnail size-woocommerce_thumbnail\" alt=\"Eagle Rare 10yo 45% 0.7l\" srcset=\"https:\/\/whisky.ad\/wp-content\/uploads\/2023\/08\/download-12-300x300.jpeg 300w, https:\/\/whisky.ad\/wp-content\/uploads\/2023\/08\/download-12-500x500.jpeg 500w, https:\/\/whisky.ad\/wp-content\/uploads\/2023\/08\/download-12-100x100.jpeg 100w, https:\/\/whisky.ad\/wp-content\/uploads\/2023\/08\/download-12-150x150.jpeg 150w, https:\/\/whisky.ad\/wp-content\/uploads\/2023\/08\/download-12-768x768.jpeg 768w, https:\/\/whisky.ad\/wp-content\/uploads\/2023\/08\/download-12-1024x1024.jpeg 1024w\" sizes=\"auto, (max-width: 300px) 100vw, 300px\" \/><h2 class=\"woocommerce-loop-product__title\">Eagle Rare 10yo 45% 0.7l<\/h2>\n\t<span class=\"price\"><span class=\"woocommerce-Price-amount amount\"><bdi><span class=\"woocommerce-Price-currencySymbol\">&euro;<\/span>29.95<\/bdi><\/span><\/span>\n<\/a><a href=\"\/es\/wp-json\/wp\/v2\/pages\/79324?add-to-cart=78676\" aria-describedby=\"woocommerce_loop_add_to_cart_link_describedby_78676\" data-quantity=\"1\" class=\"button product_type_simple add_to_cart_button ajax_add_to_cart\" data-product_id=\"78676\" data-product_sku=\"\" aria-label=\"A\u00f1adir al carrito: &ldquo;Eagle Rare 10yo 45% 0.7l&rdquo;\" rel=\"nofollow\" data-success_message=\"\u00abEagle Rare 10yo 45% 0.7l\u00bb se ha a\u00f1adido a tu carrito\" title=\"Minimum qty is 1\">A\u00f1adir al carrito<\/a>\t<span id=\"woocommerce_loop_add_to_cart_link_describedby_78676\" class=\"screen-reader-text\">\n\t\t\t<\/span>\n<\/li>\n<\/ul>\n<\/div>[\/vc_column][\/vc_row]\n","protected":false},"excerpt":{"rendered":"<p>[vc_row type=&#8221;container&#8221; padding_top=&#8221;&#8221; padding_bottom=&#8221;&#8221;][vc_column][vc_images_carousel images=&#8221;77420&#8243; img_size=&#8221;full&#8221;][vc_column_text]Eagle Rare 10 Year Kentucky Straight Bourbon Whiskey &nbsp; Whisky Eagle Rare 10 Year Kentucky Straight Bourbon, una obra maestra de artesan\u00eda y maestr\u00eda. Meticulosamente envejecido durante al menos diez a\u00f1os, este bourbon es un ejemplo de rareza y distinci\u00f3n. Prep\u00e1rese para embarcarse en un viaje de aromas complejos y [&hellip;]<\/p>\n","protected":false},"author":1,"featured_media":77246,"parent":79248,"menu_order":0,"comment_status":"closed","ping_status":"closed","template":"","meta":{"_acf_changed":false,"footnotes":""},"class_list":["post-79324","page","type-page","status-publish","has-post-thumbnail","hentry"],"acf":[],"aioseo_notices":[],"jetpack_sharing_enabled":true,"jetpack_shortlink":"https:\/\/wp.me\/PemYjf-kDq","_links":{"self":[{"href":"https:\/\/whisky.ad\/es\/wp-json\/wp\/v2\/pages\/79324","targetHints":{"allow":["GET"]}}],"collection":[{"href":"https:\/\/whisky.ad\/es\/wp-json\/wp\/v2\/pages"}],"about":[{"href":"https:\/\/whisky.ad\/es\/wp-json\/wp\/v2\/types\/page"}],"author":[{"embeddable":true,"href":"https:\/\/whisky.ad\/es\/wp-json\/wp\/v2\/users\/1"}],"replies":[{"embeddable":true,"href":"https:\/\/whisky.ad\/es\/wp-json\/wp\/v2\/comments?post=79324"}],"version-history":[{"count":3,"href":"https:\/\/whisky.ad\/es\/wp-json\/wp\/v2\/pages\/79324\/revisions"}],"predecessor-version":[{"id":79327,"href":"https:\/\/whisky.ad\/es\/wp-json\/wp\/v2\/pages\/79324\/revisions\/79327"}],"up":[{"embeddable":true,"href":"https:\/\/whisky.ad\/es\/wp-json\/wp\/v2\/pages\/79248"}],"wp:featuredmedia":[{"embeddable":true,"href":"https:\/\/whisky.ad\/es\/wp-json\/wp\/v2\/media\/77246"}],"wp:attachment":[{"href":"https:\/\/whisky.ad\/es\/wp-json\/wp\/v2\/media?parent=79324"}],"curies":[{"name":"wp","href":"https:\/\/api.w.org\/{rel}","templated":true}]}}