{"id":79308,"date":"2022-12-04T11:28:45","date_gmt":"2022-12-04T10:28:45","guid":{"rendered":"https:\/\/whisky.ad\/whisky\/buffalo-trace\/"},"modified":"2023-12-14T17:26:33","modified_gmt":"2023-12-14T16:26:33","slug":"buffalo-trace","status":"publish","type":"page","link":"https:\/\/whisky.ad\/es\/whisky\/buffalo-trace\/","title":{"rendered":"Buffalo Trace"},"content":{"rendered":"[vc_row type=&#8221;container&#8221; padding_top=&#8221;&#8221; padding_bottom=&#8221;&#8221;][vc_column][vc_images_carousel images=&#8221;77423&#8243; img_size=&#8221;full&#8221;][vc_column_text]<strong>Buffalo Trace Kentucky Straight Bourbon Whiskey<\/strong><\/p>\n<p>&nbsp;<\/p>\n<p>D\u00e9jese seducir por el arte de la destiler\u00eda m\u00e1s renombrada del mundo. Elaborado con meticuloso cuidado, <strong>Buffalo Trace Kentucky Straight Bourbon Whiskey<\/strong> se somete a un preciso proceso de destilaci\u00f3n, envejecimiento y embotellado en la renombrada y ornamentada destiler\u00eda. S\u00f3lo las mejores maltas de ma\u00edz, centeno y cebada se seleccionan meticulosamente para formar la base de este whisky excepcional. Envejecido pacientemente en barricas nuevas de roble en bodegas centenarias, se nutre hasta alcanzar la cima de su madurez. Prepare sus papilas gustativas para un viaje de riqueza y complejidad. Delicadas notas de vainilla, caramelo y fruta confitada se entremezclan, creando una sinfon\u00eda de sabores que bailan en el paladar. La experiencia culmina con un final aterciopelado que perdura y deja una impresi\u00f3n duradera. Tenga la seguridad de que el compromiso inquebrantable con la excelencia y la calidad ser\u00e1 para siempre la piedra angular de Buffalo Trace Kentucky Straight Bourbon Whiskey. Saboree la esencia intemporal de esta extraordinaria creaci\u00f3n, testimonio del perdurable legado de artesan\u00eda y refinamiento;[\/vc_column_text]<div class=\"woocommerce \"><ul class=\"products columns-3\">\n<li class=\"product type-product post-78532 status-publish first instock product_cat-kentucky-es product_cat-presentado product_cat-usa-es has-post-thumbnail sale featured taxable shipping-taxable purchasable product-type-simple\">\n\t<a href=\"https:\/\/whisky.ad\/es\/producto\/buffalo-trace-40-0-7l\/\" class=\"woocommerce-LoopProduct-link woocommerce-loop-product__link\">\n\t<span class=\"onsale\">\u00a1Oferta!<\/span>\n\t<img loading=\"lazy\" decoding=\"async\" width=\"300\" height=\"300\" src=\"https:\/\/whisky.ad\/wp-content\/uploads\/2023\/08\/download-13-300x300.jpeg\" class=\"attachment-woocommerce_thumbnail size-woocommerce_thumbnail\" alt=\"Buffalo Trace 40% 0.7l\" srcset=\"https:\/\/whisky.ad\/wp-content\/uploads\/2023\/08\/download-13-300x300.jpeg 300w, https:\/\/whisky.ad\/wp-content\/uploads\/2023\/08\/download-13-500x500.jpeg 500w, https:\/\/whisky.ad\/wp-content\/uploads\/2023\/08\/download-13-100x100.jpeg 100w, https:\/\/whisky.ad\/wp-content\/uploads\/2023\/08\/download-13-150x150.jpeg 150w, https:\/\/whisky.ad\/wp-content\/uploads\/2023\/08\/download-13-768x768.jpeg 768w, https:\/\/whisky.ad\/wp-content\/uploads\/2023\/08\/download-13-1024x1024.jpeg 1024w\" sizes=\"auto, (max-width: 300px) 100vw, 300px\" \/><h2 class=\"woocommerce-loop-product__title\">Buffalo Trace 40% 0.7l<\/h2>\n\t<span class=\"price\"><del aria-hidden=\"true\"><span class=\"woocommerce-Price-amount amount\"><bdi><span class=\"woocommerce-Price-currencySymbol\">&euro;<\/span>17.95<\/bdi><\/span><\/del> <span class=\"screen-reader-text\">El precio original era: &euro;17.95.<\/span><ins aria-hidden=\"true\"><span class=\"woocommerce-Price-amount amount\"><bdi><span class=\"woocommerce-Price-currencySymbol\">&euro;<\/span>16.95<\/bdi><\/span><\/ins><span class=\"screen-reader-text\">El precio actual es: &euro;16.95.<\/span><\/span>\n<\/a><a href=\"\/es\/wp-json\/wp\/v2\/pages\/79308?add-to-cart=78532\" aria-describedby=\"woocommerce_loop_add_to_cart_link_describedby_78532\" data-quantity=\"1\" class=\"button product_type_simple add_to_cart_button ajax_add_to_cart\" data-product_id=\"78532\" data-product_sku=\"\" aria-label=\"A\u00f1adir al carrito: &ldquo;Buffalo Trace 40% 0.7l&rdquo;\" rel=\"nofollow\" data-success_message=\"\u00abBuffalo Trace 40% 0.7l\u00bb se ha a\u00f1adido a tu carrito\" title=\"Minimum qty is 1\">A\u00f1adir al carrito<\/a>\t<span id=\"woocommerce_loop_add_to_cart_link_describedby_78532\" class=\"screen-reader-text\">\n\t\t\t<\/span>\n<\/li>\n<\/ul>\n<\/div>[\/vc_column][\/vc_row]\n","protected":false},"excerpt":{"rendered":"<p>[vc_row type=&#8221;container&#8221; padding_top=&#8221;&#8221; padding_bottom=&#8221;&#8221;][vc_column][vc_images_carousel images=&#8221;77423&#8243; img_size=&#8221;full&#8221;][vc_column_text]Buffalo Trace Kentucky Straight Bourbon Whiskey &nbsp; D\u00e9jese seducir por el arte de la destiler\u00eda m\u00e1s renombrada del mundo. Elaborado con meticuloso cuidado, Buffalo Trace Kentucky Straight Bourbon Whiskey se somete a un preciso proceso de destilaci\u00f3n, envejecimiento y embotellado en la renombrada y ornamentada destiler\u00eda. S\u00f3lo las mejores maltas [&hellip;]<\/p>\n","protected":false},"author":1,"featured_media":76286,"parent":79248,"menu_order":0,"comment_status":"closed","ping_status":"closed","template":"","meta":{"_acf_changed":false,"footnotes":""},"class_list":["post-79308","page","type-page","status-publish","has-post-thumbnail","hentry"],"acf":[],"aioseo_notices":[],"jetpack_sharing_enabled":true,"jetpack_shortlink":"https:\/\/wp.me\/PemYjf-kDa","_links":{"self":[{"href":"https:\/\/whisky.ad\/es\/wp-json\/wp\/v2\/pages\/79308","targetHints":{"allow":["GET"]}}],"collection":[{"href":"https:\/\/whisky.ad\/es\/wp-json\/wp\/v2\/pages"}],"about":[{"href":"https:\/\/whisky.ad\/es\/wp-json\/wp\/v2\/types\/page"}],"author":[{"embeddable":true,"href":"https:\/\/whisky.ad\/es\/wp-json\/wp\/v2\/users\/1"}],"replies":[{"embeddable":true,"href":"https:\/\/whisky.ad\/es\/wp-json\/wp\/v2\/comments?post=79308"}],"version-history":[{"count":7,"href":"https:\/\/whisky.ad\/es\/wp-json\/wp\/v2\/pages\/79308\/revisions"}],"predecessor-version":[{"id":79315,"href":"https:\/\/whisky.ad\/es\/wp-json\/wp\/v2\/pages\/79308\/revisions\/79315"}],"up":[{"embeddable":true,"href":"https:\/\/whisky.ad\/es\/wp-json\/wp\/v2\/pages\/79248"}],"wp:featuredmedia":[{"embeddable":true,"href":"https:\/\/whisky.ad\/es\/wp-json\/wp\/v2\/media\/76286"}],"wp:attachment":[{"href":"https:\/\/whisky.ad\/es\/wp-json\/wp\/v2\/media?parent=79308"}],"curies":[{"name":"wp","href":"https:\/\/api.w.org\/{rel}","templated":true}]}}