{"id":79287,"date":"2022-12-16T10:01:26","date_gmt":"2022-12-16T09:01:26","guid":{"rendered":"https:\/\/whisky.ad\/whisky\/1792-2\/"},"modified":"2023-12-14T16:44:53","modified_gmt":"2023-12-14T15:44:53","slug":"1792-2","status":"publish","type":"page","link":"https:\/\/whisky.ad\/es\/whisky\/1792-2\/","title":{"rendered":"1792"},"content":{"rendered":"[vc_row type=&#8221;container&#8221; padding_top=&#8221;&#8221; padding_bottom=&#8221;&#8221;][vc_column width=&#8221;2\/3&#8243;][vc_column_text]\n<div class=\"flex flex-grow flex-col gap-3\">\n<div class=\"min-h-[20px] flex flex-col items-start gap-4 whitespace-pre-wrap break-words\">\n<div class=\"markdown prose w-full break-words dark:prose-invert light\">\n<p><strong>1792 Small Batch Bourbon<\/strong><\/p>\n<p>&nbsp;<\/p>\n<p>Experimente el exquisito sabor de <strong>1792 Small Batch Bourbon<\/strong>, un espirituoso que destila sofisticaci\u00f3n y complejidad. Con su precisa elaboraci\u00f3n artesanal, este bourbon se distingue como una creaci\u00f3n verdaderamente \u00fanica. Elaborado meticulosamente con nuestra exclusiva receta &#8220;high rye&#8221; y la combinaci\u00f3n art\u00edstica de barricas selectas elegidas personalmente por nuestro Maestro Destilador, el 1792 Bourbon ofrece una experiencia de consumo sin igual. Prepare su paladar para un perfil de sabor expresivo y elegante que deleita los sentidos. La inconfundible presencia de las especias se entrelaza con gracia con las indulgentes notas del dulce caramelo y la suave vainilla. El resultado es un bourbon atrevido y audaz a la vez, que mantiene un notable nivel de suavidad y equilibrio. Elevando el mundo del whisky a cotas extraordinarias, el Bourbon 1792 es apreciado y venerado por entendidos de todo el mundo. Del\u00e9itese con este excepcional espirituoso y descubra la verdadera esencia de la artesan\u00eda y el refinamiento;  <\/p>\n<\/div>\n<\/div>\n<\/div>\n[\/vc_column_text][\/vc_column][vc_column width=&#8221;1\/3&#8243;][vc_single_image image=&#8221;76250&#8243; img_size=&#8221;medium&#8221; alignment=&#8221;right&#8221;][\/vc_column][\/vc_row]\n","protected":false},"excerpt":{"rendered":"<p>[vc_row type=&#8221;container&#8221; padding_top=&#8221;&#8221; padding_bottom=&#8221;&#8221;][vc_column width=&#8221;2\/3&#8243;][vc_column_text] 1792 Small Batch Bourbon &nbsp; Experimente el exquisito sabor de 1792 Small Batch Bourbon, un espirituoso que destila sofisticaci\u00f3n y complejidad. Con su precisa elaboraci\u00f3n artesanal, este bourbon se distingue como una creaci\u00f3n verdaderamente \u00fanica. Elaborado meticulosamente con nuestra exclusiva receta &#8220;high rye&#8221; y la combinaci\u00f3n art\u00edstica de barricas selectas [&hellip;]<\/p>\n","protected":false},"author":1,"featured_media":76250,"parent":79248,"menu_order":1,"comment_status":"closed","ping_status":"closed","template":"","meta":{"_acf_changed":false,"footnotes":""},"class_list":["post-79287","page","type-page","status-publish","has-post-thumbnail","hentry"],"acf":[],"aioseo_notices":[],"jetpack_sharing_enabled":true,"jetpack_shortlink":"https:\/\/wp.me\/PemYjf-kCP","_links":{"self":[{"href":"https:\/\/whisky.ad\/es\/wp-json\/wp\/v2\/pages\/79287","targetHints":{"allow":["GET"]}}],"collection":[{"href":"https:\/\/whisky.ad\/es\/wp-json\/wp\/v2\/pages"}],"about":[{"href":"https:\/\/whisky.ad\/es\/wp-json\/wp\/v2\/types\/page"}],"author":[{"embeddable":true,"href":"https:\/\/whisky.ad\/es\/wp-json\/wp\/v2\/users\/1"}],"replies":[{"embeddable":true,"href":"https:\/\/whisky.ad\/es\/wp-json\/wp\/v2\/comments?post=79287"}],"version-history":[{"count":3,"href":"https:\/\/whisky.ad\/es\/wp-json\/wp\/v2\/pages\/79287\/revisions"}],"predecessor-version":[{"id":79290,"href":"https:\/\/whisky.ad\/es\/wp-json\/wp\/v2\/pages\/79287\/revisions\/79290"}],"up":[{"embeddable":true,"href":"https:\/\/whisky.ad\/es\/wp-json\/wp\/v2\/pages\/79248"}],"wp:featuredmedia":[{"embeddable":true,"href":"https:\/\/whisky.ad\/es\/wp-json\/wp\/v2\/media\/76250"}],"wp:attachment":[{"href":"https:\/\/whisky.ad\/es\/wp-json\/wp\/v2\/media?parent=79287"}],"curies":[{"name":"wp","href":"https:\/\/api.w.org\/{rel}","templated":true}]}}