{"id":79248,"date":"2019-10-09T21:04:30","date_gmt":"2019-10-09T20:04:30","guid":{"rendered":"https:\/\/whisky.ad\/whisky\/"},"modified":"2023-12-14T16:40:41","modified_gmt":"2023-12-14T15:40:41","slug":"whisky","status":"publish","type":"page","link":"https:\/\/whisky.ad\/es\/whisky\/","title":{"rendered":"WHISKY"},"content":{"rendered":"[vc_row type=&#8221;full_page_width&#8221; padding_top=&#8221;&#8221; padding_bottom=&#8221;&#8221; css=&#8221;.vc_custom_1570977994765{margin-bottom: -15px !important;}&#8221;][vc_column][layerslider_vc id=&#8221;8&#8243;][\/vc_column][\/vc_row][vc_row type=&#8221;container&#8221; padding_top=&#8221;&#8221; padding_bottom=&#8221;&#8221;][vc_column css=&#8221;.vc_custom_1570987703890{margin-top: 25px !important;}&#8221;][vc_column_text]<strong>\u00bfQu\u00e9 es un &#8220;single malt&#8221;, un &#8220;single grain&#8221; o un &#8220;blended&#8221;?<\/strong><\/p>\n<p>El whisky es una bebida espirituosa compleja. Cada tipo de whisky est\u00e1 sujeto a una serie de clasificaciones y normas distintas, lo que hace que cada botella sea \u00fanica. Existen whiskies de malta \u00fanica, de grano \u00fanico y, m\u00e1s com\u00fanmente, de mezcla. Estas distinciones pueden resultar a veces confusas, por lo que en este art\u00edculo exploraremos qu\u00e9 define exactamente un &#8220;single malt&#8221;, un &#8220;single grain&#8221; y un &#8220;blended&#8221;;    <\/p>\n<p><strong>Single Malt<\/strong><br \/>\nEl primer paso para entender el t\u00e9rmino &#8220;single malt&#8221; es determinar a qu\u00e9 parte del proceso de elaboraci\u00f3n del whisky se aplica cada palabra del t\u00e9rmino. En primer lugar, analicemos el t\u00e9rmino &#8220;single&#8221;. Se trata de la parte m\u00e1s confusa del t\u00e9rmino, ya que puede aplicarse a diversos factores relacionados con el whisky. Por ejemplo, una idea err\u00f3nea muy extendida sobre el whisky de malta es que la palabra &#8220;single&#8221; significa que el whisky debe ser el producto de un \u00fanico lote, o barril, de whisky. Sin embargo, no es as\u00ed. De hecho, casi todos los whiskies de malta son mezclas. Cuando decimos &#8220;mezcla&#8221;, nos referimos al proceso de combinar whisky de diferentes barricas y de diferentes edades para formar el producto final. Las distintas barricas aportan sabores diferentes al whisky, por lo que las destiler\u00edas combinan el whisky hasta encontrar un equilibrio de sabores para formar su single malt. Si la palabra &#8220;single&#8221; no se refiere a la barrica o al lote, \u00bfa qu\u00e9 se refiere? &#8220;Single malt&#8221; significa simplemente que el whisky es el producto de una \u00fanica destiler\u00eda. As\u00ed pues, aunque un single malt puede contener whisky de muchas barricas diferentes, todo ese whisky debe haber sido producido por una (una) sola destiler\u00eda. A continuaci\u00f3n, veamos el t\u00e9rmino &#8220;malta&#8221;. Es menos confuso entre los dos, ya que esta palabra no puede hacer mucho m\u00e1s que referirse al grano utilizado para elaborar el whisky. En el caso del single malt, ese grano es exclusivamente cebada. Por tanto, &#8220;single malt&#8221; se refiere al hecho de que el whisky debe elaborarse utilizando \u00fanicamente agua y malta de cebada;               <\/p>\n<p><strong>Single grain<\/strong><br \/>\nAunque a menudo se confunde con &#8220;single malt&#8221; debido a sus similitudes, es fundamental distinguirlos, ya que presentan diferencias significativas. Lo que ambos t\u00e9rminos tienen en com\u00fan es el aspecto &#8220;single&#8221;, que indica que cada whisky se elabora en una \u00fanica destiler\u00eda. Sin embargo, la principal diferencia es que los whiskies de grano \u00fanico no se elaboran exclusivamente con cebada malteada. De hecho, pueden utilizarse otros cereales como trigo, ma\u00edz o centeno, solos o mezclados. Como resultado, los whiskies de grano \u00fanico suelen tener notas m\u00e1s suaves y menos ahumadas. Los whiskies de grano \u00fanico tambi\u00e9n se distinguen por su m\u00e9todo de destilaci\u00f3n. Los whiskies de malta se destilan en alambiques tradicionales, mientras que los whiskies de grano \u00fanico utilizan alambiques de columna. Esta t\u00e9cnica, realizada por lotes, tiene como principal objetivo crear un producto de sabores refinados;        <\/p>\n<p><strong>Whisky Scotish Blended<\/strong><br \/>\nComo ya se ha mencionado, a menudo se combinan distintos whiskies. La necesidad de mezclarlos surgi\u00f3 porque, en aquella \u00e9poca, el single malt ten\u00eda un sabor muy fuerte y crudo que no todo el mundo apreciaba. Gracias a esta combinaci\u00f3n, Usher pudo crear un whisky de sabor m\u00e1s dulce que atra\u00eda a un mercado m\u00e1s amplio. Hoy en d\u00eda, alrededor de nueve de cada diez botellas de whisky escoc\u00e9s que se venden en todo el mundo se comercializan como &#8220;whisky escoc\u00e9s de mezcla&#8221;. Antes de 2009, cualquier mezcla de whisky escoc\u00e9s pod\u00eda considerarse blended scotch. Sin embargo, el Reglamento del Whisky Escoc\u00e9s estipula ahora que el whisky escoc\u00e9s de mezcla debe contener una combinaci\u00f3n de uno o m\u00e1s whiskies escoceses de malta \u00fanica y uno o m\u00e1s whiskies escoceses de grano \u00fanico. La proporci\u00f3n grano\/malta en la mezcla var\u00eda de una botella a otra. El grano forma el cuerpo del whisky, mientras que la malta le aporta un sabor extra. En consecuencia, los whiskies escoceses de mezcla m\u00e1s caros tienden a utilizar un mayor porcentaje de malta en su mezcla. Junto a esta nueva legislaci\u00f3n, han surgido dos nuevas categor\u00edas de whisky blended: el &#8220;whisky bajo en malta&#8221; y el &#8220;whisky escoc\u00e9s blended&#8221;. Aunque el t\u00e9rmino &#8220;whisky escoc\u00e9s mezclado&#8221; englobaba todos estos t\u00e9rminos, el cambio en la definici\u00f3n exacta de un whisky escoc\u00e9s mezclado hizo necesaria la introducci\u00f3n de estas dos nuevas clasificaciones. El whisky escoc\u00e9s de malta mezclado significa que se elabora a partir de una mezcla de dos o m\u00e1s whiskies malteados de diferentes destiler\u00edas. Del mismo modo, un whisky escoc\u00e9s de grano mezclado es una mezcla de dos o m\u00e1s whiskies escoceses de grano \u00fanico de diferentes destiler\u00edas. El blended de malta es el m\u00e1s com\u00fan de los dos, pero algunas destiler\u00edas venden blended de malta a los conocedores de whisky verdaderamente curiosos;<\/p>\n[\/vc_column_text][\/vc_column][\/vc_row][vc_row type=&#8221;container&#8221; padding_top=&#8221;&#8221; padding_bottom=&#8221;&#8221;][vc_column][vc_separator color=&#8221;#000000&#8243; type=&#8221;normal&#8221; thickness=&#8221;1&#8243; up=&#8221;&#8221; down=&#8221;&#8221;][vc_separator color=&#8221;&#8221; type=&#8221;normal&#8221; thickness=&#8221;&#8221; up=&#8221;&#8221; down=&#8221;&#8221;][\/vc_column][\/vc_row]\n","protected":false},"excerpt":{"rendered":"<p>[vc_row type=&#8221;full_page_width&#8221; padding_top=&#8221;&#8221; padding_bottom=&#8221;&#8221; css=&#8221;.vc_custom_1570977994765{margin-bottom: -15px !important;}&#8221;][vc_column][layerslider_vc id=&#8221;8&#8243;][\/vc_column][\/vc_row][vc_row type=&#8221;container&#8221; padding_top=&#8221;&#8221; padding_bottom=&#8221;&#8221;][vc_column css=&#8221;.vc_custom_1570987703890{margin-top: 25px !important;}&#8221;][vc_column_text]\u00bfQu\u00e9 es un &#8220;single malt&#8221;, un &#8220;single grain&#8221; o un &#8220;blended&#8221;? El whisky es una bebida espirituosa compleja. Cada tipo de whisky est\u00e1 sujeto a una serie de clasificaciones y normas distintas, lo que hace que cada botella sea \u00fanica. Existen whiskies [&hellip;]<\/p>\n","protected":false},"author":1,"featured_media":0,"parent":0,"menu_order":0,"comment_status":"closed","ping_status":"closed","template":"page-full-width.php","meta":{"_acf_changed":false,"footnotes":""},"class_list":["post-79248","page","type-page","status-publish","hentry"],"acf":[],"aioseo_notices":[],"jetpack_sharing_enabled":true,"jetpack_shortlink":"https:\/\/wp.me\/PemYjf-kCc","_links":{"self":[{"href":"https:\/\/whisky.ad\/es\/wp-json\/wp\/v2\/pages\/79248","targetHints":{"allow":["GET"]}}],"collection":[{"href":"https:\/\/whisky.ad\/es\/wp-json\/wp\/v2\/pages"}],"about":[{"href":"https:\/\/whisky.ad\/es\/wp-json\/wp\/v2\/types\/page"}],"author":[{"embeddable":true,"href":"https:\/\/whisky.ad\/es\/wp-json\/wp\/v2\/users\/1"}],"replies":[{"embeddable":true,"href":"https:\/\/whisky.ad\/es\/wp-json\/wp\/v2\/comments?post=79248"}],"version-history":[{"count":2,"href":"https:\/\/whisky.ad\/es\/wp-json\/wp\/v2\/pages\/79248\/revisions"}],"predecessor-version":[{"id":79266,"href":"https:\/\/whisky.ad\/es\/wp-json\/wp\/v2\/pages\/79248\/revisions\/79266"}],"wp:attachment":[{"href":"https:\/\/whisky.ad\/es\/wp-json\/wp\/v2\/media?parent=79248"}],"curies":[{"name":"wp","href":"https:\/\/api.w.org\/{rel}","templated":true}]}}