{"id":78333,"date":"2023-08-28T08:43:09","date_gmt":"2023-08-28T07:43:09","guid":{"rendered":"https:\/\/whisky.ad\/calvados-y-aguardiente-de-manzana\/"},"modified":"2023-12-05T11:13:09","modified_gmt":"2023-12-05T10:13:09","slug":"calvados-y-aguardiente-de-manzana","status":"publish","type":"page","link":"https:\/\/whisky.ad\/es\/calvados-y-aguardiente-de-manzana\/","title":{"rendered":"CALVADOS Y AGUARDIENTE DE MANZANA"},"content":{"rendered":"[vc_row type=&#8221;full_page_width&#8221; padding_top=&#8221;&#8221; padding_bottom=&#8221;&#8221;][vc_column][layerslider_vc id=&#8221;16&#8243;][\/vc_column][\/vc_row][vc_row type=&#8221;full_page_width_inner_container&#8221; padding_top=&#8221;&#8221; padding_bottom=&#8221;&#8221;][vc_column][vc_column_text]\n<div class=\"flex flex-grow flex-col gap-3 max-w-full\">\n<div class=\"min-h-[20px] flex flex-col items-start gap-3 overflow-x-auto whitespace-pre-wrap break-words\">\n<div class=\"markdown prose w-full break-words dark:prose-invert light\">\n<p><strong>\u00bfQu\u00e9 es el calvados y el aguardiente de manzana?<\/strong><\/p>\n<p>El Calvados es un tipo de aguardiente que se produce exclusivamente en la regi\u00f3n francesa de Normand\u00eda. Se elabora a partir de la destilaci\u00f3n de sidra fermentada de manzana o pera, y a menudo se denomina &#8220;aguardiente de manzana&#8221; debido a que en su proceso de producci\u00f3n se utilizan principalmente manzanas. El Calvados es conocido por sus sabores ricos y complejos, en los que influyen la fruta utilizada, el m\u00e9todo de destilaci\u00f3n y el proceso de envejecimiento.<\/p>\n<p>He aqu\u00ed algunas caracter\u00edsticas clave del Calvados:<\/p>\n<ol>\n<li><strong>Elaboraci\u00f3n:<\/strong> El calvados se produce mediante la destilaci\u00f3n de sidra de manzana o de pera. La fruta se prensa para extraer el zumo, que luego se fermenta y se convierte en sidra. A continuaci\u00f3n, esta sidra se destila para crear un alcohol de alta graduaci\u00f3n, que se envejece en barricas de roble. El proceso de envejecimiento permite al Calvados desarrollar sus sabores, aromas y color.<\/li>\n<li><strong>Variedades de manzana:<\/strong> La elecci\u00f3n de las variedades de manzana utilizadas en la producci\u00f3n de Calvados puede influir enormemente en el perfil de sabor final. Los distintos tipos de manzana, cada uno con su propio nivel de dulzor, acidez y taninos, contribuyen a la complejidad de la bebida espirituosa. <\/li>\n<li><strong>Envejecimiento:<\/strong> El Calvados se envejece en barricas de roble durante un periodo que var\u00eda en funci\u00f3n del estilo y la calidad deseados. Los calvados etiquetados como &#8220;VS&#8221; (Very Special) deben envejecer un m\u00ednimo de dos a\u00f1os, los &#8220;VSOP&#8221; (Very Superior Old Pale) un m\u00ednimo de cuatro a\u00f1os y los &#8220;XO&#8221; (Extra Old) un m\u00ednimo de seis a\u00f1os. Los periodos de envejecimiento m\u00e1s largos pueden dar lugar a sabores m\u00e1s desarrollados y matizados.  <\/li>\n<li><strong>Perfil de sabor:<\/strong> El Calvados ofrece una amplia gama de sabores, como notas de manzana y pera, junto con toques de especias, caramelo, vainilla y, a veces, incluso matices florales o de frutos secos. El proceso de envejecimiento tambi\u00e9n introduce caracter\u00edsticas del roble. <\/li>\n<li><strong>Usos:<\/strong> El calvados se puede tomar solo, pero tambi\u00e9n se utiliza en c\u00f3cteles y como ingrediente culinario en cocina y reposter\u00eda.<\/li>\n<li><strong>Indicaci\u00f3n geogr\u00e1fica:<\/strong> Como muchos productos tradicionales europeos, el Calvados est\u00e1 protegido por la normativa sobre indicaciones geogr\u00e1ficas. Esto significa que solo las bebidas espirituosas producidas en la regi\u00f3n francesa de Normand\u00eda pueden llevar la etiqueta Calvados. <\/li>\n<\/ol>\n<p>El Calvados es un tipo de aguardiente muy apreciado y distinto que refleja el terru\u00f1o de la regi\u00f3n de Normand\u00eda y muestra los sabores \u00fanicos de las manzanas y peras utilizadas en su elaboraci\u00f3n. Ha ganado popularidad entre quienes aprecian su car\u00e1cter sabroso y diverso.<\/p>\n<\/div>\n<\/div>\n<\/div>\n[\/vc_column_text][\/vc_column][\/vc_row][vc_row type=&#8221;container&#8221; padding_top=&#8221;&#8221; padding_bottom=&#8221;&#8221;][vc_column]<div class=\"woocommerce columns-3 \"><ul class=\"products columns-3\">\n<li class=\"product type-product post-78414 status-publish first instock product_cat-bebidas-acoholicas-es product_cat-calvados-es-2 has-post-thumbnail taxable shipping-taxable purchasable product-type-simple\">\n\t<a href=\"https:\/\/whisky.ad\/es\/producto\/aoc-calvados-dupont-15-yo-0-7l-42\/\" class=\"woocommerce-LoopProduct-link woocommerce-loop-product__link\"><img loading=\"lazy\" decoding=\"async\" width=\"300\" height=\"300\" src=\"https:\/\/whisky.ad\/wp-content\/uploads\/2023\/12\/calvados-dupont-15-y-768x768-1-300x300.png\" class=\"attachment-woocommerce_thumbnail size-woocommerce_thumbnail\" alt=\"AOC Calvados Dupont 15 yo 0.7l 42%\" srcset=\"https:\/\/whisky.ad\/wp-content\/uploads\/2023\/12\/calvados-dupont-15-y-768x768-1-300x300.png 300w, https:\/\/whisky.ad\/wp-content\/uploads\/2023\/12\/calvados-dupont-15-y-768x768-1-500x500.png 500w, https:\/\/whisky.ad\/wp-content\/uploads\/2023\/12\/calvados-dupont-15-y-768x768-1-100x100.png 100w, https:\/\/whisky.ad\/wp-content\/uploads\/2023\/12\/calvados-dupont-15-y-768x768-1-150x150.png 150w, https:\/\/whisky.ad\/wp-content\/uploads\/2023\/12\/calvados-dupont-15-y-768x768-1-1024x1024.png 1024w\" sizes=\"auto, (max-width: 300px) 100vw, 300px\" \/><h2 class=\"woocommerce-loop-product__title\">AOC Calvados Dupont 15 yo 0.7l 42%<\/h2>\n\t<span class=\"price\"><span class=\"woocommerce-Price-amount amount\"><bdi><span class=\"woocommerce-Price-currencySymbol\">&euro;<\/span>59.95<\/bdi><\/span><\/span>\n<\/a><a href=\"\/es\/wp-json\/wp\/v2\/pages\/78333?add-to-cart=78414\" aria-describedby=\"woocommerce_loop_add_to_cart_link_describedby_78414\" data-quantity=\"1\" class=\"button product_type_simple add_to_cart_button ajax_add_to_cart\" data-product_id=\"78414\" data-product_sku=\"\" aria-label=\"A\u00f1adir al carrito: &ldquo;AOC Calvados Dupont 15 yo 0.7l 42%&rdquo;\" rel=\"nofollow\" data-success_message=\"\u00abAOC Calvados Dupont 15 yo 0.7l 42%\u00bb se ha a\u00f1adido a tu carrito\" title=\"Minimum qty is 1\">A\u00f1adir al carrito<\/a>\t<span id=\"woocommerce_loop_add_to_cart_link_describedby_78414\" class=\"screen-reader-text\">\n\t\t\t<\/span>\n<\/li>\n<li class=\"product type-product post-78417 status-publish instock product_cat-bebidas-acoholicas-es product_cat-calvados-es-2 has-post-thumbnail taxable shipping-taxable purchasable product-type-simple\">\n\t<a href=\"https:\/\/whisky.ad\/es\/producto\/aoc-calvados-dupont-30yo-0-7l-41\/\" class=\"woocommerce-LoopProduct-link woocommerce-loop-product__link\"><img loading=\"lazy\" decoding=\"async\" width=\"300\" height=\"300\" src=\"https:\/\/whisky.ad\/wp-content\/uploads\/2023\/08\/calvados-dupont-30y-500x500-1-300x300.png\" class=\"attachment-woocommerce_thumbnail size-woocommerce_thumbnail\" alt=\"AOC Calvados Dupont 30yo 0.7l. 41%\" srcset=\"https:\/\/whisky.ad\/wp-content\/uploads\/2023\/08\/calvados-dupont-30y-500x500-1-300x300.png 300w, https:\/\/whisky.ad\/wp-content\/uploads\/2023\/08\/calvados-dupont-30y-500x500-1-100x100.png 100w, https:\/\/whisky.ad\/wp-content\/uploads\/2023\/08\/calvados-dupont-30y-500x500-1-150x150.png 150w, https:\/\/whisky.ad\/wp-content\/uploads\/2023\/08\/calvados-dupont-30y-500x500-1-768x768.png 768w, https:\/\/whisky.ad\/wp-content\/uploads\/2023\/08\/calvados-dupont-30y-500x500-1-1024x1024.png 1024w\" sizes=\"auto, (max-width: 300px) 100vw, 300px\" \/><h2 class=\"woocommerce-loop-product__title\">AOC Calvados Dupont 30yo 0.7l. 41%<\/h2>\n\t<span class=\"price\"><span class=\"woocommerce-Price-amount amount\"><bdi><span class=\"woocommerce-Price-currencySymbol\">&euro;<\/span>99.95<\/bdi><\/span><\/span>\n<\/a><a href=\"\/es\/wp-json\/wp\/v2\/pages\/78333?add-to-cart=78417\" aria-describedby=\"woocommerce_loop_add_to_cart_link_describedby_78417\" data-quantity=\"1\" class=\"button product_type_simple add_to_cart_button ajax_add_to_cart\" data-product_id=\"78417\" data-product_sku=\"\" aria-label=\"A\u00f1adir al carrito: &ldquo;AOC Calvados Dupont 30yo 0.7l. 41%&rdquo;\" rel=\"nofollow\" data-success_message=\"\u00abAOC Calvados Dupont 30yo 0.7l. 41%\u00bb se ha a\u00f1adido a tu carrito\" title=\"Minimum qty is 1\">A\u00f1adir al carrito<\/a>\t<span id=\"woocommerce_loop_add_to_cart_link_describedby_78417\" class=\"screen-reader-text\">\n\t\t\t<\/span>\n<\/li>\n<li class=\"product type-product post-78420 status-publish last instock product_cat-bebidas-acoholicas-es product_cat-calvados-es-2 has-post-thumbnail taxable shipping-taxable purchasable product-type-simple\">\n\t<a href=\"https:\/\/whisky.ad\/es\/producto\/aoc-fine-bretagne-cuvee-etoile-0-7l-43\/\" class=\"woocommerce-LoopProduct-link woocommerce-loop-product__link\"><img loading=\"lazy\" decoding=\"async\" width=\"300\" height=\"300\" src=\"https:\/\/whisky.ad\/wp-content\/uploads\/2023\/08\/Fine-ETOILE--300x300.jpg\" class=\"attachment-woocommerce_thumbnail size-woocommerce_thumbnail\" alt=\"AOC Fine Bretagne Cuv\u00e9e \u00e9toile 0.7l 43%\" srcset=\"https:\/\/whisky.ad\/wp-content\/uploads\/2023\/08\/Fine-ETOILE--300x300.jpg 300w, https:\/\/whisky.ad\/wp-content\/uploads\/2023\/08\/Fine-ETOILE--500x500.jpg 500w, https:\/\/whisky.ad\/wp-content\/uploads\/2023\/08\/Fine-ETOILE--100x100.jpg 100w, https:\/\/whisky.ad\/wp-content\/uploads\/2023\/08\/Fine-ETOILE--150x150.jpg 150w, https:\/\/whisky.ad\/wp-content\/uploads\/2023\/08\/Fine-ETOILE--768x768.jpg 768w, https:\/\/whisky.ad\/wp-content\/uploads\/2023\/08\/Fine-ETOILE--1024x1024.jpg 1024w\" sizes=\"auto, (max-width: 300px) 100vw, 300px\" \/><h2 class=\"woocommerce-loop-product__title\">AOC Fine Bretagne Cuv\u00e9e \u00e9toile 0.7l 43%<\/h2>\n\t<span class=\"price\"><span class=\"woocommerce-Price-amount amount\"><bdi><span class=\"woocommerce-Price-currencySymbol\">&euro;<\/span>28.95<\/bdi><\/span><\/span>\n<\/a><a href=\"\/es\/wp-json\/wp\/v2\/pages\/78333?add-to-cart=78420\" aria-describedby=\"woocommerce_loop_add_to_cart_link_describedby_78420\" data-quantity=\"1\" class=\"button product_type_simple add_to_cart_button ajax_add_to_cart\" data-product_id=\"78420\" data-product_sku=\"\" aria-label=\"A\u00f1adir al carrito: &ldquo;AOC Fine Bretagne Cuv\u00e9e \u00e9toile 0.7l 43%&rdquo;\" rel=\"nofollow\" data-success_message=\"\u00abAOC Fine Bretagne Cuv\u00e9e \u00e9toile 0.7l 43%\u00bb se ha a\u00f1adido a tu carrito\" title=\"Minimum qty is 1\">A\u00f1adir al carrito<\/a>\t<span id=\"woocommerce_loop_add_to_cart_link_describedby_78420\" class=\"screen-reader-text\">\n\t\t\t<\/span>\n<\/li>\n<li class=\"product type-product post-78423 status-publish first instock product_cat-bebidas-acoholicas-es product_cat-calvados-es-2 has-post-thumbnail taxable shipping-taxable purchasable product-type-simple\">\n\t<a href=\"https:\/\/whisky.ad\/es\/producto\/aoc-fine-bretagne-cuvee-glycine-0-7l-40\/\" class=\"woocommerce-LoopProduct-link woocommerce-loop-product__link\"><img loading=\"lazy\" decoding=\"async\" width=\"300\" height=\"300\" src=\"https:\/\/whisky.ad\/wp-content\/uploads\/2023\/08\/Fine-Lambig_Glycine-300x300.jpg\" class=\"attachment-woocommerce_thumbnail size-woocommerce_thumbnail\" alt=\"AOC Fine Bretagne cuv\u00e9e Glycine 0.7l 40%\" srcset=\"https:\/\/whisky.ad\/wp-content\/uploads\/2023\/08\/Fine-Lambig_Glycine-300x300.jpg 300w, https:\/\/whisky.ad\/wp-content\/uploads\/2023\/08\/Fine-Lambig_Glycine-500x500.jpg 500w, https:\/\/whisky.ad\/wp-content\/uploads\/2023\/08\/Fine-Lambig_Glycine-100x100.jpg 100w, https:\/\/whisky.ad\/wp-content\/uploads\/2023\/08\/Fine-Lambig_Glycine-150x150.jpg 150w, https:\/\/whisky.ad\/wp-content\/uploads\/2023\/08\/Fine-Lambig_Glycine-768x768.jpg 768w, https:\/\/whisky.ad\/wp-content\/uploads\/2023\/08\/Fine-Lambig_Glycine-1024x1024.jpg 1024w\" sizes=\"auto, (max-width: 300px) 100vw, 300px\" \/><h2 class=\"woocommerce-loop-product__title\">AOC Fine Bretagne cuv\u00e9e Glycine 0.7l 40%<\/h2>\n\t<span class=\"price\"><span class=\"woocommerce-Price-amount amount\"><bdi><span class=\"woocommerce-Price-currencySymbol\">&euro;<\/span>20.95<\/bdi><\/span><\/span>\n<\/a><a href=\"\/es\/wp-json\/wp\/v2\/pages\/78333?add-to-cart=78423\" aria-describedby=\"woocommerce_loop_add_to_cart_link_describedby_78423\" data-quantity=\"1\" class=\"button product_type_simple add_to_cart_button ajax_add_to_cart\" data-product_id=\"78423\" data-product_sku=\"\" aria-label=\"A\u00f1adir al carrito: &ldquo;AOC Fine Bretagne cuv\u00e9e Glycine 0.7l 40%&rdquo;\" rel=\"nofollow\" data-success_message=\"\u00abAOC Fine Bretagne cuv\u00e9e Glycine 0.7l 40%\u00bb se ha a\u00f1adido a tu carrito\" title=\"Minimum qty is 1\">A\u00f1adir al carrito<\/a>\t<span id=\"woocommerce_loop_add_to_cart_link_describedby_78423\" class=\"screen-reader-text\">\n\t\t\t<\/span>\n<\/li>\n<\/ul>\n<\/div>[\/vc_column][\/vc_row]\n","protected":false},"excerpt":{"rendered":"<p>[vc_row type=&#8221;full_page_width&#8221; padding_top=&#8221;&#8221; padding_bottom=&#8221;&#8221;][vc_column][layerslider_vc id=&#8221;16&#8243;][\/vc_column][\/vc_row][vc_row type=&#8221;full_page_width_inner_container&#8221; padding_top=&#8221;&#8221; padding_bottom=&#8221;&#8221;][vc_column][vc_column_text] \u00bfQu\u00e9 es el calvados y el aguardiente de manzana? El Calvados es un tipo de aguardiente que se produce exclusivamente en la regi\u00f3n francesa de Normand\u00eda. Se elabora a partir de la destilaci\u00f3n de sidra fermentada de manzana o pera, y a menudo se denomina &#8220;aguardiente de [&hellip;]<\/p>\n","protected":false},"author":1,"featured_media":0,"parent":0,"menu_order":0,"comment_status":"closed","ping_status":"closed","template":"page-full-width.php","meta":{"_acf_changed":false,"footnotes":""},"class_list":["post-78333","page","type-page","status-publish","hentry"],"acf":[],"aioseo_notices":[],"jetpack_sharing_enabled":true,"jetpack_shortlink":"https:\/\/wp.me\/PemYjf-knr","_links":{"self":[{"href":"https:\/\/whisky.ad\/es\/wp-json\/wp\/v2\/pages\/78333","targetHints":{"allow":["GET"]}}],"collection":[{"href":"https:\/\/whisky.ad\/es\/wp-json\/wp\/v2\/pages"}],"about":[{"href":"https:\/\/whisky.ad\/es\/wp-json\/wp\/v2\/types\/page"}],"author":[{"embeddable":true,"href":"https:\/\/whisky.ad\/es\/wp-json\/wp\/v2\/users\/1"}],"replies":[{"embeddable":true,"href":"https:\/\/whisky.ad\/es\/wp-json\/wp\/v2\/comments?post=78333"}],"version-history":[{"count":2,"href":"https:\/\/whisky.ad\/es\/wp-json\/wp\/v2\/pages\/78333\/revisions"}],"predecessor-version":[{"id":78351,"href":"https:\/\/whisky.ad\/es\/wp-json\/wp\/v2\/pages\/78333\/revisions\/78351"}],"wp:attachment":[{"href":"https:\/\/whisky.ad\/es\/wp-json\/wp\/v2\/media?parent=78333"}],"curies":[{"name":"wp","href":"https:\/\/api.w.org\/{rel}","templated":true}]}}