{"id":78276,"date":"2023-08-28T08:22:25","date_gmt":"2023-08-28T07:22:25","guid":{"rendered":"https:\/\/whisky.ad\/amargo\/"},"modified":"2023-12-05T10:59:21","modified_gmt":"2023-12-05T09:59:21","slug":"amargo","status":"publish","type":"page","link":"https:\/\/whisky.ad\/es\/amargo\/","title":{"rendered":"AMARGO"},"content":{"rendered":"[vc_row type=&#8221;full_page_width&#8221; padding_top=&#8221;&#8221; padding_bottom=&#8221;&#8221;][\/vc_row][vc_row type=&#8221;full_page_width&#8221; padding_top=&#8221;&#8221; padding_bottom=&#8221;&#8221;][vc_column][layerslider_vc id=&#8221;15&#8243;][\/vc_column][\/vc_row][vc_row type=&#8221;container&#8221; padding_top=&#8221;&#8221; padding_bottom=&#8221;&#8221;][vc_column][vc_column_text]\n<div class=\"flex flex-grow flex-col gap-3 max-w-full\">\n<div class=\"min-h-[20px] flex flex-col items-start gap-3 overflow-x-auto whitespace-pre-wrap break-words\">\n<div class=\"markdown prose w-full break-words dark:prose-invert light\">\n<p><strong>\u00bfQu\u00e9 son los amargos?<\/strong><\/p>\n<p>Los bitters no suelen consumirse como bebida independiente, sino que se utilizan como agentes aromatizantes en c\u00f3cteles y combinados. Son l\u00edquidos arom\u00e1ticos muy concentrados que se infusionan con una variedad de hierbas, especias, ra\u00edces y otros ingredientes bot\u00e1nicos. Los bitters se utilizan en peque\u00f1as cantidades para a\u00f1adir complejidad, profundidad y equilibrio a los c\u00f3cteles, aportando un perfil de sabor espec\u00edfico y mejorando la experiencia gustativa general. Pueden tener una amplia gama de sabores, desde amargo a dulce y todo lo dem\u00e1s, y a menudo se utilizan para complementar y realzar los sabores de otros ingredientes de un c\u00f3ctel. Algunos tipos de bitters muy conocidos son: <\/p>\n<ol>\n<li><strong>Amargos de Angostura:<\/strong> Quiz\u00e1s el tipo de amargo m\u00e1s famoso y utilizado, el amargo de Angostura se origin\u00f3 en Venezuela y es conocido por su sabor distintivo, que incluye notas de especias, c\u00edtricos y un fuerte elemento amargo. Son un ingrediente clave en muchos c\u00f3cteles cl\u00e1sicos como el Old Fashioned y el Manhattan. <\/li>\n<li><strong>Amargo de naranja:<\/strong> Estos amargos se infusionan con piel de naranja y otros bot\u00e1nicos, proporcionando un sabor c\u00edtrico y ligeramente amargo. Suelen utilizarse en c\u00f3cteles que requieren un toque de esencia de naranja. <\/li>\n<li><strong>Amargos arom\u00e1ticos:<\/strong> Esta categor\u00eda incluye los amargos que se utilizan generalmente para a\u00f1adir profundidad y complejidad a los c\u00f3cteles. Pueden variar mucho en sabor, incorporando una mezcla de especias y hierbas. <\/li>\n<li><strong>Amargos de hierbas:<\/strong> Estos amargos acent\u00faan los sabores de diversas hierbas y pueden utilizarse para a\u00f1adir un elemento terroso y herb\u00e1ceo a los c\u00f3cteles.<\/li>\n<li><strong>Amargos de frutas:<\/strong> Estos amargos se infusionan con la esencia de frutas espec\u00edficas, a\u00f1adiendo un sabor afrutado y a veces ligeramente \u00e1cido a los c\u00f3cteles.<\/li>\n<\/ol>\n<p>Es importante tener en cuenta que los bitters tienen un sabor bastante fuerte, por lo que suelen utilizarse en pizcas o gotas, dependiendo de la receta. Desempe\u00f1an un papel fundamental en el mundo de la cocteler\u00eda, ya que permiten a los barmans y aficionados a los c\u00f3cteles elaborar bebidas con una amplia gama de sabores y aromas. <\/p><\/div>\n<\/div>\n<\/div>\n<div class=\"flex justify-between lg:block\">\n<div class=\"text-gray-400 flex self-end lg:self-center justify-center mt-2 gap-2 md:gap-3 lg:gap-1 lg:absolute lg:top-0 lg:translate-x-full lg:right-0 lg:mt-0 lg:pl-2 visible\"><\/div>\n<\/div>\n[\/vc_column_text][\/vc_column][\/vc_row][vc_row type=&#8221;container&#8221; padding_top=&#8221;&#8221; padding_bottom=&#8221;&#8221;][vc_column]<div class=\"woocommerce columns-3 \"><ul class=\"products columns-3\">\n<li class=\"product type-product post-78682 status-publish first instock product_cat-bebidas-acoholicas-es product_cat-aquavit-es product_cat-bitter-es has-post-thumbnail taxable shipping-taxable purchasable product-type-simple\">\n\t<a href=\"https:\/\/whisky.ad\/es\/producto\/gammel-dansk-bitter-0-7l-38\/\" class=\"woocommerce-LoopProduct-link woocommerce-loop-product__link\"><img loading=\"lazy\" decoding=\"async\" width=\"300\" height=\"300\" src=\"https:\/\/whisky.ad\/wp-content\/uploads\/2023\/08\/gammel-dansk-300x300.jpg\" class=\"attachment-woocommerce_thumbnail size-woocommerce_thumbnail\" alt=\"Gammel Dansk Bitter 0.7l 38%\" srcset=\"https:\/\/whisky.ad\/wp-content\/uploads\/2023\/08\/gammel-dansk-300x300.jpg 300w, https:\/\/whisky.ad\/wp-content\/uploads\/2023\/08\/gammel-dansk-100x100.jpg 100w, https:\/\/whisky.ad\/wp-content\/uploads\/2023\/08\/gammel-dansk-150x150.jpg 150w, https:\/\/whisky.ad\/wp-content\/uploads\/2023\/08\/gammel-dansk-768x768.jpg 768w, https:\/\/whisky.ad\/wp-content\/uploads\/2023\/08\/gammel-dansk-1024x1024.jpg 1024w\" sizes=\"auto, (max-width: 300px) 100vw, 300px\" \/><h2 class=\"woocommerce-loop-product__title\">Gammel Dansk Bitter 0.7l 38%<\/h2>\n\t<span class=\"price\"><span class=\"woocommerce-Price-amount amount\"><bdi><span class=\"woocommerce-Price-currencySymbol\">&euro;<\/span>16.95<\/bdi><\/span><\/span>\n<\/a><a href=\"\/es\/wp-json\/wp\/v2\/pages\/78276?add-to-cart=78682\" aria-describedby=\"woocommerce_loop_add_to_cart_link_describedby_78682\" data-quantity=\"1\" class=\"button product_type_simple add_to_cart_button ajax_add_to_cart\" data-product_id=\"78682\" data-product_sku=\"\" aria-label=\"A\u00f1adir al carrito: &ldquo;Gammel Dansk Bitter 0.7l 38%&rdquo;\" rel=\"nofollow\" data-success_message=\"\u00abGammel Dansk Bitter 0.7l 38%\u00bb se ha a\u00f1adido a tu carrito\" title=\"Minimum qty is 1\">A\u00f1adir al carrito<\/a>\t<span id=\"woocommerce_loop_add_to_cart_link_describedby_78682\" class=\"screen-reader-text\">\n\t\t\t<\/span>\n<\/li>\n<li class=\"product type-product post-78934 status-publish instock product_cat-bebidas-acoholicas-es product_cat-aquavit-es product_cat-bitter-es has-post-thumbnail taxable shipping-taxable purchasable product-type-simple\">\n\t<a href=\"https:\/\/whisky.ad\/es\/producto\/malteser-aquavit-bitter-0-7l-40\/\" class=\"woocommerce-LoopProduct-link woocommerce-loop-product__link\"><img loading=\"lazy\" decoding=\"async\" width=\"300\" height=\"300\" src=\"https:\/\/whisky.ad\/wp-content\/uploads\/2023\/08\/malteser-1-300x300.webp\" class=\"attachment-woocommerce_thumbnail size-woocommerce_thumbnail\" alt=\"Malteser Aquavit-Bitter 0.7l 40%\" srcset=\"https:\/\/whisky.ad\/wp-content\/uploads\/2023\/08\/malteser-1-300x300.webp 300w, https:\/\/whisky.ad\/wp-content\/uploads\/2023\/08\/malteser-1-500x500.webp 500w, https:\/\/whisky.ad\/wp-content\/uploads\/2023\/08\/malteser-1-100x100.webp 100w, https:\/\/whisky.ad\/wp-content\/uploads\/2023\/08\/malteser-1-150x150.webp 150w, https:\/\/whisky.ad\/wp-content\/uploads\/2023\/08\/malteser-1-768x768.webp 768w, https:\/\/whisky.ad\/wp-content\/uploads\/2023\/08\/malteser-1-1024x1024.webp 1024w\" sizes=\"auto, (max-width: 300px) 100vw, 300px\" \/><h2 class=\"woocommerce-loop-product__title\">Malteser Aquavit-Bitter 0.7l 40%<\/h2>\n\t<span class=\"price\"><span class=\"woocommerce-Price-amount amount\"><bdi><span class=\"woocommerce-Price-currencySymbol\">&euro;<\/span>16.65<\/bdi><\/span><\/span>\n<\/a><a href=\"\/es\/wp-json\/wp\/v2\/pages\/78276?add-to-cart=78934\" aria-describedby=\"woocommerce_loop_add_to_cart_link_describedby_78934\" data-quantity=\"1\" class=\"button product_type_simple add_to_cart_button ajax_add_to_cart\" data-product_id=\"78934\" data-product_sku=\"\" aria-label=\"A\u00f1adir al carrito: &ldquo;Malteser Aquavit-Bitter 0.7l 40%&rdquo;\" rel=\"nofollow\" data-success_message=\"\u00abMalteser Aquavit-Bitter 0.7l 40%\u00bb se ha a\u00f1adido a tu carrito\" title=\"Minimum qty is 1\">A\u00f1adir al carrito<\/a>\t<span id=\"woocommerce_loop_add_to_cart_link_describedby_78934\" class=\"screen-reader-text\">\n\t\t\t<\/span>\n<\/li>\n<li class=\"product type-product post-79001 status-publish last outofstock product_cat-bebidas-acoholicas-es product_cat-bitter-es has-post-thumbnail taxable shipping-taxable product-type-simple\">\n\t<a href=\"https:\/\/whisky.ad\/es\/producto\/peychauds-bitter-296ml-35\/\" class=\"woocommerce-LoopProduct-link woocommerce-loop-product__link\"><img loading=\"lazy\" decoding=\"async\" width=\"300\" height=\"300\" src=\"https:\/\/whisky.ad\/wp-content\/uploads\/2023\/08\/peychauds-300x300.png\" class=\"attachment-woocommerce_thumbnail size-woocommerce_thumbnail\" alt=\"Peychaud\u00b4s Bitter 296ml. 35%\" srcset=\"https:\/\/whisky.ad\/wp-content\/uploads\/2023\/08\/peychauds-300x300.png 300w, https:\/\/whisky.ad\/wp-content\/uploads\/2023\/08\/peychauds-500x500.png 500w, https:\/\/whisky.ad\/wp-content\/uploads\/2023\/08\/peychauds-100x100.png 100w, https:\/\/whisky.ad\/wp-content\/uploads\/2023\/08\/peychauds-150x150.png 150w, https:\/\/whisky.ad\/wp-content\/uploads\/2023\/08\/peychauds-768x768.png 768w, https:\/\/whisky.ad\/wp-content\/uploads\/2023\/08\/peychauds-1024x1024.png 1024w\" sizes=\"auto, (max-width: 300px) 100vw, 300px\" \/><span class=\"out-of-stock-label\" style=\"color:red; font-weight:bold; margin-left:10px;\">Out of stock<\/span><h2 class=\"woocommerce-loop-product__title\">Peychaud\u00b4s Bitter 296ml. 35%<\/h2>\n<\/a><a href=\"https:\/\/whisky.ad\/es\/producto\/peychauds-bitter-296ml-35\/\" aria-describedby=\"woocommerce_loop_add_to_cart_link_describedby_79001\" data-quantity=\"1\" class=\"button product_type_simple\" data-product_id=\"79001\" data-product_sku=\"\" aria-label=\"Lee m\u00e1s sobre &ldquo;Peychaud\u00b4s Bitter 296ml. 35%&rdquo;\" rel=\"nofollow\" data-success_message=\"\" title=\"Minimum qty is 1\">Leer m\u00e1s<\/a>\t<span id=\"woocommerce_loop_add_to_cart_link_describedby_79001\" class=\"screen-reader-text\">\n\t\t\t<\/span>\n<\/li>\n<\/ul>\n<\/div>[\/vc_column][\/vc_row]\n","protected":false},"excerpt":{"rendered":"<p>[vc_row type=&#8221;full_page_width&#8221; padding_top=&#8221;&#8221; padding_bottom=&#8221;&#8221;][\/vc_row][vc_row type=&#8221;full_page_width&#8221; padding_top=&#8221;&#8221; padding_bottom=&#8221;&#8221;][vc_column][layerslider_vc id=&#8221;15&#8243;][\/vc_column][\/vc_row][vc_row type=&#8221;container&#8221; padding_top=&#8221;&#8221; padding_bottom=&#8221;&#8221;][vc_column][vc_column_text] \u00bfQu\u00e9 son los amargos? Los bitters no suelen consumirse como bebida independiente, sino que se utilizan como agentes aromatizantes en c\u00f3cteles y combinados. Son l\u00edquidos arom\u00e1ticos muy concentrados que se infusionan con una variedad de hierbas, especias, ra\u00edces y otros ingredientes bot\u00e1nicos. Los bitters [&hellip;]<\/p>\n","protected":false},"author":1,"featured_media":0,"parent":0,"menu_order":0,"comment_status":"closed","ping_status":"closed","template":"page-full-width.php","meta":{"_acf_changed":false,"footnotes":""},"class_list":["post-78276","page","type-page","status-publish","hentry"],"acf":[],"aioseo_notices":[],"jetpack_sharing_enabled":true,"jetpack_shortlink":"https:\/\/wp.me\/PemYjf-kmw","_links":{"self":[{"href":"https:\/\/whisky.ad\/es\/wp-json\/wp\/v2\/pages\/78276","targetHints":{"allow":["GET"]}}],"collection":[{"href":"https:\/\/whisky.ad\/es\/wp-json\/wp\/v2\/pages"}],"about":[{"href":"https:\/\/whisky.ad\/es\/wp-json\/wp\/v2\/types\/page"}],"author":[{"embeddable":true,"href":"https:\/\/whisky.ad\/es\/wp-json\/wp\/v2\/users\/1"}],"replies":[{"embeddable":true,"href":"https:\/\/whisky.ad\/es\/wp-json\/wp\/v2\/comments?post=78276"}],"version-history":[{"count":2,"href":"https:\/\/whisky.ad\/es\/wp-json\/wp\/v2\/pages\/78276\/revisions"}],"predecessor-version":[{"id":78294,"href":"https:\/\/whisky.ad\/es\/wp-json\/wp\/v2\/pages\/78276\/revisions\/78294"}],"wp:attachment":[{"href":"https:\/\/whisky.ad\/es\/wp-json\/wp\/v2\/media?parent=78276"}],"curies":[{"name":"wp","href":"https:\/\/api.w.org\/{rel}","templated":true}]}}