{"id":78238,"date":"2019-10-13T18:14:30","date_gmt":"2019-10-13T17:14:30","guid":{"rendered":"https:\/\/whisky.ad\/aquavit\/"},"modified":"2023-12-05T10:52:36","modified_gmt":"2023-12-05T09:52:36","slug":"aquavit","status":"publish","type":"page","link":"https:\/\/whisky.ad\/es\/aquavit\/","title":{"rendered":"AQUAVIT"},"content":{"rendered":"[vc_row type=&#8221;full_page_width&#8221; padding_top=&#8221;&#8221; padding_bottom=&#8221;&#8221;][vc_column][layerslider_vc id=&#8221;12&#8243;][\/vc_column][\/vc_row][vc_row type=&#8221;container&#8221; padding_top=&#8221;&#8221; padding_bottom=&#8221;&#8221; css=&#8221;.vc_custom_1570987386070{margin-top: -15px !important;}&#8221;][vc_column][vc_column_text]<strong>\u00bfC\u00f3mo se fabrica el Aquavit?<\/strong><\/p>\n<div class=\"flex flex-grow flex-col gap-3 max-w-full\">\n<div class=\"min-h-[20px] flex flex-col items-start gap-3 overflow-x-auto whitespace-pre-wrap break-words\">\n<div class=\"markdown prose w-full break-words dark:prose-invert light\">\n<p>La producci\u00f3n de aquavit es muy parecida a la del vodka o la ginebra, ya que se utiliza un destilado de grano neutro o, en el caso de Noruega, patatas. El aguardiente se infusiona con diversos componentes aromatizantes. Aunque la nota distintiva de la alcaravea es esencial en el aquavit, el eneldo tambi\u00e9n desempe\u00f1a un papel preponderante. La normativa de la Uni\u00f3n Europea (UE) estipula la inclusi\u00f3n de alcaravea y\/o eneldo, aunque tambi\u00e9n se utiliza una mezcla de otras hierbas, especias y fragancias c\u00edtricas. Este conjunto abarca an\u00eds, cardamomo, c\u00edtricos (sobre todo naranja, ocasionalmente lim\u00f3n), clavo, cilantro, comino e hinojo. A diferencia de muchas bebidas espirituosas, el aquavit no suele envejecer en barrica, lo que le confiere un tono p\u00e1lido y permite que la verdadera esencia de las especias empleadas brille inalterada. Noruega, en su estilo caracter\u00edstico, se aparta de esta norma madurando el aquavit en barricas de jerez recuperadas, lo que le confiere un tono dorado radiante. Entre las antiguas marcas noruegas de aquavit destaca Linie Aquavit, considerada la m\u00e1s antigua del mundo. Su historia se remonta a 1807, cuando un barco que transportaba aguardiente de patata regres\u00f3 de las Indias Orientales sin encontrar comprador en su destino. Sin pretenderlo, esto dio lugar a una tradici\u00f3n que perdura hoy: envejecer el aquavit en los viajes por mar. Los aguardientes surcan los oc\u00e9anos durante un viaje de ida y vuelta de cuatro meses desde Noruega a Australia, tras un a\u00f1o de maduraci\u00f3n en tierra. Se cree que el suave balanceo de las olas del oc\u00e9ano aporta un car\u00e1cter inigualable al aquavit a\u00f1ejado. En cuanto a su potencia, el aquavit debe embotellarse a un m\u00ednimo del 37,5%, aunque lo m\u00e1s frecuente es que alcance niveles del 42 al 45%.    <\/p>\n<\/div>\n<\/div>\n<\/div>\n[\/vc_column_text][\/vc_column][\/vc_row][vc_row type=&#8221;container&#8221; padding_top=&#8221;&#8221; padding_bottom=&#8221;&#8221;][vc_column][vc_separator color=&#8221;#000000&#8243; type=&#8221;normal&#8221; thickness=&#8221;1&#8243; up=&#8221;&#8221; down=&#8221;&#8221;][\/vc_column][\/vc_row][vc_row type=&#8221;container&#8221; padding_top=&#8221;&#8221; padding_bottom=&#8221;&#8221;][vc_column]<div class=\"woocommerce columns-3 \"><ul class=\"products columns-3\">\n<li class=\"product type-product post-78410 status-publish first instock product_cat-bebidas-acoholicas-es product_cat-aquavit-es has-post-thumbnail taxable shipping-taxable purchasable product-type-simple\">\n\t<a href=\"https:\/\/whisky.ad\/es\/producto\/aalborg-taffel-aqvavit-0-7l-45\/\" class=\"woocommerce-LoopProduct-link woocommerce-loop-product__link\"><img loading=\"lazy\" decoding=\"async\" width=\"300\" height=\"300\" src=\"https:\/\/whisky.ad\/wp-content\/uploads\/2023\/08\/Allborg-taffel-300x300.webp\" class=\"attachment-woocommerce_thumbnail size-woocommerce_thumbnail\" alt=\"Aalborg Taffel Aqvavit 0.7l 45%\" srcset=\"https:\/\/whisky.ad\/wp-content\/uploads\/2023\/08\/Allborg-taffel-300x300.webp 300w, https:\/\/whisky.ad\/wp-content\/uploads\/2023\/08\/Allborg-taffel-500x500.webp 500w, https:\/\/whisky.ad\/wp-content\/uploads\/2023\/08\/Allborg-taffel-100x100.webp 100w, https:\/\/whisky.ad\/wp-content\/uploads\/2023\/08\/Allborg-taffel-150x150.webp 150w, https:\/\/whisky.ad\/wp-content\/uploads\/2023\/08\/Allborg-taffel-768x768.webp 768w, https:\/\/whisky.ad\/wp-content\/uploads\/2023\/08\/Allborg-taffel-1024x1024.webp 1024w\" sizes=\"auto, (max-width: 300px) 100vw, 300px\" \/><h2 class=\"woocommerce-loop-product__title\">Aalborg Taffel Aqvavit 0.7l 45%<\/h2>\n\t<span class=\"price\"><span class=\"woocommerce-Price-amount amount\"><bdi><span class=\"woocommerce-Price-currencySymbol\">&euro;<\/span>14.95<\/bdi><\/span><\/span>\n<\/a><a href=\"\/es\/wp-json\/wp\/v2\/pages\/78238?add-to-cart=78410\" aria-describedby=\"woocommerce_loop_add_to_cart_link_describedby_78410\" data-quantity=\"1\" class=\"button product_type_simple add_to_cart_button ajax_add_to_cart\" data-product_id=\"78410\" data-product_sku=\"\" aria-label=\"A\u00f1adir al carrito: &ldquo;Aalborg Taffel Aqvavit 0.7l 45%&rdquo;\" rel=\"nofollow\" data-success_message=\"\u00abAalborg Taffel Aqvavit 0.7l 45%\u00bb se ha a\u00f1adido a tu carrito\" title=\"Minimum qty is 1\">A\u00f1adir al carrito<\/a>\t<span id=\"woocommerce_loop_add_to_cart_link_describedby_78410\" class=\"screen-reader-text\">\n\t\t\t<\/span>\n<\/li>\n<li class=\"product type-product post-78682 status-publish instock product_cat-bebidas-acoholicas-es product_cat-aquavit-es product_cat-bitter-es has-post-thumbnail taxable shipping-taxable purchasable product-type-simple\">\n\t<a href=\"https:\/\/whisky.ad\/es\/producto\/gammel-dansk-bitter-0-7l-38\/\" class=\"woocommerce-LoopProduct-link woocommerce-loop-product__link\"><img loading=\"lazy\" decoding=\"async\" width=\"300\" height=\"300\" src=\"https:\/\/whisky.ad\/wp-content\/uploads\/2023\/08\/gammel-dansk-300x300.jpg\" class=\"attachment-woocommerce_thumbnail size-woocommerce_thumbnail\" alt=\"Gammel Dansk Bitter 0.7l 38%\" srcset=\"https:\/\/whisky.ad\/wp-content\/uploads\/2023\/08\/gammel-dansk-300x300.jpg 300w, https:\/\/whisky.ad\/wp-content\/uploads\/2023\/08\/gammel-dansk-100x100.jpg 100w, https:\/\/whisky.ad\/wp-content\/uploads\/2023\/08\/gammel-dansk-150x150.jpg 150w, https:\/\/whisky.ad\/wp-content\/uploads\/2023\/08\/gammel-dansk-768x768.jpg 768w, https:\/\/whisky.ad\/wp-content\/uploads\/2023\/08\/gammel-dansk-1024x1024.jpg 1024w\" sizes=\"auto, (max-width: 300px) 100vw, 300px\" \/><h2 class=\"woocommerce-loop-product__title\">Gammel Dansk Bitter 0.7l 38%<\/h2>\n\t<span class=\"price\"><span class=\"woocommerce-Price-amount amount\"><bdi><span class=\"woocommerce-Price-currencySymbol\">&euro;<\/span>16.95<\/bdi><\/span><\/span>\n<\/a><a href=\"\/es\/wp-json\/wp\/v2\/pages\/78238?add-to-cart=78682\" aria-describedby=\"woocommerce_loop_add_to_cart_link_describedby_78682\" data-quantity=\"1\" class=\"button product_type_simple add_to_cart_button ajax_add_to_cart\" data-product_id=\"78682\" data-product_sku=\"\" aria-label=\"A\u00f1adir al carrito: &ldquo;Gammel Dansk Bitter 0.7l 38%&rdquo;\" rel=\"nofollow\" data-success_message=\"\u00abGammel Dansk Bitter 0.7l 38%\u00bb se ha a\u00f1adido a tu carrito\" title=\"Minimum qty is 1\">A\u00f1adir al carrito<\/a>\t<span id=\"woocommerce_loop_add_to_cart_link_describedby_78682\" class=\"screen-reader-text\">\n\t\t\t<\/span>\n<\/li>\n<li class=\"product type-product post-78686 status-publish last instock product_cat-bebidas-acoholicas-es product_cat-aquavit-es has-post-thumbnail taxable shipping-taxable purchasable product-type-simple\">\n\t<a href=\"https:\/\/whisky.ad\/es\/producto\/gammel-opland-aquavit-0-7l-41-5\/\" class=\"woocommerce-LoopProduct-link woocommerce-loop-product__link\"><img loading=\"lazy\" decoding=\"async\" width=\"300\" height=\"300\" src=\"https:\/\/whisky.ad\/wp-content\/uploads\/2023\/08\/gammel-opland-aquavit-300x300.jpg\" class=\"attachment-woocommerce_thumbnail size-woocommerce_thumbnail\" alt=\"Gammel Opland Aquavit 0.7l 41.5%\" srcset=\"https:\/\/whisky.ad\/wp-content\/uploads\/2023\/08\/gammel-opland-aquavit-300x300.jpg 300w, https:\/\/whisky.ad\/wp-content\/uploads\/2023\/08\/gammel-opland-aquavit-500x500.jpg 500w, https:\/\/whisky.ad\/wp-content\/uploads\/2023\/08\/gammel-opland-aquavit-100x100.jpg 100w, https:\/\/whisky.ad\/wp-content\/uploads\/2023\/08\/gammel-opland-aquavit-150x150.jpg 150w, https:\/\/whisky.ad\/wp-content\/uploads\/2023\/08\/gammel-opland-aquavit-768x768.jpg 768w, https:\/\/whisky.ad\/wp-content\/uploads\/2023\/08\/gammel-opland-aquavit-1024x1024.jpg 1024w\" sizes=\"auto, (max-width: 300px) 100vw, 300px\" \/><h2 class=\"woocommerce-loop-product__title\">Gammel Opland Aquavit 0.7l 41.5%<\/h2>\n\t<span class=\"price\"><span class=\"woocommerce-Price-amount amount\"><bdi><span class=\"woocommerce-Price-currencySymbol\">&euro;<\/span>25.95<\/bdi><\/span><\/span>\n<\/a><a href=\"\/es\/wp-json\/wp\/v2\/pages\/78238?add-to-cart=78686\" aria-describedby=\"woocommerce_loop_add_to_cart_link_describedby_78686\" data-quantity=\"1\" class=\"button product_type_simple add_to_cart_button ajax_add_to_cart\" data-product_id=\"78686\" data-product_sku=\"\" aria-label=\"A\u00f1adir al carrito: &ldquo;Gammel Opland Aquavit 0.7l 41.5%&rdquo;\" rel=\"nofollow\" data-success_message=\"\u00abGammel Opland Aquavit 0.7l 41.5%\u00bb se ha a\u00f1adido a tu carrito\" title=\"Minimum qty is 1\">A\u00f1adir al carrito<\/a>\t<span id=\"woocommerce_loop_add_to_cart_link_describedby_78686\" class=\"screen-reader-text\">\n\t\t\t<\/span>\n<\/li>\n<li class=\"product type-product post-78904 status-publish first instock product_cat-bebidas-acoholicas-es product_cat-aquavit-es has-post-thumbnail taxable shipping-taxable purchasable product-type-simple\">\n\t<a href=\"https:\/\/whisky.ad\/es\/producto\/loiten-aquavit-0-7l-40\/\" class=\"woocommerce-LoopProduct-link woocommerce-loop-product__link\"><img loading=\"lazy\" decoding=\"async\" width=\"300\" height=\"300\" src=\"https:\/\/whisky.ad\/wp-content\/uploads\/2023\/08\/loitens-aquavit-three-star-300x300.webp\" class=\"attachment-woocommerce_thumbnail size-woocommerce_thumbnail\" alt=\"Loiten Aquavit 0.7l 40%\" srcset=\"https:\/\/whisky.ad\/wp-content\/uploads\/2023\/08\/loitens-aquavit-three-star-300x300.webp 300w, https:\/\/whisky.ad\/wp-content\/uploads\/2023\/08\/loitens-aquavit-three-star-500x500.webp 500w, https:\/\/whisky.ad\/wp-content\/uploads\/2023\/08\/loitens-aquavit-three-star-100x100.webp 100w, https:\/\/whisky.ad\/wp-content\/uploads\/2023\/08\/loitens-aquavit-three-star-150x150.webp 150w, https:\/\/whisky.ad\/wp-content\/uploads\/2023\/08\/loitens-aquavit-three-star-768x768.webp 768w, https:\/\/whisky.ad\/wp-content\/uploads\/2023\/08\/loitens-aquavit-three-star-1024x1024.webp 1024w\" sizes=\"auto, (max-width: 300px) 100vw, 300px\" \/><h2 class=\"woocommerce-loop-product__title\">Loiten Aquavit 0.7l 40%<\/h2>\n\t<span class=\"price\"><span class=\"woocommerce-Price-amount amount\"><bdi><span class=\"woocommerce-Price-currencySymbol\">&euro;<\/span>16.95<\/bdi><\/span><\/span>\n<\/a><a href=\"\/es\/wp-json\/wp\/v2\/pages\/78238?add-to-cart=78904\" aria-describedby=\"woocommerce_loop_add_to_cart_link_describedby_78904\" data-quantity=\"1\" class=\"button product_type_simple add_to_cart_button ajax_add_to_cart\" data-product_id=\"78904\" data-product_sku=\"\" aria-label=\"A\u00f1adir al carrito: &ldquo;Loiten Aquavit 0.7l 40%&rdquo;\" rel=\"nofollow\" data-success_message=\"\u00abLoiten Aquavit 0.7l 40%\u00bb se ha a\u00f1adido a tu carrito\" title=\"Minimum qty is 1\">A\u00f1adir al carrito<\/a>\t<span id=\"woocommerce_loop_add_to_cart_link_describedby_78904\" class=\"screen-reader-text\">\n\t\t\t<\/span>\n<\/li>\n<li class=\"product type-product post-78934 status-publish instock product_cat-bitter-es product_cat-bebidas-acoholicas-es product_cat-aquavit-es has-post-thumbnail taxable shipping-taxable purchasable product-type-simple\">\n\t<a href=\"https:\/\/whisky.ad\/es\/producto\/malteser-aquavit-bitter-0-7l-40\/\" class=\"woocommerce-LoopProduct-link woocommerce-loop-product__link\"><img loading=\"lazy\" decoding=\"async\" width=\"300\" height=\"300\" src=\"https:\/\/whisky.ad\/wp-content\/uploads\/2023\/08\/malteser-1-300x300.webp\" class=\"attachment-woocommerce_thumbnail size-woocommerce_thumbnail\" alt=\"Malteser Aquavit-Bitter 0.7l 40%\" srcset=\"https:\/\/whisky.ad\/wp-content\/uploads\/2023\/08\/malteser-1-300x300.webp 300w, https:\/\/whisky.ad\/wp-content\/uploads\/2023\/08\/malteser-1-500x500.webp 500w, https:\/\/whisky.ad\/wp-content\/uploads\/2023\/08\/malteser-1-100x100.webp 100w, https:\/\/whisky.ad\/wp-content\/uploads\/2023\/08\/malteser-1-150x150.webp 150w, https:\/\/whisky.ad\/wp-content\/uploads\/2023\/08\/malteser-1-768x768.webp 768w, https:\/\/whisky.ad\/wp-content\/uploads\/2023\/08\/malteser-1-1024x1024.webp 1024w\" sizes=\"auto, (max-width: 300px) 100vw, 300px\" \/><h2 class=\"woocommerce-loop-product__title\">Malteser Aquavit-Bitter 0.7l 40%<\/h2>\n\t<span class=\"price\"><span class=\"woocommerce-Price-amount amount\"><bdi><span class=\"woocommerce-Price-currencySymbol\">&euro;<\/span>16.65<\/bdi><\/span><\/span>\n<\/a><a href=\"\/es\/wp-json\/wp\/v2\/pages\/78238?add-to-cart=78934\" aria-describedby=\"woocommerce_loop_add_to_cart_link_describedby_78934\" data-quantity=\"1\" class=\"button product_type_simple add_to_cart_button ajax_add_to_cart\" data-product_id=\"78934\" data-product_sku=\"\" aria-label=\"A\u00f1adir al carrito: &ldquo;Malteser Aquavit-Bitter 0.7l 40%&rdquo;\" rel=\"nofollow\" data-success_message=\"\u00abMalteser Aquavit-Bitter 0.7l 40%\u00bb se ha a\u00f1adido a tu carrito\" title=\"Minimum qty is 1\">A\u00f1adir al carrito<\/a>\t<span id=\"woocommerce_loop_add_to_cart_link_describedby_78934\" class=\"screen-reader-text\">\n\t\t\t<\/span>\n<\/li>\n<\/ul>\n<\/div>[\/vc_column][\/vc_row]\n","protected":false},"excerpt":{"rendered":"<p>[vc_row type=&#8221;full_page_width&#8221; padding_top=&#8221;&#8221; padding_bottom=&#8221;&#8221;][vc_column][layerslider_vc id=&#8221;12&#8243;][\/vc_column][\/vc_row][vc_row type=&#8221;container&#8221; padding_top=&#8221;&#8221; padding_bottom=&#8221;&#8221; css=&#8221;.vc_custom_1570987386070{margin-top: -15px !important;}&#8221;][vc_column][vc_column_text]\u00bfC\u00f3mo se fabrica el Aquavit? La producci\u00f3n de aquavit es muy parecida a la del vodka o la ginebra, ya que se utiliza un destilado de grano neutro o, en el caso de Noruega, patatas. El aguardiente se infusiona con diversos componentes aromatizantes. Aunque la [&hellip;]<\/p>\n","protected":false},"author":1,"featured_media":0,"parent":0,"menu_order":0,"comment_status":"closed","ping_status":"closed","template":"page-full-width.php","meta":{"_acf_changed":false,"footnotes":""},"class_list":["post-78238","page","type-page","status-publish","hentry"],"acf":[],"aioseo_notices":[],"jetpack_sharing_enabled":true,"jetpack_shortlink":"https:\/\/wp.me\/PemYjf-klU","_links":{"self":[{"href":"https:\/\/whisky.ad\/es\/wp-json\/wp\/v2\/pages\/78238","targetHints":{"allow":["GET"]}}],"collection":[{"href":"https:\/\/whisky.ad\/es\/wp-json\/wp\/v2\/pages"}],"about":[{"href":"https:\/\/whisky.ad\/es\/wp-json\/wp\/v2\/types\/page"}],"author":[{"embeddable":true,"href":"https:\/\/whisky.ad\/es\/wp-json\/wp\/v2\/users\/1"}],"replies":[{"embeddable":true,"href":"https:\/\/whisky.ad\/es\/wp-json\/wp\/v2\/comments?post=78238"}],"version-history":[{"count":2,"href":"https:\/\/whisky.ad\/es\/wp-json\/wp\/v2\/pages\/78238\/revisions"}],"predecessor-version":[{"id":78256,"href":"https:\/\/whisky.ad\/es\/wp-json\/wp\/v2\/pages\/78238\/revisions\/78256"}],"wp:attachment":[{"href":"https:\/\/whisky.ad\/es\/wp-json\/wp\/v2\/media?parent=78238"}],"curies":[{"name":"wp","href":"https:\/\/api.w.org\/{rel}","templated":true}]}}