{"id":81279,"date":"2025-03-27T12:12:04","date_gmt":"2025-03-27T11:12:04","guid":{"rendered":"https:\/\/whisky.ad\/?post_type=product&#038;p=81279"},"modified":"2025-11-23T17:43:27","modified_gmt":"2025-11-23T16:43:27","slug":"penelope-barrel-strength-bourbon-56-0-7l","status":"publish","type":"product","link":"https:\/\/whisky.ad\/ca\/product\/penelope-barrel-strength-bourbon-56-0-7l\/","title":{"rendered":"Penelope Barrel Strength Bourbon  56% 0.7l"},"content":{"rendered":"","protected":false},"excerpt":{"rendered":"<h3 class=\"\" data-start=\"0\" data-end=\"42\"><strong data-start=\"4\" data-end=\"40\">Penelope Barrel Strength Bourbon<\/strong><\/h3>\n<p class=\"\" data-start=\"44\" data-end=\"267\">Bourbon in its purest form\u2014<strong data-start=\"71\" data-end=\"127\">uncut, non-chill filtered, and unapologetically bold<\/strong>. Penelope Barrel Strength takes our signature Four Grain blend to new heights, delivering a powerful yet exceptionally smooth experience.<\/p>\n<p class=\"\" data-start=\"269\" data-end=\"572\">Each batch is crafted from a <strong data-start=\"298\" data-end=\"335\">blend of three bourbon mash bills<\/strong> and aged in <strong data-start=\"348\" data-end=\"390\">hand-selected new American oak barrels<\/strong>. The result? A rich and complex profile with notes of <strong data-start=\"445\" data-end=\"499\">caramel syrup, toasted oak, and subtle barrel char<\/strong>, all while maintaining the balanced essence of our Four Grain bourbon.<\/p>\n<p class=\"\" data-start=\"574\" data-end=\"628\">\n<h3 class=\"\" data-start=\"637\" data-end=\"660\"><strong data-start=\"641\" data-end=\"658\">Tasting Notes<\/strong><\/h3>\n<p class=\"\" data-start=\"662\" data-end=\"729\"><strong data-start=\"662\" data-end=\"671\">Aroma<\/strong><br data-start=\"671\" data-end=\"674\" \/>Toasted pecans, dried apricot, and a touch of vanilla<\/p>\n<p class=\"\" data-start=\"731\" data-end=\"851\"><strong data-start=\"731\" data-end=\"748\">Forward Notes<\/strong><br data-start=\"748\" data-end=\"751\" \/>Smooth caramel syrup, brown sugar, subtle barrel char, with hints of butterscotch and cr\u00e8me br\u00fbl\u00e9e<\/p>\n<p class=\"\" data-start=\"853\" data-end=\"942\"><strong data-start=\"853\" data-end=\"861\">Body<\/strong><br data-start=\"861\" data-end=\"864\" \/>Rich caramel, toffee, leather, and pecans, accented by a hint of orange zest<\/p>\n<p class=\"\" data-start=\"944\" data-end=\"1046\"><strong data-start=\"944\" data-end=\"954\">Finish<\/strong><br data-start=\"954\" data-end=\"957\" \/>Warm white pepper, cinnamon, and brown sugar, fading into a lingering caramel sweetness<\/p>\n<h3 class=\"\" data-start=\"1055\" data-end=\"1078\"><strong data-start=\"1059\" data-end=\"1076\">Bourbon Facts<\/strong><\/h3>\n<p class=\"\" data-start=\"1080\" data-end=\"1098\"><strong data-start=\"1080\" data-end=\"1096\">Type &amp; Proof<\/strong><\/p>\n<ul data-start=\"1099\" data-end=\"1187\">\n<li class=\"\" data-start=\"1099\" data-end=\"1142\">\n<p class=\"\" data-start=\"1101\" data-end=\"1142\"><strong data-start=\"1101\" data-end=\"1115\">Four Grain<\/strong> Straight Bourbon Whiskey<\/p>\n<\/li>\n<li class=\"\" data-start=\"1143\" data-end=\"1160\">\n<p class=\"\" data-start=\"1145\" data-end=\"1160\"><strong data-start=\"1145\" data-end=\"1158\">114 Proof<\/strong><\/p>\n<\/li>\n<li class=\"\" data-start=\"1161\" data-end=\"1187\">\n<p class=\"\" data-start=\"1163\" data-end=\"1187\"><strong data-start=\"1163\" data-end=\"1185\">Non Chill-Filtered<\/strong><\/p>\n<\/li>\n<\/ul>\n<p class=\"\" data-start=\"1189\" data-end=\"1202\"><strong data-start=\"1189\" data-end=\"1200\">Process<\/strong><\/p>\n<ul data-start=\"1203\" data-end=\"1277\">\n<li class=\"\" data-start=\"1203\" data-end=\"1277\">\n<p class=\"\" data-start=\"1205\" data-end=\"1277\">A <strong data-start=\"1207\" data-end=\"1253\">blend of three straight bourbon mash bills<\/strong>, distilled in Indiana<\/p>\n<\/li>\n<\/ul>\n<p class=\"\" data-start=\"1279\" data-end=\"1302\"><strong data-start=\"1279\" data-end=\"1300\">Age &amp; Barrel Char<\/strong><\/p>\n<ul data-start=\"1303\" data-end=\"1361\">\n<li class=\"\" data-start=\"1303\" data-end=\"1324\">\n<p class=\"\" data-start=\"1305\" data-end=\"1324\"><strong data-start=\"1305\" data-end=\"1322\">4\u20136 Years Old<\/strong><\/p>\n<\/li>\n<li class=\"\" data-start=\"1325\" data-end=\"1361\">\n<p class=\"\" data-start=\"1327\" data-end=\"1361\">Aged in new American oak barrels<\/p>\n<\/li>\n<\/ul>\n<p class=\"\" data-start=\"1363\" data-end=\"1378\"><strong data-start=\"1363\" data-end=\"1376\">Mash Bill<\/strong><\/p>\n<ul data-start=\"1379\" data-end=\"1452\">\n<li class=\"\" data-start=\"1379\" data-end=\"1395\">\n<p class=\"\" data-start=\"1381\" data-end=\"1395\"><strong data-start=\"1381\" data-end=\"1393\">82% Corn<\/strong><\/p>\n<\/li>\n<li class=\"\" data-start=\"1396\" data-end=\"1412\">\n<p class=\"\" data-start=\"1398\" data-end=\"1412\"><strong data-start=\"1398\" data-end=\"1410\">8% Wheat<\/strong><\/p>\n<\/li>\n<li class=\"\" data-start=\"1413\" data-end=\"1427\">\n<p class=\"\" data-start=\"1415\" data-end=\"1427\"><strong data-start=\"1415\" data-end=\"1425\">7% Rye<\/strong><\/p>\n<\/li>\n<li class=\"\" data-start=\"1428\" data-end=\"1452\">\n<p class=\"\" data-start=\"1430\" data-end=\"1452\"><strong data-start=\"1430\" data-end=\"1450\">3% Malted Barley<\/strong><\/p>\n<\/li>\n<\/ul>\n<p class=\"\" data-start=\"1454\" data-end=\"1583\">Uncut, unfiltered, and undeniably bold\u2014<strong data-start=\"1493\" data-end=\"1521\">Penelope Barrel Strength<\/strong> is for those who appreciate bourbon at its fullest potential.<\/p>\n","protected":false},"featured_media":81280,"comment_status":"open","ping_status":"closed","template":"","meta":{"_acf_changed":false},"product_brand":[],"product_cat":[606,46,621],"product_tag":[],"class_list":{"0":"post-81279","1":"product","2":"type-product","3":"status-publish","4":"has-post-thumbnail","6":"product_cat-usa","7":"product_cat-whisky","8":"product_cat-penelope","10":"first","11":"instock","12":"taxable","13":"shipping-taxable","14":"purchasable","15":"product-type-simple"},"acf":[],"aioseo_notices":[],"jetpack_sharing_enabled":true,"_links":{"self":[{"href":"https:\/\/whisky.ad\/ca\/wp-json\/wp\/v2\/product\/81279","targetHints":{"allow":["GET"]}}],"collection":[{"href":"https:\/\/whisky.ad\/ca\/wp-json\/wp\/v2\/product"}],"about":[{"href":"https:\/\/whisky.ad\/ca\/wp-json\/wp\/v2\/types\/product"}],"replies":[{"embeddable":true,"href":"https:\/\/whisky.ad\/ca\/wp-json\/wp\/v2\/comments?post=81279"}],"wp:featuredmedia":[{"embeddable":true,"href":"https:\/\/whisky.ad\/ca\/wp-json\/wp\/v2\/media\/81280"}],"wp:attachment":[{"href":"https:\/\/whisky.ad\/ca\/wp-json\/wp\/v2\/media?parent=81279"}],"wp:term":[{"taxonomy":"product_brand","embeddable":true,"href":"https:\/\/whisky.ad\/ca\/wp-json\/wp\/v2\/product_brand?post=81279"},{"taxonomy":"product_cat","embeddable":true,"href":"https:\/\/whisky.ad\/ca\/wp-json\/wp\/v2\/product_cat?post=81279"},{"taxonomy":"product_tag","embeddable":true,"href":"https:\/\/whisky.ad\/ca\/wp-json\/wp\/v2\/product_tag?post=81279"}],"curies":[{"name":"wp","href":"https:\/\/api.w.org\/{rel}","templated":true}]}}