{"id":81247,"date":"2025-03-22T16:16:35","date_gmt":"2025-03-22T15:16:35","guid":{"rendered":"https:\/\/whisky.ad\/product\/rebel-yell-10-years-old-single-barrel-bourbon-50-0-7l\/"},"modified":"2025-03-24T13:33:28","modified_gmt":"2025-03-24T12:33:28","slug":"rebel-yell-10-years-old-single-barrel-bourbon-50-0-7l","status":"publish","type":"product","link":"https:\/\/whisky.ad\/ca\/producte\/rebel-yell-10-years-old-single-barrel-bourbon-50-0-7l\/","title":{"rendered":"Rebel Yell 10 Years old Single Barrel Bourbon 50% 0.7l"},"content":{"rendered":"<p><br data-mce-bogus=\"1\"><\/p>\n","protected":false},"excerpt":{"rendered":"<p class=\"\" data-start=\"0\" data-end=\"196\">Envegeix durant una d\u00e8cada completa en b\u00f3tes de roure carbonitzat, aquest bourbon desenvolupa un car\u00e0cter distintiu, \u00fanic per a cada b\u00f3ta. \u00danic en la seva classe\u2014igual que els rebels que el beuen.<\/p>\n<h3 class=\"\" data-start=\"198\" data-end=\"221\"><strong data-start=\"202\" data-end=\"219\">NOTES DE TAST<\/strong><\/h3>\n<p class=\"\" data-start=\"222\" data-end=\"381\">El primer glop et rep amb tocs de caramel i c\u00edtrics, per\u00f2 segueix bevent i es transforma en una riquesa suau de roure amb esp\u00e8cies atrevides i sense disculpes.<\/p>\n<h3 class=\"\" data-start=\"383\" data-end=\"404\"><strong data-start=\"387\" data-end=\"402\">INGREDIENTS<\/strong><\/h3>\n<p class=\"\" data-start=\"405\" data-end=\"432\">Blat de moro, blat i malta.<\/p>\n<h3 class=\"\" data-start=\"434\" data-end=\"448\"><strong data-start=\"438\" data-end=\"448\">PREMIS<\/strong><\/h3>\n<p class=\"\" data-start=\"450\" data-end=\"483\">Medalla Doble Plat\u00ed \u2013 ASCOT, 2022<\/p>\n<p class=\"\" data-start=\"485\" data-end=\"545\">Medalla d&#8217;Or \u2013 San Francisco World Spirits Competition, 2022<\/p>\n<p class=\"\" data-start=\"547\" data-end=\"630\">Millor Bourbon de Barril \u00danic del M\u00f3n \u2013 Whisky Magazine World Whiskies Awards, 2020<\/p>\n<p class=\"\" data-start=\"632\" data-end=\"719\">Millor Bourbon de Barril \u00danic de Kentucky \u2013 Whisky Magazine World Whiskies Awards, 2020<\/p>\n<p class=\"\" data-start=\"721\" data-end=\"756\">Medalla de Plat\u00ed \u2013 SIP Awards, 2018<\/p>\n<p class=\"\" data-start=\"758\" data-end=\"822\">Medalla Doble Or \u2013 San Francisco World Spirits Competition, 2017<\/p>\n","protected":false},"featured_media":81150,"comment_status":"open","ping_status":"closed","template":"","meta":{"_acf_changed":false},"product_brand":[],"product_cat":[613,618],"product_tag":[],"class_list":{"0":"post-81247","1":"product","2":"type-product","3":"status-publish","4":"has-post-thumbnail","6":"product_cat-usa-ca","7":"product_cat-rebel-ca","9":"first","10":"instock","11":"taxable","12":"shipping-taxable","13":"product-type-simple"},"acf":[],"aioseo_notices":[],"jetpack_sharing_enabled":true,"_links":{"self":[{"href":"https:\/\/whisky.ad\/ca\/wp-json\/wp\/v2\/product\/81247","targetHints":{"allow":["GET"]}}],"collection":[{"href":"https:\/\/whisky.ad\/ca\/wp-json\/wp\/v2\/product"}],"about":[{"href":"https:\/\/whisky.ad\/ca\/wp-json\/wp\/v2\/types\/product"}],"replies":[{"embeddable":true,"href":"https:\/\/whisky.ad\/ca\/wp-json\/wp\/v2\/comments?post=81247"}],"wp:featuredmedia":[{"embeddable":true,"href":"https:\/\/whisky.ad\/ca\/wp-json\/wp\/v2\/media\/81150"}],"wp:attachment":[{"href":"https:\/\/whisky.ad\/ca\/wp-json\/wp\/v2\/media?parent=81247"}],"wp:term":[{"taxonomy":"product_brand","embeddable":true,"href":"https:\/\/whisky.ad\/ca\/wp-json\/wp\/v2\/product_brand?post=81247"},{"taxonomy":"product_cat","embeddable":true,"href":"https:\/\/whisky.ad\/ca\/wp-json\/wp\/v2\/product_cat?post=81247"},{"taxonomy":"product_tag","embeddable":true,"href":"https:\/\/whisky.ad\/ca\/wp-json\/wp\/v2\/product_tag?post=81247"}],"curies":[{"name":"wp","href":"https:\/\/api.w.org\/{rel}","templated":true}]}}