{"id":81244,"date":"2025-03-22T16:11:49","date_gmt":"2025-03-22T15:11:49","guid":{"rendered":"https:\/\/whisky.ad\/product\/rebel-100-50-0-70l\/"},"modified":"2025-03-22T16:11:49","modified_gmt":"2025-03-22T15:11:49","slug":"rebel-100-50-0-70l","status":"publish","type":"product","link":"https:\/\/whisky.ad\/ca\/producte\/rebel-100-50-0-70l\/","title":{"rendered":"Rebel 100 50% 0.70l"},"content":{"rendered":"","protected":false},"excerpt":{"rendered":"<p class=\"\" data-start=\"0\" data-end=\"200\">Com a darrera incorporaci\u00f3 a la l\u00ednia de <strong data-start=\"41\" data-end=\"58\">Rebel Bourbon<\/strong>, aquest bourbon amb blat amplifica tot el que t&#8217;agrada del nostre <strong data-start=\"125\" data-end=\"154\">Kentucky Straight Bourbon<\/strong>. &#8220;Atrevit&#8221; ni tan sols comen\u00e7a a descriure&#8217;l.<\/p>\n<h3 class=\"\" data-start=\"202\" data-end=\"225\"><strong data-start=\"206\" data-end=\"223\">NOTES DE TAST<\/strong><\/h3>\n<p class=\"\" data-start=\"226\" data-end=\"385\">L&#8217;aroma dol\u00e7 pot ser temptador, per\u00f2 no et deixis enganyar: aquest bourbon t\u00e9 car\u00e0cter. Espera sabors rics de caramel i vainilla amb un final sec i persistent.<\/p>\n<h3 class=\"\" data-start=\"387\" data-end=\"408\"><strong data-start=\"391\" data-end=\"406\">INGREDIENTS<\/strong><\/h3>\n<p class=\"\" data-start=\"409\" data-end=\"436\">Blat de moro, blat i malta.<\/p>\n","protected":false},"featured_media":81145,"comment_status":"open","ping_status":"closed","template":"","meta":{"_acf_changed":false},"product_brand":[],"product_cat":[613,618],"product_tag":[],"class_list":{"0":"post-81244","1":"product","2":"type-product","3":"status-publish","4":"has-post-thumbnail","6":"product_cat-usa-ca","7":"product_cat-rebel-ca","9":"first","10":"instock","11":"taxable","12":"shipping-taxable","13":"product-type-simple"},"acf":[],"aioseo_notices":[],"jetpack_sharing_enabled":true,"_links":{"self":[{"href":"https:\/\/whisky.ad\/ca\/wp-json\/wp\/v2\/product\/81244","targetHints":{"allow":["GET"]}}],"collection":[{"href":"https:\/\/whisky.ad\/ca\/wp-json\/wp\/v2\/product"}],"about":[{"href":"https:\/\/whisky.ad\/ca\/wp-json\/wp\/v2\/types\/product"}],"replies":[{"embeddable":true,"href":"https:\/\/whisky.ad\/ca\/wp-json\/wp\/v2\/comments?post=81244"}],"wp:featuredmedia":[{"embeddable":true,"href":"https:\/\/whisky.ad\/ca\/wp-json\/wp\/v2\/media\/81145"}],"wp:attachment":[{"href":"https:\/\/whisky.ad\/ca\/wp-json\/wp\/v2\/media?parent=81244"}],"wp:term":[{"taxonomy":"product_brand","embeddable":true,"href":"https:\/\/whisky.ad\/ca\/wp-json\/wp\/v2\/product_brand?post=81244"},{"taxonomy":"product_cat","embeddable":true,"href":"https:\/\/whisky.ad\/ca\/wp-json\/wp\/v2\/product_cat?post=81244"},{"taxonomy":"product_tag","embeddable":true,"href":"https:\/\/whisky.ad\/ca\/wp-json\/wp\/v2\/product_tag?post=81244"}],"curies":[{"name":"wp","href":"https:\/\/api.w.org\/{rel}","templated":true}]}}