{"id":81241,"date":"2025-03-24T12:53:25","date_gmt":"2025-03-24T11:53:25","guid":{"rendered":"https:\/\/whisky.ad\/product\/yellowstone-select-whiskey-bourbon-46-50-0-7l\/"},"modified":"2025-03-24T12:53:25","modified_gmt":"2025-03-24T11:53:25","slug":"yellowstone-select-whiskey-bourbon-46-50-0-7l","status":"publish","type":"product","link":"https:\/\/whisky.ad\/ca\/producte\/yellowstone-select-whiskey-bourbon-46-50-0-7l\/","title":{"rendered":"Yellowstone Select Whiskey Bourbon 46.50% 0.7l"},"content":{"rendered":"","protected":false},"excerpt":{"rendered":"<p class=\"\" data-start=\"0\" data-end=\"298\">Una mescla magistral de bourbons de 4 i 7 anys, <strong data-start=\"48\" data-end=\"70\">Yellowstone Select<\/strong> ofereix un perfil suau per\u00f2 complex, mantenint-se fidel a les tradicions cl\u00e0ssiques del bourbon. Elaborat amb set generacions d&#8217;experi\u00e8ncia en destil\u00b7laci\u00f3, aquesta ampolla mant\u00e9 el llegat de Yellowstone com un icona atemporal.<\/p>\n<p class=\"\" data-start=\"300\" data-end=\"462\">\ud83d\udd38 <strong data-start=\"303\" data-end=\"311\">Nas:<\/strong> Esp\u00e8cia de s\u00e8gol amb subtils cireres curades.<br data-start=\"357\" data-end=\"360\" \/>\ud83d\udd38 <strong data-start=\"363\" data-end=\"375\">Paladar:<\/strong> Caramel fumat amb notes de vainilla i mel.<br data-start=\"418\" data-end=\"421\" \/>\ud83d\udd38 <strong data-start=\"424\" data-end=\"434\">Final:<\/strong> Roure fumat i sucre moreno.<\/p>\n","protected":false},"featured_media":81221,"comment_status":"open","ping_status":"closed","template":"","meta":{"_acf_changed":false},"product_brand":[],"product_cat":[613,614,360],"product_tag":[],"class_list":{"0":"post-81241","1":"product","2":"type-product","3":"status-publish","4":"has-post-thumbnail","6":"product_cat-usa-ca","7":"product_cat-yellowstone-ca","8":"product_cat-whisky-per-marca-ca","10":"first","11":"instock","12":"taxable","13":"shipping-taxable","14":"product-type-simple"},"acf":[],"aioseo_notices":[],"jetpack_sharing_enabled":true,"_links":{"self":[{"href":"https:\/\/whisky.ad\/ca\/wp-json\/wp\/v2\/product\/81241","targetHints":{"allow":["GET"]}}],"collection":[{"href":"https:\/\/whisky.ad\/ca\/wp-json\/wp\/v2\/product"}],"about":[{"href":"https:\/\/whisky.ad\/ca\/wp-json\/wp\/v2\/types\/product"}],"replies":[{"embeddable":true,"href":"https:\/\/whisky.ad\/ca\/wp-json\/wp\/v2\/comments?post=81241"}],"wp:featuredmedia":[{"embeddable":true,"href":"https:\/\/whisky.ad\/ca\/wp-json\/wp\/v2\/media\/81221"}],"wp:attachment":[{"href":"https:\/\/whisky.ad\/ca\/wp-json\/wp\/v2\/media?parent=81241"}],"wp:term":[{"taxonomy":"product_brand","embeddable":true,"href":"https:\/\/whisky.ad\/ca\/wp-json\/wp\/v2\/product_brand?post=81241"},{"taxonomy":"product_cat","embeddable":true,"href":"https:\/\/whisky.ad\/ca\/wp-json\/wp\/v2\/product_cat?post=81241"},{"taxonomy":"product_tag","embeddable":true,"href":"https:\/\/whisky.ad\/ca\/wp-json\/wp\/v2\/product_tag?post=81241"}],"curies":[{"name":"wp","href":"https:\/\/api.w.org\/{rel}","templated":true}]}}