{"id":81238,"date":"2025-03-24T12:56:23","date_gmt":"2025-03-24T11:56:23","guid":{"rendered":"https:\/\/whisky.ad\/product\/yellowstone-single-malt-54-0-7l\/"},"modified":"2025-03-24T12:56:23","modified_gmt":"2025-03-24T11:56:23","slug":"yellowstone-single-malt-54-0-7l","status":"publish","type":"product","link":"https:\/\/whisky.ad\/ca\/producte\/yellowstone-single-malt-54-0-7l\/","title":{"rendered":"Yellowstone Single Malt 54% 0.7l"},"content":{"rendered":"","protected":false},"excerpt":{"rendered":"<div class=\"flex max-w-full flex-col flex-grow\">\n<div class=\"min-h-8 text-message relative flex w-full flex-col items-end gap-2 whitespace-normal break-words text-start [.text-message+&amp;]:mt-5\" dir=\"auto\" data-message-author-role=\"assistant\" data-message-id=\"eadc167b-d20e-40c2-b714-2e9e7ffc74e4\" data-message-model-slug=\"gpt-4o-mini\">\n<div class=\"flex w-full flex-col gap-1 empty:hidden first:pt-[3px]\">\n<div class=\"markdown prose w-full break-words dark:prose-invert light\">\n<p class=\"\" data-start=\"0\" data-end=\"365\">Arrelat en la tradici\u00f3, per\u00f2 amb una identitat \u00fanica, <strong data-start=\"54\" data-end=\"98\">Yellowstone American Single Malt Whiskey<\/strong> porta el llegat de set generacions d&#8217;experi\u00e8ncia en destil\u00b7laci\u00f3. Cada ampolla reflecteix l&#8217;habilitat perfeccionada al llarg del temps, convertint-lo en un veritable icona nord-americana, igual que el parc del qual rep el seu nom. Un whisky que mereix ser revisitat.<\/p>\n<p class=\"\" data-start=\"367\" data-end=\"585\">\ud83d\udd38 <strong data-start=\"370\" data-end=\"378\">Nas:<\/strong> Malta de cereal i mel amb un toc de flor de pr\u00e9ssec.<br data-start=\"431\" data-end=\"434\" \/>\ud83d\udd38 <strong data-start=\"437\" data-end=\"449\">Paladar:<\/strong> Suau i dol\u00e7, amb notes de mel, pera, fruites de pinyol i d\u00e0tils.<br data-start=\"514\" data-end=\"517\" \/>\ud83d\udd38 <strong data-start=\"520\" data-end=\"530\">Final:<\/strong> Notes de roure amb tocs de canyella i nous angleses.<\/p>\n<\/div>\n<\/div>\n<\/div>\n<\/div>\n","protected":false},"featured_media":81217,"comment_status":"open","ping_status":"closed","template":"","meta":{"_acf_changed":false},"product_brand":[],"product_cat":[613,614,360],"product_tag":[],"class_list":{"0":"post-81238","1":"product","2":"type-product","3":"status-publish","4":"has-post-thumbnail","6":"product_cat-usa-ca","7":"product_cat-yellowstone-ca","8":"product_cat-whisky-per-marca-ca","10":"first","11":"instock","12":"taxable","13":"shipping-taxable","14":"product-type-simple"},"acf":[],"aioseo_notices":[],"jetpack_sharing_enabled":true,"_links":{"self":[{"href":"https:\/\/whisky.ad\/ca\/wp-json\/wp\/v2\/product\/81238","targetHints":{"allow":["GET"]}}],"collection":[{"href":"https:\/\/whisky.ad\/ca\/wp-json\/wp\/v2\/product"}],"about":[{"href":"https:\/\/whisky.ad\/ca\/wp-json\/wp\/v2\/types\/product"}],"replies":[{"embeddable":true,"href":"https:\/\/whisky.ad\/ca\/wp-json\/wp\/v2\/comments?post=81238"}],"wp:featuredmedia":[{"embeddable":true,"href":"https:\/\/whisky.ad\/ca\/wp-json\/wp\/v2\/media\/81217"}],"wp:attachment":[{"href":"https:\/\/whisky.ad\/ca\/wp-json\/wp\/v2\/media?parent=81238"}],"wp:term":[{"taxonomy":"product_brand","embeddable":true,"href":"https:\/\/whisky.ad\/ca\/wp-json\/wp\/v2\/product_brand?post=81238"},{"taxonomy":"product_cat","embeddable":true,"href":"https:\/\/whisky.ad\/ca\/wp-json\/wp\/v2\/product_cat?post=81238"},{"taxonomy":"product_tag","embeddable":true,"href":"https:\/\/whisky.ad\/ca\/wp-json\/wp\/v2\/product_tag?post=81238"}],"curies":[{"name":"wp","href":"https:\/\/api.w.org\/{rel}","templated":true}]}}