{"id":81235,"date":"2025-03-24T13:00:34","date_gmt":"2025-03-24T12:00:34","guid":{"rendered":"https:\/\/whisky.ad\/product\/el-mayor-anejo-100-blue-agave-40-0-7l\/"},"modified":"2025-03-24T13:00:34","modified_gmt":"2025-03-24T12:00:34","slug":"el-mayor-anejo-100-blue-agave-40-0-7l","status":"publish","type":"product","link":"https:\/\/whisky.ad\/ca\/producte\/el-mayor-anejo-100-blue-agave-40-0-7l\/","title":{"rendered":"El Mayor Anejo (100% Blue Agave) 40% 0.7l"},"content":{"rendered":"","protected":false},"excerpt":{"rendered":"<div class=\"flex flex-1 grow basis-auto flex-col overflow-hidden\">\n<div class=\"relative h-full\">\n<div class=\"flex h-full flex-col overflow-y-auto [scrollbar-gutter:stable]\">\n<div class=\"mt-1.5 flex flex-col text-sm @thread-xl\/thread:pt-header-height md:pb-9\">\n<article class=\"group\/turn w-full text-token-text-primary focus-visible:outline-2 focus-visible:outline-offset-[-4px]\" dir=\"auto\" tabindex=\"-1\" data-testid=\"conversation-turn-28\" data-scroll-anchor=\"true\">\n<div class=\"text-base my-auto mx-auto py-[18px] px-6\">\n<div class=\"mx-auto flex flex-1 text-base gap-4 md:gap-5 lg:gap-6 md:max-w-3xl lg:max-w-[40rem] xl:max-w-[48rem]\">\n<div class=\"group\/conversation-turn relative flex w-full min-w-0 flex-col agent-turn @xs\/thread:px-0 @sm\/thread:px-1.5 @md\/thread:px-4\">\n<div class=\"flex-col gap-1 md:gap-3\">\n<div class=\"flex max-w-full flex-col flex-grow\">\n<div class=\"min-h-8 text-message relative flex w-full flex-col items-end gap-2 whitespace-normal break-words text-start [.text-message+&amp;]:mt-5\" dir=\"auto\" data-message-author-role=\"assistant\" data-message-id=\"95ea947e-e803-4742-999b-f503cab9f598\" data-message-model-slug=\"gpt-4o-mini\">\n<div class=\"flex w-full flex-col gap-1 empty:hidden first:pt-[3px]\">\n<div class=\"markdown prose w-full break-words dark:prose-invert light\">\n<p class=\"\" data-start=\"0\" data-end=\"202\">Elaborat per a una degustaci\u00f3 lenta i reflexiva, el nostre <strong data-start=\"59\" data-end=\"84\">A\u00f1ejo 100% Agave Blau<\/strong> s&#8217;envellit en b\u00f3tes de roure blanc durant <strong data-start=\"127\" data-end=\"144\">18 a 36 mesos<\/strong>, oferint una experi\u00e8ncia excepcionalment suau i refinada.<\/p>\n<h3 class=\"\" data-start=\"204\" data-end=\"227\"><strong data-start=\"208\" data-end=\"225\">Notes de Tast<\/strong><\/h3>\n<p class=\"\" data-start=\"228\" data-end=\"557\">\ud83d\udd38 <strong data-start=\"231\" data-end=\"247\">Envelliment:<\/strong> M\u00ednim 18 mesos<br data-start=\"262\" data-end=\"265\" \/>\ud83d\udd38 <strong data-start=\"268\" data-end=\"278\">Color:<\/strong> Daurat<br data-start=\"285\" data-end=\"288\" \/>\ud83d\udd38 <strong data-start=\"291\" data-end=\"299\">Nas:<\/strong> Aroma a caramell amb fruites dolces i un toc lleuger de roure<br data-start=\"361\" data-end=\"364\" \/>\ud83d\udd38 <strong data-start=\"367\" data-end=\"379\">Paladar:<\/strong> Suau i de cos mitj\u00e0 a complet, amb notes de caramell, fruites tropicals rostides i esp\u00e8cies c\u00e0lides<br data-start=\"479\" data-end=\"482\" \/>\ud83d\udd38 <strong data-start=\"485\" data-end=\"495\">Final:<\/strong> Fruit d&#8217;agave lleugerament dol\u00e7 amb un cos mitj\u00e0 equilibrat<\/p>\n<h3 class=\"\" data-start=\"559\" data-end=\"593\"><strong data-start=\"563\" data-end=\"591\">Recomanaci\u00f3 de Maridatge<\/strong><\/h3>\n<p class=\"\" data-start=\"594\" data-end=\"629\">Perfecte amb <strong data-start=\"607\" data-end=\"627\">cordero i conill<\/strong><\/p>\n<h3 class=\"\" data-start=\"631\" data-end=\"664\"><strong data-start=\"635\" data-end=\"662\">Premis i Reconeixements<\/strong><\/h3>\n<p class=\"\" data-start=\"665\" data-end=\"893\"><strong data-start=\"665\" data-end=\"681\">ASCOT Awards<\/strong> \u2013 2024 Doble Plat\u00ed<br data-start=\"700\" data-end=\"703\" \/><strong data-start=\"703\" data-end=\"744\">International Spirits Challenge (ISC)<\/strong> \u2013 2024 Plata<br data-start=\"757\" data-end=\"760\" \/><strong data-start=\"760\" data-end=\"774\">SIP Awards<\/strong> \u2013 M\u00faltiples premis Plat\u00ed, Or i Elecci\u00f3 del Consumidor (2017-2022)<br data-start=\"840\" data-end=\"843\" \/><strong data-start=\"843\" data-end=\"862\" data-is-only-node=\"\">Tequila Masters<\/strong> \u2013 2017 Categoria Super Premium<\/p>\n<\/div>\n<\/div>\n<\/div>\n<\/div>\n<\/div>\n<\/div>\n<\/div>\n<\/div>\n<\/article>\n<\/div>\n<\/div>\n<\/div>\n<\/div>\n","protected":false},"featured_media":81208,"comment_status":"open","ping_status":"closed","template":"","meta":{"_acf_changed":false},"product_brand":[],"product_cat":[422],"product_tag":[],"class_list":{"0":"post-81235","1":"product","2":"type-product","3":"status-publish","4":"has-post-thumbnail","6":"product_cat-tequila-ca","8":"first","9":"instock","10":"taxable","11":"shipping-taxable","12":"purchasable","13":"product-type-simple"},"acf":[],"aioseo_notices":[],"jetpack_sharing_enabled":true,"_links":{"self":[{"href":"https:\/\/whisky.ad\/ca\/wp-json\/wp\/v2\/product\/81235","targetHints":{"allow":["GET"]}}],"collection":[{"href":"https:\/\/whisky.ad\/ca\/wp-json\/wp\/v2\/product"}],"about":[{"href":"https:\/\/whisky.ad\/ca\/wp-json\/wp\/v2\/types\/product"}],"replies":[{"embeddable":true,"href":"https:\/\/whisky.ad\/ca\/wp-json\/wp\/v2\/comments?post=81235"}],"wp:featuredmedia":[{"embeddable":true,"href":"https:\/\/whisky.ad\/ca\/wp-json\/wp\/v2\/media\/81208"}],"wp:attachment":[{"href":"https:\/\/whisky.ad\/ca\/wp-json\/wp\/v2\/media?parent=81235"}],"wp:term":[{"taxonomy":"product_brand","embeddable":true,"href":"https:\/\/whisky.ad\/ca\/wp-json\/wp\/v2\/product_brand?post=81235"},{"taxonomy":"product_cat","embeddable":true,"href":"https:\/\/whisky.ad\/ca\/wp-json\/wp\/v2\/product_cat?post=81235"},{"taxonomy":"product_tag","embeddable":true,"href":"https:\/\/whisky.ad\/ca\/wp-json\/wp\/v2\/product_tag?post=81235"}],"curies":[{"name":"wp","href":"https:\/\/api.w.org\/{rel}","templated":true}]}}