{"id":81229,"date":"2025-03-24T12:58:31","date_gmt":"2025-03-24T11:58:31","guid":{"rendered":"https:\/\/whisky.ad\/product\/yellowstone-toasted-finish-50-0-7l\/"},"modified":"2025-03-24T12:58:31","modified_gmt":"2025-03-24T11:58:31","slug":"yellowstone-toasted-finish-50-0-7l","status":"publish","type":"product","link":"https:\/\/whisky.ad\/ca\/producte\/yellowstone-toasted-finish-50-0-7l\/","title":{"rendered":"Yellowstone Toasted Finish 50% 0.7l"},"content":{"rendered":"","protected":false},"excerpt":{"rendered":"<p class=\"\" data-start=\"0\" data-end=\"46\"><strong data-start=\"0\" data-end=\"44\">Col\u00b7lecci\u00f3 d&#8217;Acabats Especials \u2013 Toasted<\/strong><\/p>\n<p class=\"\" data-start=\"48\" data-end=\"421\">La nostra <strong data-start=\"58\" data-end=\"92\">Col\u00b7lecci\u00f3 d&#8217;Acabats Especials<\/strong> \u00e9s una exploraci\u00f3 cont\u00ednua d&#8217;acabats \u00fanics i noves interpretacions del nostre perfil de bourbon caracter\u00edstic. La primera edici\u00f3, <strong data-start=\"223\" data-end=\"234\">Toasted<\/strong>, fa una declaraci\u00f3 audaz, incorporant dueles de <strong data-start=\"283\" data-end=\"361\">High Toast, American Oak Double Toast, High Vanilla, Rickhouse i Spicerack<\/strong>, aportant un extra de torrat per a una major profunditat.<\/p>\n<p class=\"\" data-start=\"423\" data-end=\"645\">\ud83d\udd38 <strong data-start=\"426\" data-end=\"434\">Nas:<\/strong> Caramel torrat, vainilla i esp\u00e8cies c\u00e0lides de tardor amb un toc de canyella.<br data-start=\"512\" data-end=\"515\" \/>\ud83d\udd38 <strong data-start=\"518\" data-end=\"530\">Paladar:<\/strong> Notes riques de nou, toffee, te negre i pebre blanc.<br data-start=\"583\" data-end=\"586\" \/>\ud83d\udd38 <strong data-start=\"589\" data-end=\"599\">Final:<\/strong> Cacau i tabac amb un final cruixent de roure.<\/p>\n","protected":false},"featured_media":81225,"comment_status":"open","ping_status":"closed","template":"","meta":{"_acf_changed":false},"product_brand":[],"product_cat":[614,613,360],"product_tag":[],"class_list":{"0":"post-81229","1":"product","2":"type-product","3":"status-publish","4":"has-post-thumbnail","6":"product_cat-yellowstone-ca","7":"product_cat-usa-ca","8":"product_cat-whisky-per-marca-ca","10":"first","11":"instock","12":"taxable","13":"shipping-taxable","14":"product-type-simple"},"acf":[],"aioseo_notices":[],"jetpack_sharing_enabled":true,"_links":{"self":[{"href":"https:\/\/whisky.ad\/ca\/wp-json\/wp\/v2\/product\/81229","targetHints":{"allow":["GET"]}}],"collection":[{"href":"https:\/\/whisky.ad\/ca\/wp-json\/wp\/v2\/product"}],"about":[{"href":"https:\/\/whisky.ad\/ca\/wp-json\/wp\/v2\/types\/product"}],"replies":[{"embeddable":true,"href":"https:\/\/whisky.ad\/ca\/wp-json\/wp\/v2\/comments?post=81229"}],"wp:featuredmedia":[{"embeddable":true,"href":"https:\/\/whisky.ad\/ca\/wp-json\/wp\/v2\/media\/81225"}],"wp:attachment":[{"href":"https:\/\/whisky.ad\/ca\/wp-json\/wp\/v2\/media?parent=81229"}],"wp:term":[{"taxonomy":"product_brand","embeddable":true,"href":"https:\/\/whisky.ad\/ca\/wp-json\/wp\/v2\/product_brand?post=81229"},{"taxonomy":"product_cat","embeddable":true,"href":"https:\/\/whisky.ad\/ca\/wp-json\/wp\/v2\/product_cat?post=81229"},{"taxonomy":"product_tag","embeddable":true,"href":"https:\/\/whisky.ad\/ca\/wp-json\/wp\/v2\/product_tag?post=81229"}],"curies":[{"name":"wp","href":"https:\/\/api.w.org\/{rel}","templated":true}]}}