{"id":80756,"date":"2024-09-09T10:26:25","date_gmt":"2024-09-09T09:26:25","guid":{"rendered":"https:\/\/whisky.ad\/product\/ben-lomond-ginebra-escocesa-de-taronja-sanguina-i-aranja-rosa-0-7l-38\/"},"modified":"2024-09-09T10:26:25","modified_gmt":"2024-09-09T09:26:25","slug":"ben-lomond-ginebra-escocesa-de-taronja-sanguina-i-aranja-rosa-0-7l-38","status":"publish","type":"product","link":"https:\/\/whisky.ad\/ca\/producte\/ben-lomond-ginebra-escocesa-de-taronja-sanguina-i-aranja-rosa-0-7l-38\/","title":{"rendered":"Ben Lomond Ginebra escocesa de taronja sanguina i aranja rosa 0.7l 38%"},"content":{"rendered":"","protected":false},"excerpt":{"rendered":"<p>Ben Lomond Ginebra escocesa de taronja sanguina i aranja rosa 0.7l 38% l&#8217;ess\u00e8ncia d&#8217;un estiu escoc\u00e8s amb la nostra ginebra Blood Orange i Pink Grapefruit. Amb un refresc picant, aquest esperit vibrant \u00e9s perfecte per a un t\u00f2nic o el vostre c\u00f2ctel preferit. <\/p>\n","protected":false},"featured_media":80736,"comment_status":"open","ping_status":"closed","template":"","meta":{"_acf_changed":false},"product_brand":[],"product_cat":[415],"product_tag":[],"class_list":{"0":"post-80756","1":"product","2":"type-product","3":"status-publish","4":"has-post-thumbnail","6":"product_cat-ginebra-ca","8":"first","9":"instock","10":"taxable","11":"shipping-taxable","12":"purchasable","13":"product-type-simple"},"acf":[],"aioseo_notices":[],"jetpack_sharing_enabled":true,"_links":{"self":[{"href":"https:\/\/whisky.ad\/ca\/wp-json\/wp\/v2\/product\/80756","targetHints":{"allow":["GET"]}}],"collection":[{"href":"https:\/\/whisky.ad\/ca\/wp-json\/wp\/v2\/product"}],"about":[{"href":"https:\/\/whisky.ad\/ca\/wp-json\/wp\/v2\/types\/product"}],"replies":[{"embeddable":true,"href":"https:\/\/whisky.ad\/ca\/wp-json\/wp\/v2\/comments?post=80756"}],"wp:featuredmedia":[{"embeddable":true,"href":"https:\/\/whisky.ad\/ca\/wp-json\/wp\/v2\/media\/80736"}],"wp:attachment":[{"href":"https:\/\/whisky.ad\/ca\/wp-json\/wp\/v2\/media?parent=80756"}],"wp:term":[{"taxonomy":"product_brand","embeddable":true,"href":"https:\/\/whisky.ad\/ca\/wp-json\/wp\/v2\/product_brand?post=80756"},{"taxonomy":"product_cat","embeddable":true,"href":"https:\/\/whisky.ad\/ca\/wp-json\/wp\/v2\/product_cat?post=80756"},{"taxonomy":"product_tag","embeddable":true,"href":"https:\/\/whisky.ad\/ca\/wp-json\/wp\/v2\/product_tag?post=80756"}],"curies":[{"name":"wp","href":"https:\/\/api.w.org\/{rel}","templated":true}]}}