{"id":80240,"date":"2020-01-12T11:59:48","date_gmt":"2020-01-12T10:59:48","guid":{"rendered":"https:\/\/whisky.ad\/product\/ruffino-rosatello\/"},"modified":"2020-01-12T11:59:48","modified_gmt":"2020-01-12T10:59:48","slug":"ruffino-rosatello","status":"publish","type":"product","link":"https:\/\/whisky.ad\/ca\/producte\/ruffino-rosatello\/","title":{"rendered":"Ruffino Rosatello"},"content":{"rendered":"","protected":false},"excerpt":{"rendered":"<p>Color La tonalitat \u00e9s d&#8217;un rosa pols, delicat i brillant, adornat amb reflexos de coure. Aroma Una barreja delicada i gr\u00e0cilment din\u00e0mica de fruites i flors, creant una cornuc\u00f2pia d&#8217;olors subtilment en moviment. Perfil de tast El vi presenta una seq\u00fc\u00e8ncia d&#8217;obertura atrevida i precisa, que s&#8217;alinea directament i coherent amb les notes arom\u00e0tiques. A continuaci\u00f3, una sensaci\u00f3 refrescant que persisteix fins al final agradablement sorprenent. Notes de tast completes Les qualitats excepcionals del maridatge, juntament amb la versatilitat i l&#8217;alegria inherent de beure, caracteritzen aquest vi com una font de felicitat per a qualsevol ocasi\u00f3. Maridatge Ideal amb embotits d&#8217;alta qualitat i formatges de maduraci\u00f3 mitjana, aix\u00ed com pastes lleugeres, mariscs i peixos rostits. Cal destacar que el vi ofereix una experi\u00e8ncia sorprenent quan se serveix al costat d&#8217;ostres fresques.<\/p>\n","protected":false},"featured_media":75831,"comment_status":"open","ping_status":"closed","template":"","meta":{"_acf_changed":false},"product_brand":[],"product_cat":[534,391],"product_tag":[],"class_list":{"0":"post-80240","1":"product","2":"type-product","3":"status-publish","4":"has-post-thumbnail","6":"product_cat-tuscany-ca","7":"product_cat-vins-ca","9":"first","10":"instock","11":"taxable","12":"shipping-taxable","13":"purchasable","14":"product-type-simple"},"acf":[],"aioseo_notices":[],"jetpack_sharing_enabled":true,"_links":{"self":[{"href":"https:\/\/whisky.ad\/ca\/wp-json\/wp\/v2\/product\/80240","targetHints":{"allow":["GET"]}}],"collection":[{"href":"https:\/\/whisky.ad\/ca\/wp-json\/wp\/v2\/product"}],"about":[{"href":"https:\/\/whisky.ad\/ca\/wp-json\/wp\/v2\/types\/product"}],"replies":[{"embeddable":true,"href":"https:\/\/whisky.ad\/ca\/wp-json\/wp\/v2\/comments?post=80240"}],"wp:featuredmedia":[{"embeddable":true,"href":"https:\/\/whisky.ad\/ca\/wp-json\/wp\/v2\/media\/75831"}],"wp:attachment":[{"href":"https:\/\/whisky.ad\/ca\/wp-json\/wp\/v2\/media?parent=80240"}],"wp:term":[{"taxonomy":"product_brand","embeddable":true,"href":"https:\/\/whisky.ad\/ca\/wp-json\/wp\/v2\/product_brand?post=80240"},{"taxonomy":"product_cat","embeddable":true,"href":"https:\/\/whisky.ad\/ca\/wp-json\/wp\/v2\/product_cat?post=80240"},{"taxonomy":"product_tag","embeddable":true,"href":"https:\/\/whisky.ad\/ca\/wp-json\/wp\/v2\/product_tag?post=80240"}],"curies":[{"name":"wp","href":"https:\/\/api.w.org\/{rel}","templated":true}]}}