{"id":80237,"date":"2020-01-12T11:54:13","date_gmt":"2020-01-12T10:54:13","guid":{"rendered":"https:\/\/whisky.ad\/product\/ruffino-orvieto-classico-docg\/"},"modified":"2020-01-12T11:54:13","modified_gmt":"2020-01-12T10:54:13","slug":"ruffino-orvieto-classico-docg","status":"publish","type":"product","link":"https:\/\/whisky.ad\/ca\/producte\/ruffino-orvieto-classico-docg\/","title":{"rendered":"Ruffino Orvieto Classico, DOCG"},"content":{"rendered":"","protected":false},"excerpt":{"rendered":"<p>El vi blanc Orvieto Classico de Ruffino mostra un bouquet afruitat i floral que recorda les pomes verdes i les flors del prat. Els sabors suaus i refrescants d&#8217;aquest vi itali\u00e0 harmonitzen perfectament amb la seva estructura ben definida i una acidesa equilibrada. Orvieto Classico es distingeix per un car\u00e0cter mineral \u00fanic derivat del s\u00f2l calcari calcari conegut com a toba. El final del vi blanc \u00e9s prolongat i arom\u00e0tic, amb subtils tocs d&#8217;ametlla. El ra\u00efm d&#8217;aquest vi Ruffino prov\u00e9 de les conegudes regions vin\u00edcoles DOCG d&#8217;Orvieto Classico. Utilitzant un proc\u00e9s d&#8217;elaboraci\u00f3 de vi tradicional i un breu per\u00edode de crian\u00e7a en tines d&#8217;acer inoxidable, Ruffino produeix un vi itali\u00e0 que revela sense esfor\u00e7 el seu car\u00e0cter sense persuasi\u00f3 ni manipulaci\u00f3 indeguda. Ja sigui com a aperitiu o acompanyat de crostini, verdures a la brasa, sopa o peix a la brasa, aquest vi blanc promet una experi\u00e8ncia deliciosa. Per a un gust \u00f2ptim, refrigereu el vi almenys dues hores i serviu-lo fred.       <\/p>\n","protected":false},"featured_media":75828,"comment_status":"open","ping_status":"closed","template":"","meta":{"_acf_changed":false},"product_brand":[],"product_cat":[578,391],"product_tag":[],"class_list":{"0":"post-80237","1":"product","2":"type-product","3":"status-publish","4":"has-post-thumbnail","6":"product_cat-umbria-ca","7":"product_cat-vins-ca","9":"first","10":"instock","11":"taxable","12":"shipping-taxable","13":"purchasable","14":"product-type-simple"},"acf":[],"aioseo_notices":[],"jetpack_sharing_enabled":true,"_links":{"self":[{"href":"https:\/\/whisky.ad\/ca\/wp-json\/wp\/v2\/product\/80237","targetHints":{"allow":["GET"]}}],"collection":[{"href":"https:\/\/whisky.ad\/ca\/wp-json\/wp\/v2\/product"}],"about":[{"href":"https:\/\/whisky.ad\/ca\/wp-json\/wp\/v2\/types\/product"}],"replies":[{"embeddable":true,"href":"https:\/\/whisky.ad\/ca\/wp-json\/wp\/v2\/comments?post=80237"}],"wp:featuredmedia":[{"embeddable":true,"href":"https:\/\/whisky.ad\/ca\/wp-json\/wp\/v2\/media\/75828"}],"wp:attachment":[{"href":"https:\/\/whisky.ad\/ca\/wp-json\/wp\/v2\/media?parent=80237"}],"wp:term":[{"taxonomy":"product_brand","embeddable":true,"href":"https:\/\/whisky.ad\/ca\/wp-json\/wp\/v2\/product_brand?post=80237"},{"taxonomy":"product_cat","embeddable":true,"href":"https:\/\/whisky.ad\/ca\/wp-json\/wp\/v2\/product_cat?post=80237"},{"taxonomy":"product_tag","embeddable":true,"href":"https:\/\/whisky.ad\/ca\/wp-json\/wp\/v2\/product_tag?post=80237"}],"curies":[{"name":"wp","href":"https:\/\/api.w.org\/{rel}","templated":true}]}}