{"id":80233,"date":"2020-01-12T11:48:33","date_gmt":"2020-01-12T10:48:33","guid":{"rendered":"https:\/\/whisky.ad\/product\/ruffino-lumina-pinot-grigio-delle-venezie-igt\/"},"modified":"2020-01-12T11:48:33","modified_gmt":"2020-01-12T10:48:33","slug":"ruffino-lumina-pinot-grigio-delle-venezie-igt","status":"publish","type":"product","link":"https:\/\/whisky.ad\/ca\/producte\/ruffino-lumina-pinot-grigio-delle-venezie-igt\/","title":{"rendered":"Ruffino Lumina Pinot Grigio, Delle Venezie IGT"},"content":{"rendered":"","protected":false},"excerpt":{"rendered":"<p>-Raim: 70% Sangiovese, 30% Canaiolo, Colorino i altres varietats vermelles -Color: vermell rub\u00ed. -Aroma: el Ruffino Chianti DOCG es un vino f\u00e1cil y f\u00e1cil de consumir, que presenta predominio arom\u00e1tico frutal y floral, con notas de especias y avellanas. -Perfil de degustaci\u00f3n: En boca, Chianti DOCG es suau con un cos mitj\u00e0 i bon equilibri, que presenta unes caracter\u00edstiques afruitades agradables. -Aparells alimentaris: combina aquest Chianti DOCG amb una gran varietat de plats tradicionals italians com raviolis, pizza margherita i carpaccio de vedella. Ser\u00e1 sencillamente perfecto. Su brillantez y acidez tambi\u00e9n se convierten en un gran acompa\u00f1ante para platos internacionales como la cl\u00e1sica hamburguesa.<\/p>\n","protected":false},"featured_media":75822,"comment_status":"open","ping_status":"closed","template":"","meta":{"_acf_changed":false},"product_brand":[],"product_cat":[521,391],"product_tag":[],"class_list":{"0":"post-80233","1":"product","2":"type-product","3":"status-publish","4":"has-post-thumbnail","6":"product_cat-veneto-ca","7":"product_cat-vins-ca","9":"first","10":"instock","11":"taxable","12":"shipping-taxable","13":"purchasable","14":"product-type-simple"},"acf":[],"aioseo_notices":[],"jetpack_sharing_enabled":true,"_links":{"self":[{"href":"https:\/\/whisky.ad\/ca\/wp-json\/wp\/v2\/product\/80233","targetHints":{"allow":["GET"]}}],"collection":[{"href":"https:\/\/whisky.ad\/ca\/wp-json\/wp\/v2\/product"}],"about":[{"href":"https:\/\/whisky.ad\/ca\/wp-json\/wp\/v2\/types\/product"}],"replies":[{"embeddable":true,"href":"https:\/\/whisky.ad\/ca\/wp-json\/wp\/v2\/comments?post=80233"}],"wp:featuredmedia":[{"embeddable":true,"href":"https:\/\/whisky.ad\/ca\/wp-json\/wp\/v2\/media\/75822"}],"wp:attachment":[{"href":"https:\/\/whisky.ad\/ca\/wp-json\/wp\/v2\/media?parent=80233"}],"wp:term":[{"taxonomy":"product_brand","embeddable":true,"href":"https:\/\/whisky.ad\/ca\/wp-json\/wp\/v2\/product_brand?post=80233"},{"taxonomy":"product_cat","embeddable":true,"href":"https:\/\/whisky.ad\/ca\/wp-json\/wp\/v2\/product_cat?post=80233"},{"taxonomy":"product_tag","embeddable":true,"href":"https:\/\/whisky.ad\/ca\/wp-json\/wp\/v2\/product_tag?post=80233"}],"curies":[{"name":"wp","href":"https:\/\/api.w.org\/{rel}","templated":true}]}}