{"id":80226,"date":"2019-12-30T16:25:33","date_gmt":"2019-12-30T15:25:33","guid":{"rendered":"https:\/\/whisky.ad\/product\/luigi-righetti-bianco-di-custoza-2018\/"},"modified":"2019-12-30T16:25:33","modified_gmt":"2019-12-30T15:25:33","slug":"luigi-righetti-bianco-di-custoza-2018","status":"publish","type":"product","link":"https:\/\/whisky.ad\/ca\/producte\/luigi-righetti-bianco-di-custoza-2018\/","title":{"rendered":"Luigi Righetti-Bianco di Custoza 2018"},"content":{"rendered":"","protected":false},"excerpt":{"rendered":"<p>&#8211; Celler: Luigi Righetti -Ra\u00efm: Trebbiano, Garganega, Tocai Friulano -Regi\u00f3: Veneto -Estils regionals: Nord d&#8217;It\u00e0lia Blanca Maridatge: pasta, marisc, formatges curats i durs, peix magre, embotits<\/p>\n","protected":false},"featured_media":75696,"comment_status":"open","ping_status":"closed","template":"","meta":{"_acf_changed":false},"product_brand":[],"product_cat":[521,391],"product_tag":[574,575],"class_list":{"0":"post-80226","1":"product","2":"type-product","3":"status-publish","4":"has-post-thumbnail","6":"product_cat-veneto-ca","7":"product_cat-vins-ca","8":"product_tag-white-ca","9":"product_tag-righetti-ca","11":"first","12":"outofstock","13":"taxable","14":"shipping-taxable","15":"purchasable","16":"product-type-simple"},"acf":[],"aioseo_notices":[],"jetpack_sharing_enabled":true,"_links":{"self":[{"href":"https:\/\/whisky.ad\/ca\/wp-json\/wp\/v2\/product\/80226","targetHints":{"allow":["GET"]}}],"collection":[{"href":"https:\/\/whisky.ad\/ca\/wp-json\/wp\/v2\/product"}],"about":[{"href":"https:\/\/whisky.ad\/ca\/wp-json\/wp\/v2\/types\/product"}],"replies":[{"embeddable":true,"href":"https:\/\/whisky.ad\/ca\/wp-json\/wp\/v2\/comments?post=80226"}],"wp:featuredmedia":[{"embeddable":true,"href":"https:\/\/whisky.ad\/ca\/wp-json\/wp\/v2\/media\/75696"}],"wp:attachment":[{"href":"https:\/\/whisky.ad\/ca\/wp-json\/wp\/v2\/media?parent=80226"}],"wp:term":[{"taxonomy":"product_brand","embeddable":true,"href":"https:\/\/whisky.ad\/ca\/wp-json\/wp\/v2\/product_brand?post=80226"},{"taxonomy":"product_cat","embeddable":true,"href":"https:\/\/whisky.ad\/ca\/wp-json\/wp\/v2\/product_cat?post=80226"},{"taxonomy":"product_tag","embeddable":true,"href":"https:\/\/whisky.ad\/ca\/wp-json\/wp\/v2\/product_tag?post=80226"}],"curies":[{"name":"wp","href":"https:\/\/api.w.org\/{rel}","templated":true}]}}