{"id":80223,"date":"2019-12-30T16:10:42","date_gmt":"2019-12-30T15:10:42","guid":{"rendered":"https:\/\/whisky.ad\/product\/luigi-righetti-valpolicella-classico-doc-2018\/"},"modified":"2019-12-30T16:10:42","modified_gmt":"2019-12-30T15:10:42","slug":"luigi-righetti-valpolicella-classico-doc-2018","status":"publish","type":"product","link":"https:\/\/whisky.ad\/ca\/producte\/luigi-righetti-valpolicella-classico-doc-2018\/","title":{"rendered":"Luigi Righetti \u2013 Valpolicella Classico DOC 2018"},"content":{"rendered":"","protected":false},"excerpt":{"rendered":"<p>ivino 3.4\/5 -Categories: Corvina, It\u00e0lia, Vi negre, Luigi Righetti, Veneto, Vins -Pa\u00eds\/Regi\u00f3: It\u00e0lia\/Veneto -Tipus: Vi negre -Varietat: Corvina -Anyada: 2018 -Dolor practicat: sec -Cos: lleuger \/mitjana \u2013 Tancament: suro -Quan beure: beure ara i durant els propers 2 anys Nota de tast: Valpolicella \u00e9s el vi de pasta i pasta per excel\u00b7l\u00e8ncia, cultivat a la regi\u00f3 del V\u00e8neto d&#8217;It\u00e0lia, al nord de Verona. Vi arom\u00e0tic amb cireres i un toc d&#8217;ametlla. De cos m\u00e9s lleuger i predominantment afruitat, presenta una concentraci\u00f3 de fruita inusualment bona per a la Valpolicella, amb uns agradables sabors de fruites de cirera, morats i un toc de pebre blanc. Maridatge: pizzes, plats de pasta amb salses de verdures, guisat de peix i carns blanques, aix\u00ed com prosciutto i formatge.<\/p>\n","protected":false},"featured_media":75633,"comment_status":"open","ping_status":"closed","template":"","meta":{"_acf_changed":false},"product_brand":[],"product_cat":[521,391],"product_tag":[520],"class_list":{"0":"post-80223","1":"product","2":"type-product","3":"status-publish","4":"has-post-thumbnail","6":"product_cat-veneto-ca","7":"product_cat-vins-ca","8":"product_tag-red-ca","10":"first","11":"instock","12":"sale","13":"taxable","14":"shipping-taxable","15":"purchasable","16":"product-type-simple"},"acf":[],"aioseo_notices":[],"jetpack_sharing_enabled":true,"_links":{"self":[{"href":"https:\/\/whisky.ad\/ca\/wp-json\/wp\/v2\/product\/80223","targetHints":{"allow":["GET"]}}],"collection":[{"href":"https:\/\/whisky.ad\/ca\/wp-json\/wp\/v2\/product"}],"about":[{"href":"https:\/\/whisky.ad\/ca\/wp-json\/wp\/v2\/types\/product"}],"replies":[{"embeddable":true,"href":"https:\/\/whisky.ad\/ca\/wp-json\/wp\/v2\/comments?post=80223"}],"wp:featuredmedia":[{"embeddable":true,"href":"https:\/\/whisky.ad\/ca\/wp-json\/wp\/v2\/media\/75633"}],"wp:attachment":[{"href":"https:\/\/whisky.ad\/ca\/wp-json\/wp\/v2\/media?parent=80223"}],"wp:term":[{"taxonomy":"product_brand","embeddable":true,"href":"https:\/\/whisky.ad\/ca\/wp-json\/wp\/v2\/product_brand?post=80223"},{"taxonomy":"product_cat","embeddable":true,"href":"https:\/\/whisky.ad\/ca\/wp-json\/wp\/v2\/product_cat?post=80223"},{"taxonomy":"product_tag","embeddable":true,"href":"https:\/\/whisky.ad\/ca\/wp-json\/wp\/v2\/product_tag?post=80223"}],"curies":[{"name":"wp","href":"https:\/\/api.w.org\/{rel}","templated":true}]}}