{"id":80220,"date":"2019-12-30T14:45:11","date_gmt":"2019-12-30T13:45:11","guid":{"rendered":"https:\/\/whisky.ad\/product\/luigi-righetti-sol-rosso-veneto\/"},"modified":"2019-12-30T14:45:11","modified_gmt":"2019-12-30T13:45:11","slug":"luigi-righetti-sol-rosso-veneto","status":"publish","type":"product","link":"https:\/\/whisky.ad\/ca\/producte\/luigi-righetti-sol-rosso-veneto\/","title":{"rendered":"Luigi Righetti \u2013 SOL Rosso Veneto"},"content":{"rendered":"","protected":false},"excerpt":{"rendered":"<p>Entre el 5% de tots els vins del m\u00f3n (Vivino) Puntuaci\u00f3 88\/100, Alison Napjus, 2015 &#8211; Celler: Luigi Righetti -Ra\u00efms: Shiraz \/ Syrah, Cabernet Sauvignon, Merlot, Corvina, Rondinella -Regi\u00f3: Veneto -Estils regionals : vermell del nord d&#8217;It\u00e0lia -Maridatge: vedella, pasta, xai, ca\u00e7a (c\u00e9rvol, c\u00e9rvol) Descripci\u00f3 del producte Color: vermell granat. Nas: aromes plens i intensos de fruita fosca i cirera. Sabor: ric i gener\u00f3s amb un color profund. Sabors intensos, amb aroma de fruita, vainilla i fusta. Combina b\u00e9 amb carns vermelles i segons plats. Espectador de vins Hi ha moltes esp\u00e8cies i sucs de pruna negra i cirera, asseguts en un marc fresc i de cos mitj\u00e0 i amb tocs de moca, regal\u00e8ssia negra i herba seca que mantenen l&#8217;acabat fumat. Corvina, amb Merlot, Shiraz i altres. Beu ara fins al 2018. 5.000 caixes fetes.<\/p>\n","protected":false},"featured_media":75696,"comment_status":"open","ping_status":"closed","template":"","meta":{"_acf_changed":false},"product_brand":[],"product_cat":[521,391],"product_tag":[],"class_list":{"0":"post-80220","1":"product","2":"type-product","3":"status-publish","4":"has-post-thumbnail","6":"product_cat-veneto-ca","7":"product_cat-vins-ca","9":"first","10":"outofstock","11":"taxable","12":"shipping-taxable","13":"purchasable","14":"product-type-simple"},"acf":[],"aioseo_notices":[],"jetpack_sharing_enabled":true,"_links":{"self":[{"href":"https:\/\/whisky.ad\/ca\/wp-json\/wp\/v2\/product\/80220","targetHints":{"allow":["GET"]}}],"collection":[{"href":"https:\/\/whisky.ad\/ca\/wp-json\/wp\/v2\/product"}],"about":[{"href":"https:\/\/whisky.ad\/ca\/wp-json\/wp\/v2\/types\/product"}],"replies":[{"embeddable":true,"href":"https:\/\/whisky.ad\/ca\/wp-json\/wp\/v2\/comments?post=80220"}],"wp:featuredmedia":[{"embeddable":true,"href":"https:\/\/whisky.ad\/ca\/wp-json\/wp\/v2\/media\/75696"}],"wp:attachment":[{"href":"https:\/\/whisky.ad\/ca\/wp-json\/wp\/v2\/media?parent=80220"}],"wp:term":[{"taxonomy":"product_brand","embeddable":true,"href":"https:\/\/whisky.ad\/ca\/wp-json\/wp\/v2\/product_brand?post=80220"},{"taxonomy":"product_cat","embeddable":true,"href":"https:\/\/whisky.ad\/ca\/wp-json\/wp\/v2\/product_cat?post=80220"},{"taxonomy":"product_tag","embeddable":true,"href":"https:\/\/whisky.ad\/ca\/wp-json\/wp\/v2\/product_tag?post=80220"}],"curies":[{"name":"wp","href":"https:\/\/api.w.org\/{rel}","templated":true}]}}