{"id":80217,"date":"2019-12-30T16:03:49","date_gmt":"2019-12-30T15:03:49","guid":{"rendered":"https:\/\/whisky.ad\/product\/luigi-righetti-sognum-cabernet-sauvignon-2017\/"},"modified":"2019-12-30T16:03:49","modified_gmt":"2019-12-30T15:03:49","slug":"luigi-righetti-sognum-cabernet-sauvignon-2017","status":"publish","type":"product","link":"https:\/\/whisky.ad\/ca\/producte\/luigi-righetti-sognum-cabernet-sauvignon-2017\/","title":{"rendered":"Luigi Righetti \u2013 Sognum Cabernet Sauvignon 2017"},"content":{"rendered":"","protected":false},"excerpt":{"rendered":"<p>Visc 3,8\/5 -Categories: Cabernet Sauvignon, It\u00e0lia, Luigi Righetti, Vi negre, V\u00e8neto, Vins \u2013 Pa\u00eds \/ Regi\u00f3: It\u00e0lia \/ Veneto -Tipus: Vi negre -Varietat: Cabernet Sauvignon &#8211; Anyada: 2016 -Pr\u00e0ctica del dolor: Cos sec : Mitj\u00e0 \/ Corporatiu &#8211; Tancament: suro -Quan beure: beure ara i durant els propers 4 anys Nota de tast: Amarone de la regi\u00f3, Sognum est\u00e0 fet a partir de grans semisecs, que concentren els sabors de fruita i afegeixen riquesa per donar-li un to m\u00e9s perfil de sabor robust. Setze mesos en b\u00f3tes de roure donen m\u00e9s complexitat suavitzant la boca, i tamb\u00e9 donen un agradable accent de vainilla i esp\u00e8cies. Aquest \u00e9s un cabernet molt sabor\u00f3s! Maridatge: maridatge amb salses de pasta de carn &#8211; bolonyesa &#8211; guisats a base de tom\u00e0quet, costelles de vedella a la brasa.<\/p>\n","protected":false},"featured_media":75615,"comment_status":"open","ping_status":"closed","template":"","meta":{"_acf_changed":false},"product_brand":[],"product_cat":[521,391],"product_tag":[520],"class_list":{"0":"post-80217","1":"product","2":"type-product","3":"status-publish","4":"has-post-thumbnail","6":"product_cat-veneto-ca","7":"product_cat-vins-ca","8":"product_tag-red-ca","10":"first","11":"instock","12":"taxable","13":"shipping-taxable","14":"purchasable","15":"product-type-simple"},"acf":[],"aioseo_notices":[],"jetpack_sharing_enabled":true,"_links":{"self":[{"href":"https:\/\/whisky.ad\/ca\/wp-json\/wp\/v2\/product\/80217","targetHints":{"allow":["GET"]}}],"collection":[{"href":"https:\/\/whisky.ad\/ca\/wp-json\/wp\/v2\/product"}],"about":[{"href":"https:\/\/whisky.ad\/ca\/wp-json\/wp\/v2\/types\/product"}],"replies":[{"embeddable":true,"href":"https:\/\/whisky.ad\/ca\/wp-json\/wp\/v2\/comments?post=80217"}],"wp:featuredmedia":[{"embeddable":true,"href":"https:\/\/whisky.ad\/ca\/wp-json\/wp\/v2\/media\/75615"}],"wp:attachment":[{"href":"https:\/\/whisky.ad\/ca\/wp-json\/wp\/v2\/media?parent=80217"}],"wp:term":[{"taxonomy":"product_brand","embeddable":true,"href":"https:\/\/whisky.ad\/ca\/wp-json\/wp\/v2\/product_brand?post=80217"},{"taxonomy":"product_cat","embeddable":true,"href":"https:\/\/whisky.ad\/ca\/wp-json\/wp\/v2\/product_cat?post=80217"},{"taxonomy":"product_tag","embeddable":true,"href":"https:\/\/whisky.ad\/ca\/wp-json\/wp\/v2\/product_tag?post=80217"}],"curies":[{"name":"wp","href":"https:\/\/api.w.org\/{rel}","templated":true}]}}