{"id":80213,"date":"2019-12-30T13:40:32","date_gmt":"2019-12-30T12:40:32","guid":{"rendered":"https:\/\/whisky.ad\/product\/luigi-righetti-capitel-de-roari-amarone-2015\/"},"modified":"2019-12-30T13:40:32","modified_gmt":"2019-12-30T12:40:32","slug":"luigi-righetti-capitel-de-roari-amarone-2015","status":"publish","type":"product","link":"https:\/\/whisky.ad\/ca\/producte\/luigi-righetti-capitel-de-roari-amarone-2015\/","title":{"rendered":"Luigi Righetti \u2013 Capitel de Roari Amarone 2015"},"content":{"rendered":"","protected":false},"excerpt":{"rendered":"<p>Entre el 5% de tots els vins del m\u00f3n (Vivino) Puntuaci\u00f3 92\/100, Ultimate Wine Challenge, 2019. Categories: Vins Corvina, It\u00e0lia, Luigi Righetti, Vi negre, V\u00e8neto Pa\u00eds\/Regi\u00f3: It\u00e0lia\/Veneto Tipus: Vi negre Varietat: Corvina Anyada: 2015 Dol\u00e7 practicat: sec Cos: cos sencer Tancament: suro Quan beureu: Beur\u00e0s ara i durant els propers 5 anys Nota de tast: Tot Amarone \u00e9s el resultat de l&#8217;assecat del ra\u00efm entre 3 i 5 mesos abans pressionant. Capitel de Roari \u00e9s el primer amic de Righetti millor selecci\u00f3 de ra\u00efm i amb un delicat tractament amb roure. Es tracta d&#8217;un Amarone ben equilibrat que encara presenta molts dels sabors de fruita fosca, terrositat i components carnosos que s&#8217;esperen d&#8217;aquest DOC. Aromes de cirera negra i prunes unides per aromes crus i terrosos. En boca es mou molt b\u00e9 amb una barreja de fruita seca i fosca amb una mica de carn al final. Elegant per\u00f2 amb bona concentraci\u00f3. No trobareu molts vins a aquest preu i qualitat. Maridatge: Bolonyesa, formatge, acompanya b\u00e9 amb plats de vedella o xai. Ressenyes de tercers: amb una mica de ra\u00efm raonat i xocolata suau al nas, no hi ha cap error en qu\u00e8 espera Amarone. Per la boca vellutada passen sabors cl\u00e0ssics de moka, figues guisades i prunes al forn. Un exemple notable d&#8217;expressi\u00f3 lloable.<\/p>\n","protected":false},"featured_media":75606,"comment_status":"open","ping_status":"closed","template":"","meta":{"_acf_changed":false},"product_brand":[],"product_cat":[521,391],"product_tag":[],"class_list":{"0":"post-80213","1":"product","2":"type-product","3":"status-publish","4":"has-post-thumbnail","6":"product_cat-veneto-ca","7":"product_cat-vins-ca","9":"first","10":"outofstock","11":"taxable","12":"shipping-taxable","13":"purchasable","14":"product-type-simple"},"acf":[],"aioseo_notices":[],"jetpack_sharing_enabled":true,"_links":{"self":[{"href":"https:\/\/whisky.ad\/ca\/wp-json\/wp\/v2\/product\/80213","targetHints":{"allow":["GET"]}}],"collection":[{"href":"https:\/\/whisky.ad\/ca\/wp-json\/wp\/v2\/product"}],"about":[{"href":"https:\/\/whisky.ad\/ca\/wp-json\/wp\/v2\/types\/product"}],"replies":[{"embeddable":true,"href":"https:\/\/whisky.ad\/ca\/wp-json\/wp\/v2\/comments?post=80213"}],"wp:featuredmedia":[{"embeddable":true,"href":"https:\/\/whisky.ad\/ca\/wp-json\/wp\/v2\/media\/75606"}],"wp:attachment":[{"href":"https:\/\/whisky.ad\/ca\/wp-json\/wp\/v2\/media?parent=80213"}],"wp:term":[{"taxonomy":"product_brand","embeddable":true,"href":"https:\/\/whisky.ad\/ca\/wp-json\/wp\/v2\/product_brand?post=80213"},{"taxonomy":"product_cat","embeddable":true,"href":"https:\/\/whisky.ad\/ca\/wp-json\/wp\/v2\/product_cat?post=80213"},{"taxonomy":"product_tag","embeddable":true,"href":"https:\/\/whisky.ad\/ca\/wp-json\/wp\/v2\/product_tag?post=80213"}],"curies":[{"name":"wp","href":"https:\/\/api.w.org\/{rel}","templated":true}]}}