{"id":80210,"date":"2019-12-30T15:11:20","date_gmt":"2019-12-30T14:11:20","guid":{"rendered":"https:\/\/whisky.ad\/product\/luigi-righetti-campolieti-valpolicella-2017\/"},"modified":"2019-12-30T15:11:20","modified_gmt":"2019-12-30T14:11:20","slug":"luigi-righetti-campolieti-valpolicella-2017","status":"publish","type":"product","link":"https:\/\/whisky.ad\/ca\/producte\/luigi-righetti-campolieti-valpolicella-2017\/","title":{"rendered":"Luigi Righetti \u2013 Campolieti Valpolicella 2017"},"content":{"rendered":"","protected":false},"excerpt":{"rendered":"<p>Puntuaci\u00f3 86\/100 al cercador de vins agregat -Categories: Corvina, It\u00e0lia, Vi negre, Luigi Righetti, Veneto, Vins -Pa\u00eds \/ Regi\u00f3: It\u00e0lia \/ Veneto -Tipus: Vi negre -Varietat: corvina &#8211; Anyada: 2017 -Dol\u00e7a percebuda: sec -Cos: cos mitj\u00e0 &#8211; Tancament: suro -Quan es pot beure: beure ara i durant els propers 3 anys Nota de tast: T\u00e9 agradables aromes de maduixa, cirera i pruna amb notes de cuir, fulles de tardor i esp\u00e8cies asi\u00e0tiques. En boca \u00e9s vibrant, afruitat i lleugerament t\u00e0nnic. Campolieti significa &#8220;camps feli\u00e7os&#8221; i fa refer\u00e8ncia a les vinyes de les quals es verema el ra\u00efm. El vi \u00e9s un cupatge tradicional de les varietats de ra\u00efm Corvina, Rondinella i Molinara que ha tingut una segona fermentaci\u00f3 en el premsat del ra\u00efm Amarone (proc\u00e9s anomenat &#8220;ripasso&#8221;). Maridatge: carn vermella rostida o estofada Tamb\u00e9 amb pasta, risotto, calamars, bolonyesa amb bolets.<\/p>\n","protected":false},"featured_media":75627,"comment_status":"open","ping_status":"closed","template":"","meta":{"_acf_changed":false},"product_brand":[],"product_cat":[521,391],"product_tag":[],"class_list":{"0":"post-80210","1":"product","2":"type-product","3":"status-publish","4":"has-post-thumbnail","6":"product_cat-veneto-ca","7":"product_cat-vins-ca","9":"first","10":"outofstock","11":"taxable","12":"shipping-taxable","13":"purchasable","14":"product-type-simple"},"acf":[],"aioseo_notices":[],"jetpack_sharing_enabled":true,"_links":{"self":[{"href":"https:\/\/whisky.ad\/ca\/wp-json\/wp\/v2\/product\/80210","targetHints":{"allow":["GET"]}}],"collection":[{"href":"https:\/\/whisky.ad\/ca\/wp-json\/wp\/v2\/product"}],"about":[{"href":"https:\/\/whisky.ad\/ca\/wp-json\/wp\/v2\/types\/product"}],"replies":[{"embeddable":true,"href":"https:\/\/whisky.ad\/ca\/wp-json\/wp\/v2\/comments?post=80210"}],"wp:featuredmedia":[{"embeddable":true,"href":"https:\/\/whisky.ad\/ca\/wp-json\/wp\/v2\/media\/75627"}],"wp:attachment":[{"href":"https:\/\/whisky.ad\/ca\/wp-json\/wp\/v2\/media?parent=80210"}],"wp:term":[{"taxonomy":"product_brand","embeddable":true,"href":"https:\/\/whisky.ad\/ca\/wp-json\/wp\/v2\/product_brand?post=80210"},{"taxonomy":"product_cat","embeddable":true,"href":"https:\/\/whisky.ad\/ca\/wp-json\/wp\/v2\/product_cat?post=80210"},{"taxonomy":"product_tag","embeddable":true,"href":"https:\/\/whisky.ad\/ca\/wp-json\/wp\/v2\/product_tag?post=80210"}],"curies":[{"name":"wp","href":"https:\/\/api.w.org\/{rel}","templated":true}]}}