{"id":80207,"date":"2019-12-30T14:31:42","date_gmt":"2019-12-30T13:31:42","guid":{"rendered":"https:\/\/whisky.ad\/product\/luigi-righetti-amarone-della-valpolicella-classico-2015\/"},"modified":"2019-12-30T14:31:42","modified_gmt":"2019-12-30T13:31:42","slug":"luigi-righetti-amarone-della-valpolicella-classico-2015","status":"publish","type":"product","link":"https:\/\/whisky.ad\/ca\/producte\/luigi-righetti-amarone-della-valpolicella-classico-2015\/","title":{"rendered":"Luigi Righetti \u2013 Amarone della Valpolicella Classico 2015"},"content":{"rendered":"","protected":false},"excerpt":{"rendered":"<p>Entre el 5% de tots els vins del m\u00f3n (Vivino) Puntuaci\u00f3 de 88\/100 en el cercador de vins agregats -Categories: Corvina, It\u00e0lia, Luigi Righetti, Vi negre, Vins de Veneto. -Pa\u00eds\/Regi\u00f3: It\u00e0lia\/Veneto -Tipus: Vi negre -Varietat: corvina &#8211; Anyada: 2015 -Dol\u00e7a percebuda: sec -Cos: cos complet &#8211; Tancament: suro -Quan beure: beure ara i durant els propers 4 anys Nota de tast : vermell rob\u00ed, amb cos, un nas molt complex que destaca fruita seca, cirera negra, esp\u00e8cies dolces i un toc d&#8217;an\u00eds. Aquest vi t\u00e9 uns sabors extremadament rics, amb un final llarg i suau i retrogust. Ben equilibrat, amb bona acidesa, roure dol\u00e7 i alcohol. El resultat d&#8217;assecar el ra\u00efm durant 3-5 mesos abans del premsat. El que queda \u00e9s un vi de fruita molt extreta amb un 15% d&#8217;alcohol. Maridatge: bistec, formatge i pasta<\/p>\n","protected":false},"featured_media":75609,"comment_status":"open","ping_status":"closed","template":"","meta":{"_acf_changed":false},"product_brand":[],"product_cat":[521,391],"product_tag":[],"class_list":{"0":"post-80207","1":"product","2":"type-product","3":"status-publish","4":"has-post-thumbnail","6":"product_cat-veneto-ca","7":"product_cat-vins-ca","9":"first","10":"outofstock","11":"taxable","12":"shipping-taxable","13":"purchasable","14":"product-type-simple"},"acf":[],"aioseo_notices":[],"jetpack_sharing_enabled":true,"_links":{"self":[{"href":"https:\/\/whisky.ad\/ca\/wp-json\/wp\/v2\/product\/80207","targetHints":{"allow":["GET"]}}],"collection":[{"href":"https:\/\/whisky.ad\/ca\/wp-json\/wp\/v2\/product"}],"about":[{"href":"https:\/\/whisky.ad\/ca\/wp-json\/wp\/v2\/types\/product"}],"replies":[{"embeddable":true,"href":"https:\/\/whisky.ad\/ca\/wp-json\/wp\/v2\/comments?post=80207"}],"wp:featuredmedia":[{"embeddable":true,"href":"https:\/\/whisky.ad\/ca\/wp-json\/wp\/v2\/media\/75609"}],"wp:attachment":[{"href":"https:\/\/whisky.ad\/ca\/wp-json\/wp\/v2\/media?parent=80207"}],"wp:term":[{"taxonomy":"product_brand","embeddable":true,"href":"https:\/\/whisky.ad\/ca\/wp-json\/wp\/v2\/product_brand?post=80207"},{"taxonomy":"product_cat","embeddable":true,"href":"https:\/\/whisky.ad\/ca\/wp-json\/wp\/v2\/product_cat?post=80207"},{"taxonomy":"product_tag","embeddable":true,"href":"https:\/\/whisky.ad\/ca\/wp-json\/wp\/v2\/product_tag?post=80207"}],"curies":[{"name":"wp","href":"https:\/\/api.w.org\/{rel}","templated":true}]}}