{"id":80206,"date":"2020-01-12T12:11:24","date_gmt":"2020-01-12T11:11:24","guid":{"rendered":"https:\/\/whisky.ad\/product\/henry-de-blainville-h2b-rose-charentes\/"},"modified":"2020-01-12T12:11:24","modified_gmt":"2020-01-12T11:11:24","slug":"henry-de-blainville-h2b-rose-charentes","status":"publish","type":"product","link":"https:\/\/whisky.ad\/ca\/producte\/henry-de-blainville-h2b-rose-charentes\/","title":{"rendered":"Henry de Blainville (H2B) Ros\u00e9 Charentes"},"content":{"rendered":"","protected":false},"excerpt":{"rendered":"<p>&#8211; Vi Charantais -Ra\u00efm: Cabernet Sauvignon, Merlot -Descripci\u00f3: El nostre rosat \u00e9s un vi sec amb molta fruita, que recorda l&#8217;agredol\u00e7. \u00c9s lleuger i f\u00e0cil de beure. Neix d&#8217;una barreja de ra\u00efms Merlot i Cabernet Sauvignon, presenta una gran frescor. T\u00e9 un color salm\u00f3 profund. -Recepta(s): Gaspatxo, Sushis, Bacall\u00e0 amb alioli, Paella<\/p>\n","protected":false},"featured_media":75681,"comment_status":"open","ping_status":"closed","template":"","meta":{"_acf_changed":false},"product_brand":[],"product_cat":[558,391],"product_tag":[],"class_list":{"0":"post-80206","1":"product","2":"type-product","3":"status-publish","4":"has-post-thumbnail","6":"product_cat-charentes-ca","7":"product_cat-vins-ca","9":"first","10":"instock","11":"sale","12":"taxable","13":"shipping-taxable","14":"purchasable","15":"product-type-simple"},"acf":[],"aioseo_notices":[],"jetpack_sharing_enabled":true,"_links":{"self":[{"href":"https:\/\/whisky.ad\/ca\/wp-json\/wp\/v2\/product\/80206","targetHints":{"allow":["GET"]}}],"collection":[{"href":"https:\/\/whisky.ad\/ca\/wp-json\/wp\/v2\/product"}],"about":[{"href":"https:\/\/whisky.ad\/ca\/wp-json\/wp\/v2\/types\/product"}],"replies":[{"embeddable":true,"href":"https:\/\/whisky.ad\/ca\/wp-json\/wp\/v2\/comments?post=80206"}],"wp:featuredmedia":[{"embeddable":true,"href":"https:\/\/whisky.ad\/ca\/wp-json\/wp\/v2\/media\/75681"}],"wp:attachment":[{"href":"https:\/\/whisky.ad\/ca\/wp-json\/wp\/v2\/media?parent=80206"}],"wp:term":[{"taxonomy":"product_brand","embeddable":true,"href":"https:\/\/whisky.ad\/ca\/wp-json\/wp\/v2\/product_brand?post=80206"},{"taxonomy":"product_cat","embeddable":true,"href":"https:\/\/whisky.ad\/ca\/wp-json\/wp\/v2\/product_cat?post=80206"},{"taxonomy":"product_tag","embeddable":true,"href":"https:\/\/whisky.ad\/ca\/wp-json\/wp\/v2\/product_tag?post=80206"}],"curies":[{"name":"wp","href":"https:\/\/api.w.org\/{rel}","templated":true}]}}