{"id":80202,"date":"2020-01-12T12:05:59","date_gmt":"2020-01-12T11:05:59","guid":{"rendered":"https:\/\/whisky.ad\/product\/henry-de-blainville-h2b-merlot-charentes\/"},"modified":"2020-01-12T12:05:59","modified_gmt":"2020-01-12T11:05:59","slug":"henry-de-blainville-h2b-merlot-charentes","status":"publish","type":"product","link":"https:\/\/whisky.ad\/ca\/producte\/henry-de-blainville-h2b-merlot-charentes\/","title":{"rendered":"Henry de Blainville (H2B) Merlot Charentes"},"content":{"rendered":"","protected":false},"excerpt":{"rendered":"<p>&#8211; Vi Charantais Merlot<br \/>\n-Descripci\u00f3: El vi \u00e9s elegant i afruitat, amb boniques aromes de fruits vermells com cirera o mora, que el fa sed\u00f3s en boca.<br \/>\n-Recepta(s): \u00e0nec lacat, colom rostit, rostit<\/p>\n","protected":false},"featured_media":75675,"comment_status":"open","ping_status":"closed","template":"","meta":{"_acf_changed":false},"product_brand":[],"product_cat":[558,391],"product_tag":[],"class_list":{"0":"post-80202","1":"product","2":"type-product","3":"status-publish","4":"has-post-thumbnail","6":"product_cat-charentes-ca","7":"product_cat-vins-ca","9":"first","10":"instock","11":"sale","12":"taxable","13":"shipping-taxable","14":"purchasable","15":"product-type-simple"},"acf":[],"aioseo_notices":[],"jetpack_sharing_enabled":true,"_links":{"self":[{"href":"https:\/\/whisky.ad\/ca\/wp-json\/wp\/v2\/product\/80202","targetHints":{"allow":["GET"]}}],"collection":[{"href":"https:\/\/whisky.ad\/ca\/wp-json\/wp\/v2\/product"}],"about":[{"href":"https:\/\/whisky.ad\/ca\/wp-json\/wp\/v2\/types\/product"}],"replies":[{"embeddable":true,"href":"https:\/\/whisky.ad\/ca\/wp-json\/wp\/v2\/comments?post=80202"}],"wp:featuredmedia":[{"embeddable":true,"href":"https:\/\/whisky.ad\/ca\/wp-json\/wp\/v2\/media\/75675"}],"wp:attachment":[{"href":"https:\/\/whisky.ad\/ca\/wp-json\/wp\/v2\/media?parent=80202"}],"wp:term":[{"taxonomy":"product_brand","embeddable":true,"href":"https:\/\/whisky.ad\/ca\/wp-json\/wp\/v2\/product_brand?post=80202"},{"taxonomy":"product_cat","embeddable":true,"href":"https:\/\/whisky.ad\/ca\/wp-json\/wp\/v2\/product_cat?post=80202"},{"taxonomy":"product_tag","embeddable":true,"href":"https:\/\/whisky.ad\/ca\/wp-json\/wp\/v2\/product_tag?post=80202"}],"curies":[{"name":"wp","href":"https:\/\/api.w.org\/{rel}","templated":true}]}}