{"id":80190,"date":"2024-01-07T14:45:14","date_gmt":"2024-01-07T13:45:14","guid":{"rendered":"https:\/\/whisky.ad\/product\/bowmore-32-year-old-1990-magnum-old-rare-15l-59\/"},"modified":"2024-01-07T14:45:14","modified_gmt":"2024-01-07T13:45:14","slug":"bowmore-32-year-old-1990-magnum-old-rare-15l-59","status":"publish","type":"product","link":"https:\/\/whisky.ad\/ca\/producte\/bowmore-32-year-old-1990-magnum-old-rare-15l-59\/","title":{"rendered":"Bowmore 32 Year Old 1990 Magnum Old &amp; Rare 1,5L. 59%"},"content":{"rendered":"","protected":false},"excerpt":{"rendered":"<h5><span class=\"productFullDetail-distilleryTitle-3Lq\">Bowmore <\/span>32 Year Old 1990 Magnum Old &amp; Rare 1,5L. 59%<\/h5>\n<p>Aquest whisky excepcional va ser destil\u00b7lat durant l&#8217;any daurat de <strong>1990<\/strong> a Bowmore, una destil\u00b7leria ic\u00f2nica de <strong>l&#8217;illa d&#8217;Islay<\/strong>. Va madurar amb gr\u00e0cia en <strong>un sol rec\u00e0rrega de b\u00f3ta Hogshead<\/strong> durant <strong>32 anys<\/strong> impressionants. Embotellada el <strong>novembre de 2022<\/strong> per l&#8217;estimat <strong>Hunter Laing &amp; Co.<\/strong>, aquesta rara joia forma part de la seva prestigiosa <strong>selecci\u00f3 de plat\u00ed Old &amp; Rare.<\/strong>   La presentaci\u00f3 \u00e9s igualment grandiosa, allotjada en una ampolla <strong>Magnum gegant d&#8217;1,5 litres<\/strong>, amb nom\u00e9s <strong>31 ampolles numerades<\/strong> existents.<\/p>\n","protected":false},"featured_media":80176,"comment_status":"open","ping_status":"closed","template":"","meta":{"_acf_changed":false},"product_brand":[],"product_cat":[566,343,360,315],"product_tag":[],"class_list":{"0":"post-80190","1":"product","2":"type-product","3":"status-publish","4":"has-post-thumbnail","6":"product_cat-bowmore-ca","7":"product_cat-rar-i-colleccionable","8":"product_cat-whisky-per-marca-ca","9":"product_cat-escocia","11":"first","12":"instock","13":"taxable","14":"shipping-taxable","15":"product-type-simple"},"acf":[],"aioseo_notices":[],"jetpack_sharing_enabled":true,"_links":{"self":[{"href":"https:\/\/whisky.ad\/ca\/wp-json\/wp\/v2\/product\/80190","targetHints":{"allow":["GET"]}}],"collection":[{"href":"https:\/\/whisky.ad\/ca\/wp-json\/wp\/v2\/product"}],"about":[{"href":"https:\/\/whisky.ad\/ca\/wp-json\/wp\/v2\/types\/product"}],"replies":[{"embeddable":true,"href":"https:\/\/whisky.ad\/ca\/wp-json\/wp\/v2\/comments?post=80190"}],"wp:featuredmedia":[{"embeddable":true,"href":"https:\/\/whisky.ad\/ca\/wp-json\/wp\/v2\/media\/80176"}],"wp:attachment":[{"href":"https:\/\/whisky.ad\/ca\/wp-json\/wp\/v2\/media?parent=80190"}],"wp:term":[{"taxonomy":"product_brand","embeddable":true,"href":"https:\/\/whisky.ad\/ca\/wp-json\/wp\/v2\/product_brand?post=80190"},{"taxonomy":"product_cat","embeddable":true,"href":"https:\/\/whisky.ad\/ca\/wp-json\/wp\/v2\/product_cat?post=80190"},{"taxonomy":"product_tag","embeddable":true,"href":"https:\/\/whisky.ad\/ca\/wp-json\/wp\/v2\/product_tag?post=80190"}],"curies":[{"name":"wp","href":"https:\/\/api.w.org\/{rel}","templated":true}]}}