{"id":80186,"date":"2023-07-29T18:42:17","date_gmt":"2023-07-29T17:42:17","guid":{"rendered":"https:\/\/whisky.ad\/product\/les-vieilles-vignes-rouge-2016075l-145\/"},"modified":"2024-01-12T11:21:08","modified_gmt":"2024-01-12T10:21:08","slug":"les-vieilles-vignes-rouge-2016075l-145","status":"publish","type":"product","link":"https:\/\/whisky.ad\/ca\/producte\/les-vieilles-vignes-rouge-2016075l-145\/","title":{"rendered":"Les Vieilles Vignes rouge 20160,75L. 14,5%"},"content":{"rendered":"<div class=\"flex flex-grow flex-col gap-3\">\n<div class=\"min-h-[20px] flex items-start overflow-x-auto whitespace-pre-wrap break-words flex-col gap-4\">\n<div class=\"markdown prose w-full break-words dark:prose-invert light\">\n<p>Elaborat per Plaimont Winery, Saint Mont Les Vieilles Vignes 2016 \u00e9s un vi negre robust i sec, amb una barreja amb cos de Tannat, Pinenc i Cabernet Sauvignon. Al paladar, delecta amb un perfil ric i atrevit, mostrant una intensa fruita negra fosca, herbes salades i esp\u00e8cies profundes. Aquesta experi\u00e8ncia de sabor concentrat ofereix un excel\u00b7lent valor per als entusiastes del vi. Combina-ho harm\u00f2nicament amb un suculent senglar de barbacoa a l&#8217;espit. Maridatge: Aquest vi vers\u00e0til complementa els rostits de ca\u00e7a, l&#8217;\u00e0nec rostit i el cl\u00e0ssic plat franc\u00e8s Coq au Vin, potenciant el viatge culinari amb el seu car\u00e0cter sabor\u00f3s.   <\/p>\n<\/div>\n<\/div>\n<\/div>\n","protected":false},"excerpt":{"rendered":"<div class=\"flex flex-grow flex-col gap-3\">\n<div class=\"min-h-[20px] flex items-start overflow-x-auto whitespace-pre-wrap break-words flex-col gap-4\">\n<div class=\"markdown prose w-full break-words dark:prose-invert light\">\n<p>Elaborat per Plaimont Winery, Saint Mont Les Vieilles Vignes 2016 \u00e9s un vi negre robust i sec, amb una barreja amb cos de Tannat, Pinenc i Cabernet Sauvignon. Al paladar, delecta amb un perfil ric i atrevit, mostrant una intensa fruita negra fosca, herbes salades i esp\u00e8cies profundes. Aquesta experi\u00e8ncia de sabor concentrat ofereix un excel\u00b7lent valor per als entusiastes del vi. Combina-ho harm\u00f2nicament amb un suculent senglar de barbacoa a l&#8217;espit. Maridatge: Aquest vi vers\u00e0til complementa els rostits de ca\u00e7a, l&#8217;\u00e0nec rostit i el cl\u00e0ssic plat franc\u00e8s Coq au Vin, potenciant el viatge culinari amb el seu car\u00e0cter sabor\u00f3s.   <\/p>\n<\/div>\n<\/div>\n<\/div>\n","protected":false},"featured_media":76953,"comment_status":"open","ping_status":"closed","template":"","meta":{"_acf_changed":false},"product_brand":[],"product_cat":[528,391],"product_tag":[],"class_list":{"0":"post-80186","1":"product","2":"type-product","3":"status-publish","4":"has-post-thumbnail","6":"product_cat-saint-mont-ca","7":"product_cat-vins-ca","9":"first","10":"instock","11":"taxable","12":"shipping-taxable","13":"product-type-simple"},"acf":[],"aioseo_notices":[],"jetpack_sharing_enabled":true,"_links":{"self":[{"href":"https:\/\/whisky.ad\/ca\/wp-json\/wp\/v2\/product\/80186","targetHints":{"allow":["GET"]}}],"collection":[{"href":"https:\/\/whisky.ad\/ca\/wp-json\/wp\/v2\/product"}],"about":[{"href":"https:\/\/whisky.ad\/ca\/wp-json\/wp\/v2\/types\/product"}],"replies":[{"embeddable":true,"href":"https:\/\/whisky.ad\/ca\/wp-json\/wp\/v2\/comments?post=80186"}],"wp:featuredmedia":[{"embeddable":true,"href":"https:\/\/whisky.ad\/ca\/wp-json\/wp\/v2\/media\/76953"}],"wp:attachment":[{"href":"https:\/\/whisky.ad\/ca\/wp-json\/wp\/v2\/media?parent=80186"}],"wp:term":[{"taxonomy":"product_brand","embeddable":true,"href":"https:\/\/whisky.ad\/ca\/wp-json\/wp\/v2\/product_brand?post=80186"},{"taxonomy":"product_cat","embeddable":true,"href":"https:\/\/whisky.ad\/ca\/wp-json\/wp\/v2\/product_cat?post=80186"},{"taxonomy":"product_tag","embeddable":true,"href":"https:\/\/whisky.ad\/ca\/wp-json\/wp\/v2\/product_tag?post=80186"}],"curies":[{"name":"wp","href":"https:\/\/api.w.org\/{rel}","templated":true}]}}