{"id":80185,"date":"2023-07-30T18:32:14","date_gmt":"2023-07-30T17:32:14","guid":{"rendered":"https:\/\/whisky.ad\/product\/seagrams-vo-whisky-0-7l-40\/"},"modified":"2023-07-30T18:32:14","modified_gmt":"2023-07-30T17:32:14","slug":"seagrams-vo-whisky-0-7l-40","status":"publish","type":"product","link":"https:\/\/whisky.ad\/ca\/producte\/seagrams-vo-whisky-0-7l-40\/","title":{"rendered":"SEAGRAM\u00b4S VO WHISKY 0.7L 40%"},"content":{"rendered":"","protected":false},"excerpt":{"rendered":"<p>Whisky canadenc &#8211; Seagram&#8217;s V.O. Els or\u00edgens i el nom de Seagram&#8217;s V.O., un whisky reconegut produ\u00eft a l&#8217;antiga destil\u00b7leria de Waterloo de Joseph E. Seagram, romanen envoltats de misteri. Segons la tradici\u00f3 familiar, &#8220;V.O.&#8221; significa &#8220;Very Own&#8221;, ja que originalment es va crear com una barreja especial de whisky per a la pr\u00f2pia fam\u00edlia de Joseph E. Seagram. Tanmateix, alguns argumenten que les inicials signifiquen &#8220;molt vell&#8221;, d&#8217;acord amb l&#8217;afirmaci\u00f3 del destil\u00b7lador que es tractava d&#8217;una barreja de whiskis canadencs excepcionalment envellits. V.O. de Seagram \u00e9s una barreja cl\u00e0ssica de whisky canadenc, elaborat amb cura amb begudes espirituoses envellides durant almenys 6 anys. La hist\u00f2ria es desenvolupa durant una conversa despr\u00e9s del sopar entre la fam\u00edlia Seagram, que porta a la creaci\u00f3 de la barreja. Les lletres &#8220;VO&#8221; poden molt b\u00e9 representar &#8220;molt propi&#8221;, ja que de fet era la seva combinaci\u00f3 \u00fanica i estimada. Nota de tast: Nas: grans de s\u00e8gol sucosos i picants, amb tocs d&#8217;albercoc sec, mat\u00f3 de llimona, roure i una dol\u00e7or deliciosa que recorda a la m\u00f2lta. Boca: una sensaci\u00f3 cremosa i picant, que ofereix una experi\u00e8ncia de cos mitj\u00e0 amb notes de mel, caramel i caf\u00e8. Un subtil toc de melmelada de taronja i pannacotta afegeix a la seva complexitat. Final: El final \u00e9s de llargada mitjana, deixant una satisfact\u00f2ria combinaci\u00f3 d&#8217;esp\u00e8cies i dol\u00e7or.<\/p>\n","protected":false},"featured_media":76965,"comment_status":"open","ping_status":"closed","template":"","meta":{"_acf_changed":false},"product_brand":[],"product_cat":[563,360,481],"product_tag":[],"class_list":{"0":"post-80185","1":"product","2":"type-product","3":"status-publish","4":"has-post-thumbnail","6":"product_cat-canada-ca","7":"product_cat-whisky-per-marca-ca","8":"product_cat-seagram-ca","10":"first","11":"instock","12":"taxable","13":"shipping-taxable","14":"purchasable","15":"product-type-simple"},"acf":[],"aioseo_notices":[],"jetpack_sharing_enabled":true,"_links":{"self":[{"href":"https:\/\/whisky.ad\/ca\/wp-json\/wp\/v2\/product\/80185","targetHints":{"allow":["GET"]}}],"collection":[{"href":"https:\/\/whisky.ad\/ca\/wp-json\/wp\/v2\/product"}],"about":[{"href":"https:\/\/whisky.ad\/ca\/wp-json\/wp\/v2\/types\/product"}],"replies":[{"embeddable":true,"href":"https:\/\/whisky.ad\/ca\/wp-json\/wp\/v2\/comments?post=80185"}],"wp:featuredmedia":[{"embeddable":true,"href":"https:\/\/whisky.ad\/ca\/wp-json\/wp\/v2\/media\/76965"}],"wp:attachment":[{"href":"https:\/\/whisky.ad\/ca\/wp-json\/wp\/v2\/media?parent=80185"}],"wp:term":[{"taxonomy":"product_brand","embeddable":true,"href":"https:\/\/whisky.ad\/ca\/wp-json\/wp\/v2\/product_brand?post=80185"},{"taxonomy":"product_cat","embeddable":true,"href":"https:\/\/whisky.ad\/ca\/wp-json\/wp\/v2\/product_cat?post=80185"},{"taxonomy":"product_tag","embeddable":true,"href":"https:\/\/whisky.ad\/ca\/wp-json\/wp\/v2\/product_tag?post=80185"}],"curies":[{"name":"wp","href":"https:\/\/api.w.org\/{rel}","templated":true}]}}