{"id":80182,"date":"2023-08-01T09:37:53","date_gmt":"2023-08-01T08:37:53","guid":{"rendered":"https:\/\/whisky.ad\/product\/bocatheva-venezuelan-rum-15-yo-0-7l-45\/"},"modified":"2023-08-01T09:37:53","modified_gmt":"2023-08-01T08:37:53","slug":"bocatheva-venezuelan-rum-15-yo-0-7l-45","status":"publish","type":"product","link":"https:\/\/whisky.ad\/ca\/producte\/bocatheva-venezuelan-rum-15-yo-0-7l-45\/","title":{"rendered":"Bocatheva Venezuelan Rum 15 yo 0.7l 45%"},"content":{"rendered":"","protected":false},"excerpt":{"rendered":"<div class=\"flex flex-grow flex-col gap-3\">\n<div class=\"min-h-[20px] flex items-start overflow-x-auto whitespace-pre-wrap break-words\">\n<div class=\"markdown prose w-full break-words dark:prose-invert light\">\n<p>Aquest extraordinari rom vene\u00e7ol\u00e0 est\u00e0 elaborat exclusivament amb melassa i envellit \u00fanicament en b\u00f3tes de roure americ\u00e0 dins de les fronteres de Vene\u00e7uela. Les canyes de sucre curosament seleccionades, les varietats Romana i Cubana, es cullen nom\u00e9s un cop l&#8217;any entre desembre i maig, amb un esfor\u00e7 continu di\u00fcrn i nocturn. Es prefereixen les collites matinals a causa de la major concentraci\u00f3 de sucre. El proc\u00e9s d&#8217;elaboraci\u00f3 consisteix a utilitzar 2,24 kg de melassa per produir un sol litre d&#8217;aquest delici\u00f3s n\u00e8ctar. El per\u00edode de fermentaci\u00f3 dura entre 12 i 16 hores, seguit d&#8217;una destil\u00b7laci\u00f3 meticulosa utilitzant quatre columnes. A continuaci\u00f3, el rom es transfereix a b\u00f3tes amb un volum aproximadament del 65%. El seu viatge d&#8217;envelliment t\u00e9 lloc dins del clima tropical de Vene\u00e7uela, donant lloc a una aroma ex\u00f2tica \u00fanica i una rodonesa deliciosa. Al llarg del proc\u00e9s de crian\u00e7a de 15 anys, emergeixen potents notes de fruita ex\u00f2tica al nas, mentre que el paladar s&#8217;enriqueix amb sabors afruitats i robusts, expressant amb art el seu llarg per\u00edode de maduraci\u00f3 a Vene\u00e7uela. El final est\u00e0 marcat per una sensaci\u00f3 potent per\u00f2 perfectament equilibrada. Nota de tast: Aspecte: Color ambre profund i seductor. Nas: potents notes de fruites ex\u00f2tiques. Boca: Aromes afruitats i robusts que capturen molt b\u00e9 els 15 anys de crian\u00e7a a Vene\u00e7uela. Acabat: una conclusi\u00f3 convincent, potent per\u00f2 harmoniosament equilibrada.  <\/p>\n<\/div>\n<\/div>\n<\/div>\n","protected":false},"featured_media":79079,"comment_status":"open","ping_status":"closed","template":"","meta":{"_acf_changed":false},"product_brand":[],"product_cat":[370,374],"product_tag":[],"class_list":{"0":"post-80182","1":"product","2":"type-product","3":"status-publish","4":"has-post-thumbnail","6":"product_cat-ron-ca","7":"product_cat-venezuela-ca","9":"first","10":"outofstock","11":"taxable","12":"shipping-taxable","13":"purchasable","14":"product-type-simple"},"acf":[],"aioseo_notices":[],"jetpack_sharing_enabled":true,"_links":{"self":[{"href":"https:\/\/whisky.ad\/ca\/wp-json\/wp\/v2\/product\/80182","targetHints":{"allow":["GET"]}}],"collection":[{"href":"https:\/\/whisky.ad\/ca\/wp-json\/wp\/v2\/product"}],"about":[{"href":"https:\/\/whisky.ad\/ca\/wp-json\/wp\/v2\/types\/product"}],"replies":[{"embeddable":true,"href":"https:\/\/whisky.ad\/ca\/wp-json\/wp\/v2\/comments?post=80182"}],"wp:featuredmedia":[{"embeddable":true,"href":"https:\/\/whisky.ad\/ca\/wp-json\/wp\/v2\/media\/79079"}],"wp:attachment":[{"href":"https:\/\/whisky.ad\/ca\/wp-json\/wp\/v2\/media?parent=80182"}],"wp:term":[{"taxonomy":"product_brand","embeddable":true,"href":"https:\/\/whisky.ad\/ca\/wp-json\/wp\/v2\/product_brand?post=80182"},{"taxonomy":"product_cat","embeddable":true,"href":"https:\/\/whisky.ad\/ca\/wp-json\/wp\/v2\/product_cat?post=80182"},{"taxonomy":"product_tag","embeddable":true,"href":"https:\/\/whisky.ad\/ca\/wp-json\/wp\/v2\/product_tag?post=80182"}],"curies":[{"name":"wp","href":"https:\/\/api.w.org\/{rel}","templated":true}]}}