{"id":80135,"date":"2023-08-23T13:12:58","date_gmt":"2023-08-23T12:12:58","guid":{"rendered":"https:\/\/whisky.ad\/product\/glen-scotia-vintage-1991\/"},"modified":"2024-01-08T14:42:48","modified_gmt":"2024-01-08T13:42:48","slug":"glen-scotia-vintage-1991","status":"publish","type":"product","link":"https:\/\/whisky.ad\/ca\/producte\/glen-scotia-vintage-1991\/","title":{"rendered":"Glen Scotia Vintage 1991 (contact us!)"},"content":{"rendered":"","protected":false},"excerpt":{"rendered":"<p>1991 Vintage Single Malt Expressi\u00f3 Volum: 70cl | Grau d&#8217;alcohol per volum: 46,7% Presentaci\u00f3 del Glen Scotia 1991 Vintage, una il\u00b7lustraci\u00f3 excepcional d&#8217;un whisky escoc\u00e8s Single Malt de Campbeltown. Aquesta selecci\u00f3, cultivada exclusivament en b\u00f3tes de bourbon, \u00e9s un testimoni de les millors ofertes de la seva anyada. Cadascun escollit per la seva encarnaci\u00f3 de l&#8217;ess\u00e8ncia de Campbeltown i el car\u00e0cter diferent de Glen Scotia. Exploraci\u00f3 del sabor: Aroma: una infusi\u00f3 d&#8217;esprai mar\u00edtim mar\u00edtim, harmoniosament entrella\u00e7at amb la delicia de la vainilla cremosa de roure i l&#8217;atractiu atractiu del dol\u00e7 toffee. Boca: Gaudeix d&#8217;una experi\u00e8ncia sumptuosament rica i vellutada que envolta el paladar. Descobriu l&#8217;ess\u00e8ncia suculenta de la pinya sucosa, el toc picant de la pell de taronja picant i la dol\u00e7or suau de la mel l\u00edquida. Final: un final durador, caracteritzat per capes de sucre moreno, que s&#8217;allunya amb gr\u00e0cia, deixant enrere la suau abra\u00e7ada d&#8217;onades d&#8217;esp\u00e8cies. Aquest Single Malt Vintage de 1991 serveix com una oda al temps, destil\u00b7lat i envellit a la perfecci\u00f3, oferint un viatge sensorial que captura l&#8217;ess\u00e8ncia de l&#8217;her\u00e8ncia de Campbeltown i la identitat \u00fanica de Glen Scotia.<\/p>\n","protected":false},"featured_media":77124,"comment_status":"open","ping_status":"closed","template":"","meta":{"_acf_changed":false},"product_brand":[],"product_cat":[343,360,315,429],"product_tag":[],"class_list":{"0":"post-80135","1":"product","2":"type-product","3":"status-publish","4":"has-post-thumbnail","6":"product_cat-rar-i-colleccionable","7":"product_cat-whisky-per-marca-ca","8":"product_cat-escocia","9":"product_cat-glen-scotia-ca","11":"first","12":"outofstock","13":"taxable","14":"shipping-taxable","15":"product-type-simple"},"acf":[],"aioseo_notices":[],"jetpack_sharing_enabled":true,"_links":{"self":[{"href":"https:\/\/whisky.ad\/ca\/wp-json\/wp\/v2\/product\/80135","targetHints":{"allow":["GET"]}}],"collection":[{"href":"https:\/\/whisky.ad\/ca\/wp-json\/wp\/v2\/product"}],"about":[{"href":"https:\/\/whisky.ad\/ca\/wp-json\/wp\/v2\/types\/product"}],"replies":[{"embeddable":true,"href":"https:\/\/whisky.ad\/ca\/wp-json\/wp\/v2\/comments?post=80135"}],"wp:featuredmedia":[{"embeddable":true,"href":"https:\/\/whisky.ad\/ca\/wp-json\/wp\/v2\/media\/77124"}],"wp:attachment":[{"href":"https:\/\/whisky.ad\/ca\/wp-json\/wp\/v2\/media?parent=80135"}],"wp:term":[{"taxonomy":"product_brand","embeddable":true,"href":"https:\/\/whisky.ad\/ca\/wp-json\/wp\/v2\/product_brand?post=80135"},{"taxonomy":"product_cat","embeddable":true,"href":"https:\/\/whisky.ad\/ca\/wp-json\/wp\/v2\/product_cat?post=80135"},{"taxonomy":"product_tag","embeddable":true,"href":"https:\/\/whisky.ad\/ca\/wp-json\/wp\/v2\/product_tag?post=80135"}],"curies":[{"name":"wp","href":"https:\/\/api.w.org\/{rel}","templated":true}]}}