{"id":80132,"date":"2023-08-25T10:02:13","date_gmt":"2023-08-25T09:02:13","guid":{"rendered":"https:\/\/whisky.ad\/product\/glencadam-25-years-old\/"},"modified":"2024-01-08T12:46:08","modified_gmt":"2024-01-08T11:46:08","slug":"glencadam-25-years-old","status":"publish","type":"product","link":"https:\/\/whisky.ad\/ca\/producte\/glencadam-25-years-old\/","title":{"rendered":"Glencadam 25 Years Old (contact us!)"},"content":{"rendered":"","protected":false},"excerpt":{"rendered":"<p>Envellit durant no menys d&#8217;un quart de segle en b\u00f3tes de roure americ\u00e0 d&#8217;ex-bourbon procedents minuciosament dels hist\u00f2rics magatzems d&#8217;emmagatzematge de Glencadam. Irradiant gr\u00e0cia, complexitat i equilibri impecable, adornats amb notes d&#8217;albercoc, pr\u00e9ssec i esp\u00e8cies suaus, cada env\u00e0s de Glencadam 25 Years Old porta un n\u00famero \u00fanic, mant\u00e9 una for\u00e7a d&#8217;embotellament del 46% vol, i es mant\u00e9 inalterat en color o textura per preservar l&#8217;ess\u00e8ncia completa del whisky.<\/p>\n","protected":false},"featured_media":77148,"comment_status":"open","ping_status":"closed","template":"","meta":{"_acf_changed":false},"product_brand":[],"product_cat":[343,315,433],"product_tag":[],"class_list":{"0":"post-80132","1":"product","2":"type-product","3":"status-publish","4":"has-post-thumbnail","6":"product_cat-rar-i-colleccionable","7":"product_cat-escocia","8":"product_cat-glencadam-ca","10":"first","11":"instock","12":"taxable","13":"shipping-taxable","14":"product-type-simple"},"acf":[],"aioseo_notices":[],"jetpack_sharing_enabled":true,"_links":{"self":[{"href":"https:\/\/whisky.ad\/ca\/wp-json\/wp\/v2\/product\/80132","targetHints":{"allow":["GET"]}}],"collection":[{"href":"https:\/\/whisky.ad\/ca\/wp-json\/wp\/v2\/product"}],"about":[{"href":"https:\/\/whisky.ad\/ca\/wp-json\/wp\/v2\/types\/product"}],"replies":[{"embeddable":true,"href":"https:\/\/whisky.ad\/ca\/wp-json\/wp\/v2\/comments?post=80132"}],"wp:featuredmedia":[{"embeddable":true,"href":"https:\/\/whisky.ad\/ca\/wp-json\/wp\/v2\/media\/77148"}],"wp:attachment":[{"href":"https:\/\/whisky.ad\/ca\/wp-json\/wp\/v2\/media?parent=80132"}],"wp:term":[{"taxonomy":"product_brand","embeddable":true,"href":"https:\/\/whisky.ad\/ca\/wp-json\/wp\/v2\/product_brand?post=80132"},{"taxonomy":"product_cat","embeddable":true,"href":"https:\/\/whisky.ad\/ca\/wp-json\/wp\/v2\/product_cat?post=80132"},{"taxonomy":"product_tag","embeddable":true,"href":"https:\/\/whisky.ad\/ca\/wp-json\/wp\/v2\/product_tag?post=80132"}],"curies":[{"name":"wp","href":"https:\/\/api.w.org\/{rel}","templated":true}]}}