{"id":80129,"date":"2023-08-27T20:17:07","date_gmt":"2023-08-27T19:17:07","guid":{"rendered":"https:\/\/whisky.ad\/product\/hyde-no-12-pot-still-cask-0-7l-46\/"},"modified":"2023-08-27T20:17:07","modified_gmt":"2023-08-27T19:17:07","slug":"hyde-no-12-pot-still-cask-0-7l-46","status":"publish","type":"product","link":"https:\/\/whisky.ad\/ca\/producte\/hyde-no-12-pot-still-cask-0-7l-46\/","title":{"rendered":"Hyde No.12 Pot Still Cask 0.7l 46%"},"content":{"rendered":"","protected":false},"excerpt":{"rendered":"<div class=\"flex flex-grow flex-col gap-3 max-w-full\">\n<div class=\"min-h-[20px] flex flex-col items-start gap-3 overflow-x-auto whitespace-pre-wrap break-words\">\n<div class=\"markdown prose w-full break-words dark:prose-invert light\">\n<p>Ampliant la seva diversa selecci\u00f3, Hyde Whisky introdueix una addici\u00f3 captivadora: HYDE No. 12. Aquest excepcional llan\u00e7ament de Single Pot Still se sotmet a un proc\u00e9s de doble maduraci\u00f3 en b\u00f3tes de Sherry i Bourbon. Anticipeu una fusi\u00f3 harm\u00f2nica de cremositat i esp\u00e8cies, marcada per la pres\u00e8ncia de gingebre, canyella i nou moscada, que culmina amb un final satisfactori i dol\u00e7 de vainilla i mel. Nas: Infusionat suaument amb un toc de picant, acompanyat d&#8217;una ess\u00e8ncia basada en fruites que transici\u00f3 perfectament a una dol\u00e7or reconfortant de roure amb mel. Boca: revela una interacci\u00f3 deliciosa de cremositat i esp\u00e8cies, caracteritzada per la pres\u00e8ncia vigoritzant de gingebre, canyella i nou moscada. Aquest viatge harmoni\u00f3s creix en una deliciosa combinaci\u00f3 de vainilla i mel, deixant una impressi\u00f3 duradora. Acabat: un acabat lux\u00f3s i prolongat, amb tons cremosos i galetes que es remunten a la factura original del pur\u00e9 d&#8217;ordi i civada.  <\/p>\n<\/div>\n<\/div>\n<\/div>\n","protected":false},"featured_media":77199,"comment_status":"open","ping_status":"closed","template":"","meta":{"_acf_changed":false},"product_brand":[],"product_cat":[503,360,437],"product_tag":[],"class_list":{"0":"post-80129","1":"product","2":"type-product","3":"status-publish","4":"has-post-thumbnail","6":"product_cat-ireland-ca","7":"product_cat-whisky-per-marca-ca","8":"product_cat-hyde-ca","10":"first","11":"instock","12":"taxable","13":"shipping-taxable","14":"purchasable","15":"product-type-simple"},"acf":[],"aioseo_notices":[],"jetpack_sharing_enabled":true,"_links":{"self":[{"href":"https:\/\/whisky.ad\/ca\/wp-json\/wp\/v2\/product\/80129","targetHints":{"allow":["GET"]}}],"collection":[{"href":"https:\/\/whisky.ad\/ca\/wp-json\/wp\/v2\/product"}],"about":[{"href":"https:\/\/whisky.ad\/ca\/wp-json\/wp\/v2\/types\/product"}],"replies":[{"embeddable":true,"href":"https:\/\/whisky.ad\/ca\/wp-json\/wp\/v2\/comments?post=80129"}],"wp:featuredmedia":[{"embeddable":true,"href":"https:\/\/whisky.ad\/ca\/wp-json\/wp\/v2\/media\/77199"}],"wp:attachment":[{"href":"https:\/\/whisky.ad\/ca\/wp-json\/wp\/v2\/media?parent=80129"}],"wp:term":[{"taxonomy":"product_brand","embeddable":true,"href":"https:\/\/whisky.ad\/ca\/wp-json\/wp\/v2\/product_brand?post=80129"},{"taxonomy":"product_cat","embeddable":true,"href":"https:\/\/whisky.ad\/ca\/wp-json\/wp\/v2\/product_cat?post=80129"},{"taxonomy":"product_tag","embeddable":true,"href":"https:\/\/whisky.ad\/ca\/wp-json\/wp\/v2\/product_tag?post=80129"}],"curies":[{"name":"wp","href":"https:\/\/api.w.org\/{rel}","templated":true}]}}