{"id":80065,"date":"2023-08-28T16:08:49","date_gmt":"2023-08-28T15:08:49","guid":{"rendered":"https:\/\/whisky.ad\/product\/milk-honey-apex-small-batch-pomegranate-wine-cask-57-2-07l\/"},"modified":"2023-08-28T16:08:49","modified_gmt":"2023-08-28T15:08:49","slug":"milk-honey-apex-small-batch-pomegranate-wine-cask-57-2-07l","status":"publish","type":"product","link":"https:\/\/whisky.ad\/ca\/producte\/milk-honey-apex-small-batch-pomegranate-wine-cask-57-2-07l\/","title":{"rendered":"Milk &amp; Honey Apex Small Batch Pomegranate Wine Cask 57.2% 07l"},"content":{"rendered":"","protected":false},"excerpt":{"rendered":"<p>APEX SMALL BATCH POMEGRANATE WINE CASK \u00c9labor\u00e9 en lot limit\u00e9, ce whisky single malt s&#8217;est lanc\u00e9 dans un voyage \u00e0 travers d&#8217;anciens f\u00fbts de Bourbon, culminant par un affinage de six mois dans des f\u00fbts de vin de grenade fortifi\u00e9s. Le caract\u00e8re distinctif du fruit de la grenade conf\u00e8re \u00e0 ce whisky une tapisserie de saveurs in\u00e9gal\u00e9es. AR\u00d4ME L&#8217;ar\u00f4me se d\u00e9ploie avec la succulence de la grenade m\u00fbre, suivie d&#8217;un m\u00e9lange enchanteur de riche vanille, de caf\u00e9 torr\u00e9fi\u00e9 et de caramel au beurre velout\u00e9. Un c\u00f4t\u00e9 terreux robuste est entrelac\u00e9 avec l&#8217;essence de racine d&#8217;iris, la fra\u00eecheur de la menthe verte et le parfum s\u00e9duisant de pomme aigre fra\u00eechement cuite. BOUCHE Un profil succulent prend vie avec l&#8217;\u00e9clat de graines de grenade juteuses et \u00e9cras\u00e9es, compl\u00e9t\u00e9es par la pr\u00e9sence de figues s\u00e9ch\u00e9es et d&#8217;un ensemble d&#8217;herbes \u00e9pic\u00e9es et aigres. FINALE Longue et s\u00e8che, la finale introduit un doux courant sous-jacent de ch\u00eane grill\u00e9, harmonieusement suivi du d\u00e9licieux contraste des bretzels au levain associ\u00e9 au dynamisme des fruits rouges.<\/p>\n","protected":false},"featured_media":78480,"comment_status":"open","ping_status":"closed","template":"","meta":{"_acf_changed":false},"product_brand":[],"product_cat":[527,459],"product_tag":[],"class_list":{"0":"post-80065","1":"product","2":"type-product","3":"status-publish","4":"has-post-thumbnail","6":"product_cat-israel-ca","7":"product_cat-milk-honey-ca","9":"first","10":"instock","11":"taxable","12":"shipping-taxable","13":"purchasable","14":"product-type-simple"},"acf":[],"aioseo_notices":[],"jetpack_sharing_enabled":true,"_links":{"self":[{"href":"https:\/\/whisky.ad\/ca\/wp-json\/wp\/v2\/product\/80065","targetHints":{"allow":["GET"]}}],"collection":[{"href":"https:\/\/whisky.ad\/ca\/wp-json\/wp\/v2\/product"}],"about":[{"href":"https:\/\/whisky.ad\/ca\/wp-json\/wp\/v2\/types\/product"}],"replies":[{"embeddable":true,"href":"https:\/\/whisky.ad\/ca\/wp-json\/wp\/v2\/comments?post=80065"}],"wp:featuredmedia":[{"embeddable":true,"href":"https:\/\/whisky.ad\/ca\/wp-json\/wp\/v2\/media\/78480"}],"wp:attachment":[{"href":"https:\/\/whisky.ad\/ca\/wp-json\/wp\/v2\/media?parent=80065"}],"wp:term":[{"taxonomy":"product_brand","embeddable":true,"href":"https:\/\/whisky.ad\/ca\/wp-json\/wp\/v2\/product_brand?post=80065"},{"taxonomy":"product_cat","embeddable":true,"href":"https:\/\/whisky.ad\/ca\/wp-json\/wp\/v2\/product_cat?post=80065"},{"taxonomy":"product_tag","embeddable":true,"href":"https:\/\/whisky.ad\/ca\/wp-json\/wp\/v2\/product_tag?post=80065"}],"curies":[{"name":"wp","href":"https:\/\/api.w.org\/{rel}","templated":true}]}}