{"id":80063,"date":"2023-08-29T18:28:11","date_gmt":"2023-08-29T17:28:11","guid":{"rendered":"https:\/\/whisky.ad\/product\/armagnac-delord-bas-armagnac-25yo-wooden-box-0-7l-40\/"},"modified":"2023-08-29T18:28:11","modified_gmt":"2023-08-29T17:28:11","slug":"armagnac-delord-bas-armagnac-25yo-wooden-box-0-7l-40","status":"publish","type":"product","link":"https:\/\/whisky.ad\/ca\/producte\/armagnac-delord-bas-armagnac-25yo-wooden-box-0-7l-40\/","title":{"rendered":"Armagnac Delord Bas Armagnac 25yo wooden box 0.7l 40%"},"content":{"rendered":"","protected":false},"excerpt":{"rendered":"<div class=\"flex flex-grow flex-col gap-3 max-w-full\">\n<div class=\"min-h-[20px] flex flex-col items-start gap-3 overflow-x-auto whitespace-pre-wrap break-words\">\n<div class=\"markdown prose w-full break-words dark:prose-invert light\">\n<p>La hist\u00f2ria d&#8217;Armagnac Delord va comen\u00e7ar l&#8217;any 1893. Actualment la casa est\u00e0 gestionada per Sylvain i J\u00e9r\u00f4me, dos germans que representen la quarta generaci\u00f3 d&#8217;aquest establiment familiar. La vinya es troba a la localitat de Lannepax. T\u00e9 una extensi\u00f3 de 42 hect\u00e0rees dividides en 11 parcel\u00b7les. Est\u00e0 format per les quatre varietats tradicionals de ra\u00efm Armagnac: Ugni Blanc 56%, Colombard 24%, Baco 14% i Folle-blanche 6%. Maison Delord \u00e9s una de les poques cases d&#8217;Armagnac que utilitza els dos m\u00e8todes de destil\u00b7laci\u00f3, la t\u00edpica destil\u00b7laci\u00f3 cont\u00ednua d&#8217;Armagnac i la destil\u00b7laci\u00f3 de doble escalfament. Les etiquetes, els colls i els segells de cera escrits a m\u00e0 s\u00f3n el segell distintiu de Delord Armagnacs a tot el m\u00f3n. ARMAGNAC DELORD BAS ARMAGNAC 25 ANYS CAIXA DE FUSTA AOC &#8211; Bas-Armagnac Color: Ambre Anyada: No Vintage Volum: 70cl Tipus d&#8217;ampolla: Destil\u00b7lat Classificaci\u00f3: AOC Denominaci\u00f3: Bas-Armagnac Maridatge: Aperitius, Postres Regions: Altres regions Percentatge d&#8217;alcohol: 40% vol Tast VISTA: Color ambre intens. NOS: Molt arom\u00e0tic amb notes d&#8217;esp\u00e8cies dolces, vainilla i pa de pessic. PALADAR: Molt indulgent, mostra esp\u00e8cies, nous i mantega. <\/p>\n<\/div>\n<\/div>\n<\/div>\n","protected":false},"featured_media":77502,"comment_status":"open","ping_status":"closed","template":"","meta":{"_acf_changed":false},"product_brand":[],"product_cat":[344,349],"product_tag":[],"class_list":{"0":"post-80063","1":"product","2":"type-product","3":"status-publish","4":"has-post-thumbnail","6":"product_cat-cognac-armagnac-brandy-ca-2","7":"product_cat-begudes-alcoholiques-ca","9":"first","10":"outofstock","11":"taxable","12":"shipping-taxable","13":"product-type-simple"},"acf":[],"aioseo_notices":[],"jetpack_sharing_enabled":true,"_links":{"self":[{"href":"https:\/\/whisky.ad\/ca\/wp-json\/wp\/v2\/product\/80063","targetHints":{"allow":["GET"]}}],"collection":[{"href":"https:\/\/whisky.ad\/ca\/wp-json\/wp\/v2\/product"}],"about":[{"href":"https:\/\/whisky.ad\/ca\/wp-json\/wp\/v2\/types\/product"}],"replies":[{"embeddable":true,"href":"https:\/\/whisky.ad\/ca\/wp-json\/wp\/v2\/comments?post=80063"}],"wp:featuredmedia":[{"embeddable":true,"href":"https:\/\/whisky.ad\/ca\/wp-json\/wp\/v2\/media\/77502"}],"wp:attachment":[{"href":"https:\/\/whisky.ad\/ca\/wp-json\/wp\/v2\/media?parent=80063"}],"wp:term":[{"taxonomy":"product_brand","embeddable":true,"href":"https:\/\/whisky.ad\/ca\/wp-json\/wp\/v2\/product_brand?post=80063"},{"taxonomy":"product_cat","embeddable":true,"href":"https:\/\/whisky.ad\/ca\/wp-json\/wp\/v2\/product_cat?post=80063"},{"taxonomy":"product_tag","embeddable":true,"href":"https:\/\/whisky.ad\/ca\/wp-json\/wp\/v2\/product_tag?post=80063"}],"curies":[{"name":"wp","href":"https:\/\/api.w.org\/{rel}","templated":true}]}}