{"id":80058,"date":"2023-08-30T19:24:57","date_gmt":"2023-08-30T18:24:57","guid":{"rendered":"https:\/\/whisky.ad\/product\/loch-lomond-10-yo-single-malt-whisky-ltd-ed-0-7l-40\/"},"modified":"2023-08-30T19:24:57","modified_gmt":"2023-08-30T18:24:57","slug":"loch-lomond-10-yo-single-malt-whisky-ltd-ed-0-7l-40","status":"publish","type":"product","link":"https:\/\/whisky.ad\/ca\/producte\/loch-lomond-10-yo-single-malt-whisky-ltd-ed-0-7l-40\/","title":{"rendered":"Loch Lomond 10 YO Single Malt Whisky Ltd Ed. 0.7l 40%"},"content":{"rendered":"","protected":false},"excerpt":{"rendered":"<div class=\"flex flex-grow flex-col gap-3 max-w-full\">\n<div class=\"min-h-[20px] flex flex-col items-start gap-3 overflow-x-auto whitespace-pre-wrap break-words\">\n<div class=\"markdown prose w-full break-words dark:prose-invert light\">\n<p>Situada a l&#8217;extrem nord del llac Lomond, prop de Tarbet, la creaci\u00f3 de la destil\u00b7leria Loch Lomond es remunta a 1814. No obstant aix\u00f2, la iteraci\u00f3 actual de la destil\u00b7leria va sorgir el 1965, cortesia dels antics propietaris de la destil\u00b7leria Littlemill, enclavada en uns quants milles de Glasgow. La cust\u00f2dia de la destil\u00b7leria roman en mans capa\u00e7os del mestre Blender Michael Henry. Criat al costat de dues destil\u00b7leries, l&#8217;ardor de Michael per l&#8217;artesania de la destil\u00b7laci\u00f3 i l&#8217;elaboraci\u00f3 de whisky es va encendre en els seus anys de formaci\u00f3. Des del 2014, ocupa el paper de Master Blender a la destil\u00b7leria Loch Lomond. En col\u00b7laboraci\u00f3 amb &#8220;The Open&#8221;, el preeminent campionat internacional de golf conegut com &#8220;The One&#8221;, la destil\u00b7leria Loch Lomond ha ocupat el seu lloc. Aquest campionat, que abasta cinc continents amb proves classificat\u00f2ries, celebra el seu 150\u00e8 aniversari. L&#8217;il\u00b7lustre &#8220;Home of Golf&#8221;, St. Andrews&#8217; Old Course, serveix d&#8217;escenari per a aquest homenatge, commemorat per aquest embotellament. Envellit en b\u00f3tes de roure americ\u00e0 durant una d\u00e8cada, aquest whisky \u00e9s testimoni d&#8217;una transformaci\u00f3 notable. Nota de tast: Aspecte: Ambre radiant. Aroma: afruitat i complex, caracteritzat per poma, vainilla i roure. Boca: una sensaci\u00f3 cremosa i harm\u00f2nica, adornada amb pomes suculentes, vainilla i una delicada ess\u00e8ncia de roure. Final: persistent i perdurable. <\/p>\n<\/div>\n<\/div>\n<\/div>\n","protected":false},"featured_media":77526,"comment_status":"open","ping_status":"closed","template":"","meta":{"_acf_changed":false},"product_brand":[],"product_cat":[360,315,454],"product_tag":[],"class_list":{"0":"post-80058","1":"product","2":"type-product","3":"status-publish","4":"has-post-thumbnail","6":"product_cat-whisky-per-marca-ca","7":"product_cat-escocia","8":"product_cat-loch-lomond-ca","10":"first","11":"instock","12":"taxable","13":"shipping-taxable","14":"purchasable","15":"product-type-simple"},"acf":[],"aioseo_notices":[],"jetpack_sharing_enabled":true,"_links":{"self":[{"href":"https:\/\/whisky.ad\/ca\/wp-json\/wp\/v2\/product\/80058","targetHints":{"allow":["GET"]}}],"collection":[{"href":"https:\/\/whisky.ad\/ca\/wp-json\/wp\/v2\/product"}],"about":[{"href":"https:\/\/whisky.ad\/ca\/wp-json\/wp\/v2\/types\/product"}],"replies":[{"embeddable":true,"href":"https:\/\/whisky.ad\/ca\/wp-json\/wp\/v2\/comments?post=80058"}],"wp:featuredmedia":[{"embeddable":true,"href":"https:\/\/whisky.ad\/ca\/wp-json\/wp\/v2\/media\/77526"}],"wp:attachment":[{"href":"https:\/\/whisky.ad\/ca\/wp-json\/wp\/v2\/media?parent=80058"}],"wp:term":[{"taxonomy":"product_brand","embeddable":true,"href":"https:\/\/whisky.ad\/ca\/wp-json\/wp\/v2\/product_brand?post=80058"},{"taxonomy":"product_cat","embeddable":true,"href":"https:\/\/whisky.ad\/ca\/wp-json\/wp\/v2\/product_cat?post=80058"},{"taxonomy":"product_tag","embeddable":true,"href":"https:\/\/whisky.ad\/ca\/wp-json\/wp\/v2\/product_tag?post=80058"}],"curies":[{"name":"wp","href":"https:\/\/api.w.org\/{rel}","templated":true}]}}