{"id":80057,"date":"2023-08-30T19:49:48","date_gmt":"2023-08-30T18:49:48","guid":{"rendered":"https:\/\/whisky.ad\/product\/glen-scotia-victoriana-single-malt-cask-strenght-0-7l-542\/"},"modified":"2023-08-30T19:49:48","modified_gmt":"2023-08-30T18:49:48","slug":"glen-scotia-victoriana-single-malt-cask-strenght-0-7l-542","status":"publish","type":"product","link":"https:\/\/whisky.ad\/ca\/producte\/glen-scotia-victoriana-single-malt-cask-strenght-0-7l-542\/","title":{"rendered":"Glen Scotia Victoriana Single Malt Cask Strenght 0.7l 54,2%"},"content":{"rendered":"","protected":false},"excerpt":{"rendered":"<div class=\"flex flex-grow flex-col gap-3 max-w-full\">\n<div class=\"min-h-[20px] flex flex-col items-start gap-3 overflow-x-auto whitespace-pre-wrap break-words\">\n<div class=\"markdown prose w-full break-words dark:prose-invert light\">\n<p>Victoriana presenta una interpretaci\u00f3 contempor\u00e0nia de l&#8217;atemporal Campbeltown Malt Whisky d&#8217;estil victori\u00e0. Aquesta expressi\u00f3 serveix com una porta d&#8217;entrada exquisida a l&#8217;ess\u00e8ncia cl\u00e0ssica de Glen Scotia, prometent tant revelacions inesperades com una experi\u00e8ncia gratificant tant per als curiosos entusiastes del whisky com per als coneixedors experimentats. Els or\u00edgens de Glen Scotia es remunten a un lloc diferent a cap altre: una pintoresca ciutat de la costa occidental d&#8217;Esc\u00f2cia que es convertiria en l&#8217;estimada &#8220;Capital mundial del whisky victoriana&#8221;. Els residents de Campbeltown estan marcats per la seva fermesa i orgull, qualitats reflectides en el nostre whisky que ens ha teixit perp\u00e8tuament en moments de necessitat. Enmig de la caiguda d&#8217;una trentena de destil\u00b7leries locals, Glen Scotia va aguantar contra tot pron\u00f2stic. Avui, \u00e9s un testimoni tant de l&#8217;esperit de la comunitat que defineix Campbeltown com de la resili\u00e8ncia que la sustenta. Nota de tast: AROM Evocadors tocs de Cr\u00e8me Br\u00fbl\u00e9e, sucres fosos, fruites impregnades de caramel\u00b7litzaci\u00f3 i l&#8217;abra\u00e7adora pres\u00e8ncia del roure. PALADAR Un joc encantador de sucres torrefactes, la suculenta ess\u00e8ncia de groselles negres i un ball d&#8217;esp\u00e8cies. ACABAT Un final harmoni\u00f3s que es desplega amb matisos de cacau, xocolata negra vellutada i la subtil riquesa de fruites fosques. REF: <a href=\"https:\/\/www.whiskybase.com\/whiskies\/whisky\/223286\/glen-scotia-victoriana\">WHISKYBASE<\/a><\/p>\n<\/div>\n<\/div>\n<\/div>\n","protected":false},"featured_media":77532,"comment_status":"open","ping_status":"closed","template":"","meta":{"_acf_changed":false},"product_brand":[],"product_cat":[396,360,315,429],"product_tag":[],"class_list":{"0":"post-80057","1":"product","2":"type-product","3":"status-publish","4":"has-post-thumbnail","6":"product_cat-destacat","7":"product_cat-whisky-per-marca-ca","8":"product_cat-escocia","9":"product_cat-glen-scotia-ca","11":"first","12":"instock","13":"sale","14":"featured","15":"taxable","16":"shipping-taxable","17":"purchasable","18":"product-type-simple"},"acf":[],"aioseo_notices":[],"jetpack_sharing_enabled":true,"_links":{"self":[{"href":"https:\/\/whisky.ad\/ca\/wp-json\/wp\/v2\/product\/80057","targetHints":{"allow":["GET"]}}],"collection":[{"href":"https:\/\/whisky.ad\/ca\/wp-json\/wp\/v2\/product"}],"about":[{"href":"https:\/\/whisky.ad\/ca\/wp-json\/wp\/v2\/types\/product"}],"replies":[{"embeddable":true,"href":"https:\/\/whisky.ad\/ca\/wp-json\/wp\/v2\/comments?post=80057"}],"wp:featuredmedia":[{"embeddable":true,"href":"https:\/\/whisky.ad\/ca\/wp-json\/wp\/v2\/media\/77532"}],"wp:attachment":[{"href":"https:\/\/whisky.ad\/ca\/wp-json\/wp\/v2\/media?parent=80057"}],"wp:term":[{"taxonomy":"product_brand","embeddable":true,"href":"https:\/\/whisky.ad\/ca\/wp-json\/wp\/v2\/product_brand?post=80057"},{"taxonomy":"product_cat","embeddable":true,"href":"https:\/\/whisky.ad\/ca\/wp-json\/wp\/v2\/product_cat?post=80057"},{"taxonomy":"product_tag","embeddable":true,"href":"https:\/\/whisky.ad\/ca\/wp-json\/wp\/v2\/product_tag?post=80057"}],"curies":[{"name":"wp","href":"https:\/\/api.w.org\/{rel}","templated":true}]}}