{"id":80053,"date":"2023-08-30T20:16:48","date_gmt":"2023-08-30T19:16:48","guid":{"rendered":"https:\/\/whisky.ad\/product\/loch-lomond-clansman-blended-whisky-1l-43\/"},"modified":"2023-08-30T20:16:48","modified_gmt":"2023-08-30T19:16:48","slug":"loch-lomond-clansman-blended-whisky-1l-43","status":"publish","type":"product","link":"https:\/\/whisky.ad\/ca\/producte\/loch-lomond-clansman-blended-whisky-1l-43\/","title":{"rendered":"Loch Lomond Clansman Blended Whisky 1L. 43%"},"content":{"rendered":"","protected":false},"excerpt":{"rendered":"<div class=\"flex flex-grow flex-col gap-3 max-w-full\">\n<div class=\"min-h-[20px] flex flex-col items-start gap-3 overflow-x-auto whitespace-pre-wrap break-words\">\n<div class=\"markdown prose w-full break-words dark:prose-invert light\">\n<p>Clansman encapsula la mateixa ess\u00e8ncia d&#8217;Esc\u00f2cia dins d&#8217;aquest whisky excepcional.<\/p>\n<p>Elaborat a trav\u00e9s d&#8217;un matrimoni harm\u00f2nic dels nostres whiskies de malta i gra m\u00e9s exquisits, madurats fins a un estat de perfecci\u00f3 dins de b\u00f3tes de roure. Aquest whisky, que es distingeix per la seva textura vellutada i la seva naturalesa accessible, revela subtils notes de fruita delicada i una dol\u00e7or de vainilla indulgent.<\/p>\n<\/div>\n<\/div>\n<\/div>\n","protected":false},"featured_media":77541,"comment_status":"open","ping_status":"closed","template":"","meta":{"_acf_changed":false},"product_brand":[],"product_cat":[360,315,454],"product_tag":[],"class_list":{"0":"post-80053","1":"product","2":"type-product","3":"status-publish","4":"has-post-thumbnail","6":"product_cat-whisky-per-marca-ca","7":"product_cat-escocia","8":"product_cat-loch-lomond-ca","10":"first","11":"instock","12":"taxable","13":"shipping-taxable","14":"purchasable","15":"product-type-simple"},"acf":[],"aioseo_notices":[],"jetpack_sharing_enabled":true,"_links":{"self":[{"href":"https:\/\/whisky.ad\/ca\/wp-json\/wp\/v2\/product\/80053","targetHints":{"allow":["GET"]}}],"collection":[{"href":"https:\/\/whisky.ad\/ca\/wp-json\/wp\/v2\/product"}],"about":[{"href":"https:\/\/whisky.ad\/ca\/wp-json\/wp\/v2\/types\/product"}],"replies":[{"embeddable":true,"href":"https:\/\/whisky.ad\/ca\/wp-json\/wp\/v2\/comments?post=80053"}],"wp:featuredmedia":[{"embeddable":true,"href":"https:\/\/whisky.ad\/ca\/wp-json\/wp\/v2\/media\/77541"}],"wp:attachment":[{"href":"https:\/\/whisky.ad\/ca\/wp-json\/wp\/v2\/media?parent=80053"}],"wp:term":[{"taxonomy":"product_brand","embeddable":true,"href":"https:\/\/whisky.ad\/ca\/wp-json\/wp\/v2\/product_brand?post=80053"},{"taxonomy":"product_cat","embeddable":true,"href":"https:\/\/whisky.ad\/ca\/wp-json\/wp\/v2\/product_cat?post=80053"},{"taxonomy":"product_tag","embeddable":true,"href":"https:\/\/whisky.ad\/ca\/wp-json\/wp\/v2\/product_tag?post=80053"}],"curies":[{"name":"wp","href":"https:\/\/api.w.org\/{rel}","templated":true}]}}