{"id":79989,"date":"2023-11-15T15:40:26","date_gmt":"2023-11-15T14:40:26","guid":{"rendered":"https:\/\/whisky.ad\/product\/loch-lomond-original-single-malt-whisky-0-7l-40\/"},"modified":"2023-11-15T15:40:26","modified_gmt":"2023-11-15T14:40:26","slug":"loch-lomond-original-single-malt-whisky-0-7l-40","status":"publish","type":"product","link":"https:\/\/whisky.ad\/ca\/producte\/loch-lomond-original-single-malt-whisky-0-7l-40\/","title":{"rendered":"Loch Lomond Original Single Malt Whisky 0.7l 40%"},"content":{"rendered":"","protected":false},"excerpt":{"rendered":"<p>Loch Lomond Original \u00e9s un whisky escoc\u00e8s de malta excepcionalment suau, amb cos i f\u00e0cil de beure. Envellit en les nostres millors b\u00f3tes de roure, aquest whisky ofereix un esclat de notes dolces de mel i c\u00edtrics amb un suau toc de fum al final. <\/p>\n","protected":false},"featured_media":77646,"comment_status":"open","ping_status":"closed","template":"","meta":{"_acf_changed":false},"product_brand":[],"product_cat":[360,315,454],"product_tag":[],"class_list":{"0":"post-79989","1":"product","2":"type-product","3":"status-publish","4":"has-post-thumbnail","6":"product_cat-whisky-per-marca-ca","7":"product_cat-escocia","8":"product_cat-loch-lomond-ca","10":"first","11":"instock","12":"taxable","13":"shipping-taxable","14":"purchasable","15":"product-type-simple"},"acf":[],"aioseo_notices":[],"jetpack_sharing_enabled":true,"_links":{"self":[{"href":"https:\/\/whisky.ad\/ca\/wp-json\/wp\/v2\/product\/79989","targetHints":{"allow":["GET"]}}],"collection":[{"href":"https:\/\/whisky.ad\/ca\/wp-json\/wp\/v2\/product"}],"about":[{"href":"https:\/\/whisky.ad\/ca\/wp-json\/wp\/v2\/types\/product"}],"replies":[{"embeddable":true,"href":"https:\/\/whisky.ad\/ca\/wp-json\/wp\/v2\/comments?post=79989"}],"wp:featuredmedia":[{"embeddable":true,"href":"https:\/\/whisky.ad\/ca\/wp-json\/wp\/v2\/media\/77646"}],"wp:attachment":[{"href":"https:\/\/whisky.ad\/ca\/wp-json\/wp\/v2\/media?parent=79989"}],"wp:term":[{"taxonomy":"product_brand","embeddable":true,"href":"https:\/\/whisky.ad\/ca\/wp-json\/wp\/v2\/product_brand?post=79989"},{"taxonomy":"product_cat","embeddable":true,"href":"https:\/\/whisky.ad\/ca\/wp-json\/wp\/v2\/product_cat?post=79989"},{"taxonomy":"product_tag","embeddable":true,"href":"https:\/\/whisky.ad\/ca\/wp-json\/wp\/v2\/product_tag?post=79989"}],"curies":[{"name":"wp","href":"https:\/\/api.w.org\/{rel}","templated":true}]}}