{"id":79984,"date":"2023-11-23T15:10:11","date_gmt":"2023-11-23T14:10:11","guid":{"rendered":"https:\/\/whisky.ad\/product\/bladnoch-single-malt-alinta-47-0-7l\/"},"modified":"2023-11-23T15:10:11","modified_gmt":"2023-11-23T14:10:11","slug":"bladnoch-single-malt-alinta-47-0-7l","status":"publish","type":"product","link":"https:\/\/whisky.ad\/ca\/producte\/bladnoch-single-malt-alinta-47-0-7l\/","title":{"rendered":"Bladnoch Single Malt Alinta 47% 0.7l"},"content":{"rendered":"","protected":false},"excerpt":{"rendered":"<p><strong>Bladnoch Single Malt Alinta 47% 0.7l. , PX Sherry and Bourbon Casks<\/strong><\/p>\n<p>Bladnoch \u00e9s la destil\u00b7leria de whisky escoc\u00e8s de propietat privada m\u00e9s antiga del m\u00f3n, el seu llegat encara flueix a la perfecci\u00f3 des de 1817.<\/p>\n<p>La rica her\u00e8ncia de Bladnoch t\u00e9 els seus or\u00edgens en John i Thomas McClelland, als quals se&#8217;ls va concedir l&#8217;estimada llic\u00e8ncia per destil\u00b7lar whisky a la seva granja Bladnoch a les terres baixes d&#8217;Esc\u00f2cia. Durant gaireb\u00e9 un segle, les successives generacions de McClelland van nodrir i modernitzar la destil\u00b7leria. En el seu zenit, el lloc va presumir de sis rentats i una producci\u00f3 anual d&#8217;aproximadament 230.000 litres d&#8217;alcohol, consolidant la seva estatura com la &#8220;Reina de les terres baixes&#8221;.<\/p>\n<p><strong>NICK SAVAGE<\/strong> <em>EL MASTER DISTILLER<\/em> El Dr. Nick Savage va assumir el paper de Master Distiller a Bladnoch Distillery el 2019, arribant de The Macallan amb un bagatge impressionant. Despr\u00e9s d&#8217;haver passat quatre anys a Austr\u00e0lia completant el seu doctorat, Nick mant\u00e9 una profunda connexi\u00f3 amb les arrels escoceses i australianes de Bladnoch Distillery. Al llarg de la seva carrera, la recerca inflexible de la perfecci\u00f3 de Nick l&#8217;ha posicionat com una llumin\u00e0ria de la ind\u00fastria, assegurant l&#8217;excel\u00b7l\u00e8ncia cont\u00ednua dels Single Malts de Bladnoch. &#8220;El comprom\u00eds inquebrantable de l&#8217;equip de Bladnoch amb una qualitat inigualable \u00e9s el que em fa incre\u00efblement emocionat de contribuir al futur extraordinari de Bladnoch Distillery&#8221;.<\/p>\n<div class=\"flex flex-grow flex-col max-w-full gap-3 gizmo:gap-0\">\n<div class=\"min-h-[20px] text-message flex flex-col items-start gap-3 whitespace-pre-wrap break-words [.text-message+&amp;]:mt-5 overflow-x-auto\" data-message-author-role=\"assistant\" data-message-id=\"d22a31dd-673f-4d90-989c-79b2c5d75278\">\n<div class=\"markdown prose w-full break-words dark:prose-invert dark\">\n<p>&#8216;Alinta&#8217;, que pren les seves arrels de les lleng\u00fces ind\u00edgenes australianes que representen &#8216;foc&#8217; i &#8216;flames&#8217;, encapsula l&#8217;ess\u00e8ncia de Campfire Embers a cada glop. Aquesta expressi\u00f3 distintiva combina PX Sherry i b\u00f3tes ex-bourbon amb un esperit de torba deliciosament dol\u00e7 i fumat, marcant Alinta com una sortida \u00fanica dels llan\u00e7aments anteriors de Bladnoch. Viu el viatge a trav\u00e9s de:<\/p>\n<p><strong>NOTA DE TAST<\/strong><\/p>\n<ul>\n<li>Foguera, floral, dol\u00e7or<\/li>\n<\/ul>\n<p><strong>COLOR<\/strong><\/p>\n<ul>\n<li>Matisos de coure resplendents<\/li>\n<\/ul>\n<p><strong>NAS<\/strong><\/p>\n<ul>\n<li>Aromes que recorden el gelat fumat, delicats tons florals i la dol\u00e7or del roure<\/li>\n<\/ul>\n<p><strong>PALDAR<\/strong><\/p>\n<ul>\n<li>Desvetlla sabors de fum de foguera, complementats amb ametlles, panses, tot embolicat amb un cos de xocolata blanca<\/li>\n<\/ul>\n<p><strong>ACABAR<\/strong><\/p>\n<ul>\n<li>Un final persistent i perdurable caracteritzat per un delici\u00f3s fum dol\u00e7<\/li>\n<\/ul>\n<\/div>\n<\/div>\n<\/div>\n<div class=\"flex justify-between empty:hidden gizmo:mt-1 gizmo:justify-start gizmo:gap-3 lg:block gizmo:lg:flex\">\n<div class=\"text-gray-400 flex self-end lg:self-center justify-center gizmo:lg:justify-start mt-2 gizmo:mt-0 visible gap-1\"><\/div>\n<\/div>\n","protected":false},"featured_media":77736,"comment_status":"open","ping_status":"closed","template":"","meta":{"_acf_changed":false},"product_brand":[],"product_cat":[628,316,315],"product_tag":[],"class_list":{"0":"post-79984","1":"product","2":"type-product","3":"status-publish","4":"has-post-thumbnail","6":"product_cat-lowland-ca","7":"product_cat-bladnoch-ca","8":"product_cat-escocia","10":"first","11":"instock","12":"purchasable","13":"product-type-simple"},"acf":[],"aioseo_notices":[],"jetpack_sharing_enabled":true,"_links":{"self":[{"href":"https:\/\/whisky.ad\/ca\/wp-json\/wp\/v2\/product\/79984","targetHints":{"allow":["GET"]}}],"collection":[{"href":"https:\/\/whisky.ad\/ca\/wp-json\/wp\/v2\/product"}],"about":[{"href":"https:\/\/whisky.ad\/ca\/wp-json\/wp\/v2\/types\/product"}],"replies":[{"embeddable":true,"href":"https:\/\/whisky.ad\/ca\/wp-json\/wp\/v2\/comments?post=79984"}],"wp:featuredmedia":[{"embeddable":true,"href":"https:\/\/whisky.ad\/ca\/wp-json\/wp\/v2\/media\/77736"}],"wp:attachment":[{"href":"https:\/\/whisky.ad\/ca\/wp-json\/wp\/v2\/media?parent=79984"}],"wp:term":[{"taxonomy":"product_brand","embeddable":true,"href":"https:\/\/whisky.ad\/ca\/wp-json\/wp\/v2\/product_brand?post=79984"},{"taxonomy":"product_cat","embeddable":true,"href":"https:\/\/whisky.ad\/ca\/wp-json\/wp\/v2\/product_cat?post=79984"},{"taxonomy":"product_tag","embeddable":true,"href":"https:\/\/whisky.ad\/ca\/wp-json\/wp\/v2\/product_tag?post=79984"}],"curies":[{"name":"wp","href":"https:\/\/api.w.org\/{rel}","templated":true}]}}