{"id":79959,"date":"2023-08-28T15:55:57","date_gmt":"2023-08-28T14:55:57","guid":{"rendered":"https:\/\/whisky.ad\/product\/paul-john-nirvana-single-malt-40-0-7l\/"},"modified":"2023-08-28T15:55:57","modified_gmt":"2023-08-28T14:55:57","slug":"paul-john-nirvana-single-malt-40-0-7l","status":"publish","type":"product","link":"https:\/\/whisky.ad\/ca\/producte\/paul-john-nirvana-single-malt-40-0-7l\/","title":{"rendered":"Paul John Nirvana Single Malt 40% 0.7l"},"content":{"rendered":"","protected":false},"excerpt":{"rendered":"<p>NIRVANA INDIAN SINGLE MALT WHISKY #PaulJohnNirvana<\/p>\n<p>Alcohol per volum: 40% Procedent de la captivadora costa de Goan de l&#8217;\u00cdndia, el Nirvana desplega el seu atractiu a trav\u00e9s d&#8217;una suau infusi\u00f3 de bourbon, l&#8217;ess\u00e8ncia de past\u00eds de fruites i l&#8217;aroma seductora del bud\u00edn de caramel. Una tendra dol\u00e7or de bresca engalana el paladar, acompanyada d&#8217;un toc d&#8217;ordi tenyit de sal, mentre que les suculentes notes de vainilla anuncien la conclusi\u00f3 besada de mel d&#8217;aquest opulent whisky de color coure, oferint una experi\u00e8ncia que transcendeix els l\u00edmits terrestres. Aroma: una amalgamaci\u00f3 seductora de bourbon amb infusi\u00f3 de bresca, past\u00eds de fruites decadents i un toc delicat de p\u00fading de caramel seductor. Sabor: Una abra\u00e7ada encantadora de mel suau complementada amb un subtil rastre d&#8217;ordi petonat de sal; una sensaci\u00f3 en boca excepcional acompanyada de la dol\u00e7or vellutada de la bresca. Final: Exquisidament perdurable i ric en sabor, ja que la mel dissolta s&#8217;entrella\u00e7a amb l&#8217;ordi i la suculenta vainilla, creant un crescendo de plaer. Harmonia: una dansa jubilosa de l&#8217;ordi, intrincadament entrella\u00e7ada amb l&#8217;excel\u00b7l\u00e8ncia del roure d&#8217;alta qualitat, que ofereix un toc d&#8217;aut\u00e8ntica del\u00edcia de Goan. Color: coure profund.<\/p>\n","protected":false},"featured_media":77349,"comment_status":"open","ping_status":"closed","template":"","meta":{"_acf_changed":false},"product_brand":[],"product_cat":[531,469],"product_tag":[],"class_list":{"0":"post-79959","1":"product","2":"type-product","3":"status-publish","4":"has-post-thumbnail","6":"product_cat-india-ca","7":"product_cat-paul-john-ca","9":"first","10":"instock","11":"taxable","12":"shipping-taxable","13":"purchasable","14":"product-type-simple"},"acf":[],"aioseo_notices":[],"jetpack_sharing_enabled":true,"_links":{"self":[{"href":"https:\/\/whisky.ad\/ca\/wp-json\/wp\/v2\/product\/79959","targetHints":{"allow":["GET"]}}],"collection":[{"href":"https:\/\/whisky.ad\/ca\/wp-json\/wp\/v2\/product"}],"about":[{"href":"https:\/\/whisky.ad\/ca\/wp-json\/wp\/v2\/types\/product"}],"replies":[{"embeddable":true,"href":"https:\/\/whisky.ad\/ca\/wp-json\/wp\/v2\/comments?post=79959"}],"wp:featuredmedia":[{"embeddable":true,"href":"https:\/\/whisky.ad\/ca\/wp-json\/wp\/v2\/media\/77349"}],"wp:attachment":[{"href":"https:\/\/whisky.ad\/ca\/wp-json\/wp\/v2\/media?parent=79959"}],"wp:term":[{"taxonomy":"product_brand","embeddable":true,"href":"https:\/\/whisky.ad\/ca\/wp-json\/wp\/v2\/product_brand?post=79959"},{"taxonomy":"product_cat","embeddable":true,"href":"https:\/\/whisky.ad\/ca\/wp-json\/wp\/v2\/product_cat?post=79959"},{"taxonomy":"product_tag","embeddable":true,"href":"https:\/\/whisky.ad\/ca\/wp-json\/wp\/v2\/product_tag?post=79959"}],"curies":[{"name":"wp","href":"https:\/\/api.w.org\/{rel}","templated":true}]}}