{"id":79954,"date":"2023-12-27T16:06:53","date_gmt":"2023-12-27T15:06:53","guid":{"rendered":"https:\/\/whisky.ad\/product\/jules-gautret-pineau-blanc\/"},"modified":"2023-12-27T16:06:53","modified_gmt":"2023-12-27T15:06:53","slug":"jules-gautret-pineau-blanc","status":"publish","type":"product","link":"https:\/\/whisky.ad\/ca\/producte\/jules-gautret-pineau-blanc\/","title":{"rendered":"Jules Gautret Pineau Blanc"},"content":{"rendered":"","protected":false},"excerpt":{"rendered":"<p>Jules Gautret Pineau Blanc de Charentes \u00e9s un vi blanc dol\u00e7 envellit i fortificat en b\u00f3tes de roure de Llemos\u00ed. Equilibrat i robust, \u00e9s agradable servit fred com a aperitiu o acompanyat de postres. Nota de tast: Aspecte: bonic to ataronjat cobri. Nas: aromes subtils de fruites xaroposes com pr\u00e9ssecs, peres, albercocs i prunes. Boca: una barreja de fruites blanques i altres sabors deliciosos. Harmonia general: aquest pineau potent i ben equilibrat \u00e9s refrescant per\u00f2 afruitat, deixant un llarg final arom\u00e0tic.<\/p>\n","protected":false},"featured_media":79949,"comment_status":"open","ping_status":"closed","template":"","meta":{"_acf_changed":false},"product_brand":[],"product_cat":[558,344],"product_tag":[],"class_list":{"0":"post-79954","1":"product","2":"type-product","3":"status-publish","4":"has-post-thumbnail","6":"product_cat-charentes-ca","7":"product_cat-cognac-armagnac-brandy-ca-2","9":"first","10":"instock","11":"taxable","12":"shipping-taxable","13":"product-type-simple"},"acf":[],"aioseo_notices":[],"jetpack_sharing_enabled":true,"_links":{"self":[{"href":"https:\/\/whisky.ad\/ca\/wp-json\/wp\/v2\/product\/79954","targetHints":{"allow":["GET"]}}],"collection":[{"href":"https:\/\/whisky.ad\/ca\/wp-json\/wp\/v2\/product"}],"about":[{"href":"https:\/\/whisky.ad\/ca\/wp-json\/wp\/v2\/types\/product"}],"replies":[{"embeddable":true,"href":"https:\/\/whisky.ad\/ca\/wp-json\/wp\/v2\/comments?post=79954"}],"wp:featuredmedia":[{"embeddable":true,"href":"https:\/\/whisky.ad\/ca\/wp-json\/wp\/v2\/media\/79949"}],"wp:attachment":[{"href":"https:\/\/whisky.ad\/ca\/wp-json\/wp\/v2\/media?parent=79954"}],"wp:term":[{"taxonomy":"product_brand","embeddable":true,"href":"https:\/\/whisky.ad\/ca\/wp-json\/wp\/v2\/product_brand?post=79954"},{"taxonomy":"product_cat","embeddable":true,"href":"https:\/\/whisky.ad\/ca\/wp-json\/wp\/v2\/product_cat?post=79954"},{"taxonomy":"product_tag","embeddable":true,"href":"https:\/\/whisky.ad\/ca\/wp-json\/wp\/v2\/product_tag?post=79954"}],"curies":[{"name":"wp","href":"https:\/\/api.w.org\/{rel}","templated":true}]}}