{"id":79932,"date":"2023-12-27T11:27:55","date_gmt":"2023-12-27T10:27:55","guid":{"rendered":"https:\/\/whisky.ad\/product\/jules-gautret-pineau-rouge\/"},"modified":"2023-12-27T11:27:55","modified_gmt":"2023-12-27T10:27:55","slug":"jules-gautret-pineau-rouge","status":"publish","type":"product","link":"https:\/\/whisky.ad\/ca\/producte\/jules-gautret-pineau-rouge\/","title":{"rendered":"Jules Gautret Pineau Rouge"},"content":{"rendered":"","protected":false},"excerpt":{"rendered":"<p>Jules Gautret Pineau Rouge de Charentes \u00e9s un vi negre dol\u00e7 fortificat envellit en b\u00f3tes de roure de Llemos\u00ed. Potent i equilibrat, \u00e9s agradable quan se serveix fred com a aperitiu, per\u00f2 tamb\u00e9 marida excel\u00b7lentment amb les postres. Nota de tast: Aspecte: Preci\u00f3s color rob\u00ed. Nas: subtils aromes de fruites madures, cireres negres i groselles vermelles. Boca: Esclatant amb una barreja de fruits vermells i altres sabors deliciosos. Harmonia general: aquest pineau robust i afinat \u00e9s refrescant i afruitat amb un final arom\u00e0tic persistent.<\/p>\n","protected":false},"featured_media":79937,"comment_status":"open","ping_status":"closed","template":"","meta":{"_acf_changed":false},"product_brand":[],"product_cat":[558,344],"product_tag":[],"class_list":{"0":"post-79932","1":"product","2":"type-product","3":"status-publish","4":"has-post-thumbnail","6":"product_cat-charentes-ca","7":"product_cat-cognac-armagnac-brandy-ca-2","9":"first","10":"instock","11":"taxable","12":"shipping-taxable","13":"product-type-simple"},"acf":[],"aioseo_notices":[],"jetpack_sharing_enabled":true,"_links":{"self":[{"href":"https:\/\/whisky.ad\/ca\/wp-json\/wp\/v2\/product\/79932","targetHints":{"allow":["GET"]}}],"collection":[{"href":"https:\/\/whisky.ad\/ca\/wp-json\/wp\/v2\/product"}],"about":[{"href":"https:\/\/whisky.ad\/ca\/wp-json\/wp\/v2\/types\/product"}],"replies":[{"embeddable":true,"href":"https:\/\/whisky.ad\/ca\/wp-json\/wp\/v2\/comments?post=79932"}],"wp:featuredmedia":[{"embeddable":true,"href":"https:\/\/whisky.ad\/ca\/wp-json\/wp\/v2\/media\/79937"}],"wp:attachment":[{"href":"https:\/\/whisky.ad\/ca\/wp-json\/wp\/v2\/media?parent=79932"}],"wp:term":[{"taxonomy":"product_brand","embeddable":true,"href":"https:\/\/whisky.ad\/ca\/wp-json\/wp\/v2\/product_brand?post=79932"},{"taxonomy":"product_cat","embeddable":true,"href":"https:\/\/whisky.ad\/ca\/wp-json\/wp\/v2\/product_cat?post=79932"},{"taxonomy":"product_tag","embeddable":true,"href":"https:\/\/whisky.ad\/ca\/wp-json\/wp\/v2\/product_tag?post=79932"}],"curies":[{"name":"wp","href":"https:\/\/api.w.org\/{rel}","templated":true}]}}