{"id":79927,"date":"2023-12-27T11:21:47","date_gmt":"2023-12-27T10:21:47","guid":{"rendered":"https:\/\/whisky.ad\/product\/jules-gautret-pineau-vieux-des-charentes\/"},"modified":"2023-12-27T11:21:47","modified_gmt":"2023-12-27T10:21:47","slug":"jules-gautret-pineau-vieux-des-charentes","status":"publish","type":"product","link":"https:\/\/whisky.ad\/ca\/producte\/jules-gautret-pineau-vieux-des-charentes\/","title":{"rendered":"Jules Gautret Pineau Vieux des Charentes"},"content":{"rendered":"","protected":false},"excerpt":{"rendered":"<p>&nbsp;<\/p>\n<p>&#8220;Jules Gautret Pineau Vieux de Charentes \u00e9s un vi blanc dol\u00e7 fort envellit durant 5 anys en b\u00f3tes de roure de Llemos\u00ed. Nota de tast: Aspecte: Presenta una tonalitat courinada que recorda al cognac. Nas: Exhibeix tocs de fruits secs i ranci que evoquen el tabac. aromes. Boca: sabors deliciosos de pruna i melmelada d&#8217;albercoc amb un postgust seductor, llarg i picant. Harmonia general: aquest pineau \u00e9s un vi amb cos i molt expressiu.&#8221; Hi ha alguna cosa concreta que t&#8217;agradaria saber al respecte o algun altre detall que t&#8217;interessi?<\/p>\n","protected":false},"featured_media":79945,"comment_status":"open","ping_status":"closed","template":"","meta":{"_acf_changed":false},"product_brand":[],"product_cat":[558,344],"product_tag":[],"class_list":{"0":"post-79927","1":"product","2":"type-product","3":"status-publish","4":"has-post-thumbnail","6":"product_cat-charentes-ca","7":"product_cat-cognac-armagnac-brandy-ca-2","9":"first","10":"instock","11":"taxable","12":"shipping-taxable","13":"product-type-simple"},"acf":[],"aioseo_notices":[],"jetpack_sharing_enabled":true,"_links":{"self":[{"href":"https:\/\/whisky.ad\/ca\/wp-json\/wp\/v2\/product\/79927","targetHints":{"allow":["GET"]}}],"collection":[{"href":"https:\/\/whisky.ad\/ca\/wp-json\/wp\/v2\/product"}],"about":[{"href":"https:\/\/whisky.ad\/ca\/wp-json\/wp\/v2\/types\/product"}],"replies":[{"embeddable":true,"href":"https:\/\/whisky.ad\/ca\/wp-json\/wp\/v2\/comments?post=79927"}],"wp:featuredmedia":[{"embeddable":true,"href":"https:\/\/whisky.ad\/ca\/wp-json\/wp\/v2\/media\/79945"}],"wp:attachment":[{"href":"https:\/\/whisky.ad\/ca\/wp-json\/wp\/v2\/media?parent=79927"}],"wp:term":[{"taxonomy":"product_brand","embeddable":true,"href":"https:\/\/whisky.ad\/ca\/wp-json\/wp\/v2\/product_brand?post=79927"},{"taxonomy":"product_cat","embeddable":true,"href":"https:\/\/whisky.ad\/ca\/wp-json\/wp\/v2\/product_cat?post=79927"},{"taxonomy":"product_tag","embeddable":true,"href":"https:\/\/whisky.ad\/ca\/wp-json\/wp\/v2\/product_tag?post=79927"}],"curies":[{"name":"wp","href":"https:\/\/api.w.org\/{rel}","templated":true}]}}